{"id":3749,"date":"2020-09-29T13:43:33","date_gmt":"2020-09-29T11:43:33","guid":{"rendered":"https:\/\/galicianparts.com\/shop\/producto\/46473803-filtro-de-combustible-fiat-punto-diesel-1997-1999-original\/"},"modified":"2022-12-29T17:51:44","modified_gmt":"2022-12-29T15:51:44","slug":"46473803-filtro-de-combustible-fiat-punto-diesel-1997-1999-original","status":"publish","type":"product","link":"https:\/\/galicianparts.com\/shop\/producto\/46473803-filtro-de-combustible-fiat-punto-diesel-1997-1999-original\/","title":{"rendered":"46473803 Filtro combustible Fiat Punto \/ Seat Altea \/ Le\u00f3n \/ Toledo ORIGINAL"},"content":{"rendered":"<p>Filtro de gasoil de:<br \/>\nFIAT Punto I (176)<br \/>\n1.7 TD, A\u00f1o 09.1996 &#8211; 09.1999, 1698 , 63<br \/>\n1.7 TD, A\u00f1o 01.1994 &#8211; 09.1999, 1698 , 69<br \/>\n1.7 TD, A\u00f1o 01.1994 &#8211; 09.1999, 1698 , 71<br \/>\nSEAT Altea (5P1)<br \/>\n1.6 TDI, A\u00f1o 11.2010 &#8211; &#8230;, 1598 , 90<br \/>\n1.6 TDI, A\u00f1o 10.2009 &#8211; &#8230;, 1598 , 105<br \/>\nSEAT Altea XL (5P5, 5P8)<br \/>\n1.6 TDI, A\u00f1o 11.2010 &#8211; &#8230;, 1598 , 90<br \/>\n1.6 TDI, A\u00f1o 10.2009 &#8211; &#8230;, 1598 , 105<br \/>\n2.0 TDI 16V 4&#215;4, A\u00f1o 10.2010 &#8211; &#8230;, 1968 , 140<br \/>\nSEAT Leon I Hatchback (1M1)<br \/>\n1.9 SDI, A\u00f1o 11.1999 &#8211; 06.2006, 1896 , 68<br \/>\n1.9 TDI, A\u00f1o 11.1999 &#8211; 06.2006, 1896 , 90<br \/>\n1.9 TDI, A\u00f1o 10.2005 &#8211; 06.2006, 1896 , 100<br \/>\n1.9 TDI, A\u00f1o 11.1999 &#8211; 06.2006, 1896 , 110<br \/>\n1.9 TDI, A\u00f1o 05.2003 &#8211; 06.2006, 1896 , 130<br \/>\n1.9 TDI, A\u00f1o 09.2000 &#8211; 06.2006, 1896 , 150<br \/>\nSEAT Leon II Hatchback (1P1)<br \/>\n1.6 TDI, A\u00f1o 11.2010 &#8211; 12.2012, 1598 , 90<br \/>\n1.6 TDI, A\u00f1o 03.2010 &#8211; 12.2012, 1598 , 105<br \/>\n1.9 TDI, A\u00f1o 06.2007 &#8211; 12.2010, 1896 , 90<br \/>\n2.0 TDI, A\u00f1o 10.2005 &#8211; 10.2010, 1968 , 140<br \/>\n2.0 TDI, A\u00f1o 05.2006 &#8211; 12.2012, 1968 , 170<br \/>\nSEAT Toledo II Berlina (1M2)<br \/>\n1.9 TDI, A\u00f1o 03.1999 &#8211; 07.2004, 1896 , 90<br \/>\n1.9 TDI, A\u00f1o 10.1998 &#8211; 07.2004, 1896 , 110<br \/>\n1.9 TDI, A\u00f1o 05.2003 &#8211; 05.2006, 1896 , 130<br \/>\n1.9 TDI, A\u00f1o 10.2000 &#8211; 07.2004, 1896 , 150<br \/>\nSEAT Toledo III (5P2)<br \/>\n1.9 TDI, A\u00f1o 10.2004 &#8211; 05.2009, 1896 , 105<br \/>\n2.0 TDI, A\u00f1o 09.2004 &#8211; 05.2009, 1968 , 136<br \/>\n2.0 TDI 16V, A\u00f1o 04.2004 &#8211; 05.2009, 1968 , 140<\/p>\n<p>LA PIEZA ES NUEVA Y ORIGINAL BOSCH.<\/p>\n","protected":false},"excerpt":{"rendered":"<p>Filtro de gasoil de: FIAT Punto I (176) 1.7 TD, A\u00f1o 09.1996 &#8211; 09.1999, 1698 , 63 1.7 TD, A\u00f1o 01.1994 &#8211; 09.1999, 1698 , 69 1.7 TD, A\u00f1o 01.1994 &#8211; 09.1999, 1698 , 71 SEAT Altea (5P1) 1.6 TDI, A\u00f1o 11.2010 &#8211; &#8230;, 1598 , 90 1.6 TDI, A\u00f1o 10.2009 &#8211; &#8230;, 1598 , [&hellip;]<\/p>\n","protected":false},"featured_media":60950,"template":"","meta":{"_seopress_robots_primary_cat":"","_seopress_titles_title":"","_seopress_titles_desc":"","_seopress_robots_index":""},"product_cat":[161,20,163,101,26,166],"product_tag":[],"class_list":{"0":"post-3749","1":"product","2":"type-product","3":"status-publish","4":"has-post-thumbnail","6":"product_cat-recambios-seat-altea","7":"product_cat-recambios-fiat","8":"product_cat-recambios-seat-leon","9":"product_cat-recambios-fiat-punto","10":"product_cat-recambios-seat","11":"product_cat-recambios-seat-toledo","13":"first","14":"instock","15":"taxable","16":"shipping-taxable","17":"purchasable","18":"product-type-simple"},"_links":{"self":[{"href":"https:\/\/galicianparts.com\/shop\/wp-json\/wp\/v2\/product\/3749"}],"collection":[{"href":"https:\/\/galicianparts.com\/shop\/wp-json\/wp\/v2\/product"}],"about":[{"href":"https:\/\/galicianparts.com\/shop\/wp-json\/wp\/v2\/types\/product"}],"wp:featuredmedia":[{"embeddable":true,"href":"https:\/\/galicianparts.com\/shop\/wp-json\/wp\/v2\/media\/60950"}],"wp:attachment":[{"href":"https:\/\/galicianparts.com\/shop\/wp-json\/wp\/v2\/media?parent=3749"}],"wp:term":[{"taxonomy":"product_cat","embeddable":true,"href":"https:\/\/galicianparts.com\/shop\/wp-json\/wp\/v2\/product_cat?post=3749"},{"taxonomy":"product_tag","embeddable":true,"href":"https:\/\/galicianparts.com\/shop\/wp-json\/wp\/v2\/product_tag?post=3749"}],"curies":[{"name":"wp","href":"https:\/\/api.w.org\/{rel}","templated":true}]}}