{"id":3750,"date":"2020-09-29T13:43:34","date_gmt":"2020-09-29T11:43:34","guid":{"rendered":"https:\/\/galicianparts.com\/shop\/producto\/1337724080-filtro-de-combustible-fiat-ducato-citroen-jumper-peugeot-boxer-original\/"},"modified":"2024-06-30T20:26:58","modified_gmt":"2024-06-30T18:26:58","slug":"1337724080-filtro-de-combustible-fiat-ducato-citroen-jumper-peugeot-boxer-original","status":"publish","type":"product","link":"https:\/\/galicianparts.com\/shop\/producto\/1337724080-filtro-de-combustible-fiat-ducato-citroen-jumper-peugeot-boxer-original\/","title":{"rendered":"1337724080 Filtro de combustible Fiat Ducato \/Lancia \/Alfa \/Citro\u00ebn \/Peugeot UFI FILTERS"},"content":{"rendered":"<p>Filtro de gasoil UFI FILTERS de:<br \/>\nAltura: 157 mm<br \/>\nDi\u00e1metro: 85 mm<br \/>\nMedida de rosca: 16&#215;1,5<\/p>\n<p>FIAT Ducato II (230L)<br \/>\n2.0 JTD, A\u00f1o 10.2001 &#8211; 04.2002, 1997 ccm, 84 cv<br \/>\n2.8 JTD, A\u00f1o 11.2000 &#8211; 04.2002, 2798 ccm, 128 cv<br \/>\n2.8 JTD 4&#215;4, A\u00f1o 11.2000 &#8211; 04.2002, 2798 ccm, 128 cv<br \/>\n2.8 TD 4&#215;4, A\u00f1o 05.1998 &#8211; 09.2001, 2799 ccm, 122 cv<br \/>\nFIAT Brava Hatchback (182)<br \/>\n1.9 JTD, A\u00f1o 09.2000 &#8211; 10.2001, 1910 ccm, 100 cv<br \/>\nFIAT Bravo I Hatchback (182)<br \/>\n1.9 JTD, A\u00f1o 09.2000 &#8211; 10.2001, 1910 ccm, 100 cv<br \/>\nFIAT Marea (185)<br \/>\n1.9 JTD 110 (185AXT1A), A\u00f1o 09.2000 &#8211; 08.2002, 1910 ccm, 110 cv<br \/>\nFIAT Palio I Weekend (178)<br \/>\n1.9 JTD, A\u00f1o 09.2001 &#8211; &#8230;, 1910 ccm, 80 cv<br \/>\nFIAT Strada Pick-up (178)<br \/>\n1.9 JTD, A\u00f1o 04.2003 &#8211; &#8230;, 1910 ccm, 80 cv<br \/>\nFIAT Doblo I (119, 223)<br \/>\n1.9 JTD, A\u00f1o 10.2001 &#8211; &#8230;, 1910 ccm, 100 cv<br \/>\nFIAT Stilo (192)<br \/>\n1.9 JTD, A\u00f1o 10.2001 &#8211; 11.2006, 1910 ccm, 115 cv<br \/>\n1.9 JTD, A\u00f1o 02.2002 &#8211; 11.2006, 1910 ccm, 80 cv<br \/>\nFIAT Ducato II (244)<br \/>\n2.0 JTD, A\u00f1o 12.2001 &#8211; 07.2006, 1997 ccm, 84 cv<br \/>\n2.3 JTD, A\u00f1o 12.2001 &#8211; 07.2006, 2286 ccm, 110 cv<br \/>\n2.8 JTD, A\u00f1o 12.2001 &#8211; 12.2011, 2798 ccm, 128 cv<br \/>\n2.8 JTD 4&#215;4, A\u00f1o 12.2001 &#8211; 07.2006, 2798 ccm, 128 cv<br \/>\n2.8 TD, A\u00f1o 12.2001 &#8211; 07.2006, 2799 ccm, 122 cv<br \/>\nFIAT Freemont (345)<br \/>\n2.0 JTD, A\u00f1o 08.2011 &#8211; &#8230;, 1956 ccm, 136 cv<br \/>\n2.0 JTD, A\u00f1o 08.2011 &#8211; &#8230;, 1956 ccm, 140 cv<br \/>\n2.0 JTD, A\u00f1o 08.2011 &#8211; &#8230;, 1956 ccm, 163 cv<br \/>\n2.0 JTD, A\u00f1o 08.2011 &#8211; &#8230;, 1956 ccm, 170 cv<br \/>\n2.0 JTD 4&#215;4, A\u00f1o 08.2011 &#8211; &#8230;, 1956 ccm, 163 cv<br \/>\n2.0 JTD 4&#215;4, A\u00f1o 08.2011 &#8211; &#8230;, 1956 ccm, 170 cv<\/p>\n<p>LANCIA Lybra (839)<br \/>\n1.9 JTD (839.AXI1A, 839.AXN1A, 839.CXL1A), A\u00f1o 05.2001 &#8211; 10.2005, 1910 ccm, 116 cv<br \/>\n1.9 JTD, A\u00f1o 09.2000 &#8211; 05.2001, 1910 ccm, 110 cv<br \/>\n2.4 JTD (839.AXE1A), A\u00f1o 05.2002 &#8211; 10.2005, 2387 ccm, 150 cv<br \/>\n2.4 JTD, A\u00f1o 09.2000 &#8211; 05.2002, 2387 ccm, 140 cv<br \/>\nLANCIA Thesis (841)<br \/>\n2.4 JTD (841.AXE1B0, 841.AXH110), A\u00f1o 05.2003 &#8211; 07.2009, 2387 ccm, 175 cv<br \/>\n2.4 JTD, A\u00f1o 07.2002 &#8211; 07.2009, 2387 ccm, 150 cv<br \/>\nLANCIA Voyager (404)<br \/>\n2.8 CRD (RT, 53), A\u00f1o 09.2011 &#8211; 12.2014, 2776 ccm, 163 cv<br \/>\n2.8 CRD (RT, 53), A\u00f1o 08.2013 &#8211; 12.2014, 2776 ccm, 177 cv<br \/>\n2.8 CRD (RT, 53), A\u00f1o 07.2012 &#8211; 12.2014, 2776 ccm, 178 cv<\/p>\n<p>ALFA ROMEO 156 (932)<br \/>\n1.9 JTD (932.A2B00), A\u00f1o 10.2000 &#8211; 05.2001, 1910 ccm, 110 cv<br \/>\n1.9 JTD (932.A2B00, 932.A2C00), A\u00f1o 05.2001 &#8211; 09.2005, 1910 ccm, 115 cv<br \/>\n1.9 JTD (932AXE00), A\u00f1o 11.2002 &#8211; 11.2004, 1910 ccm, 136 cv<br \/>\n1.9 JTD, A\u00f1o 09.1997 &#8211; 10.2000, 1910 ccm, 105 cv<br \/>\n2.4 JTD, A\u00f1o 03.2002 &#8211; 09.2005, 2387 ccm, 150 cv<br \/>\nALFA ROMEO 166 (936)<br \/>\n2.4 JTD (936AXA00, 936A3B00), A\u00f1o 04.2002 &#8211; 06.2007, 2387 ccm, 150 cv<br \/>\nALFA ROMEO 147 (937)<br \/>\n1.9 JTD (937AXD1A, 937BXD1A), A\u00f1o 10.2000 &#8211; 08.2002, 1910 ccm, 110 cv<\/p>\n<p>CITRO\u00cbN Jumper I Furg\u00f3n (230)<br \/>\n2.0 HDI, A\u00f1o 11.2001 &#8211; 04.2002, 1997 ccm, 84 cv<br \/>\n2.8 D, A\u00f1o 01.1999 &#8211; 02.2002, 2798 ccm, 87 cv<br \/>\n2.8 HDi, A\u00f1o 09.2000 &#8211; 04.2002, 2798 ccm, 128 cv<br \/>\n2.8 HDi 4&#215;4, A\u00f1o 09.2000 &#8211; 04.2002, 2798 ccm, 128 cv<br \/>\nCITRO\u00cbN Jumper I Bus (244)<br \/>\n2.0 HDi, A\u00f1o 04.2002 &#8211; &#8230;, 1997 ccm, 84 cv<br \/>\n2.2 HDi, A\u00f1o 04.2002 &#8211; &#8230;, 2179 ccm, 101 cv<br \/>\n2.8 HDi, A\u00f1o 04.2002 &#8211; &#8230;, 2798 ccm, 128 cv<br \/>\n2.8 HDi A las 4 ruedas, A\u00f1o 04.2002 &#8211; &#8230;, 2798 ccm, 128 cv<\/p>\n<p>PEUGEOT Boxer (230)<br \/>\n2.0 HDI, A\u00f1o 08.2001 &#8211; 04.2002, 1997 ccm, 84 cv<br \/>\n2.8 D, A\u00f1o 01.1999 &#8211; 02.2002, 2798 ccm, 87 cv<br \/>\n2.8 DTiC, A\u00f1o 10.1997 &#8211; 09.2000, 2798 ccm, 122 cv<br \/>\n2.8 HDi, A\u00f1o 10.2000 &#8211; 11.2001, 2798 ccm, 126 cv<br \/>\n2.8 HDI, A\u00f1o 11.2000 &#8211; 04.2002, 2798 ccm, 128 cv<br \/>\n2.8 HDi 4&#215;4, A\u00f1o 10.2000 &#8211; 11.2001, 2798 ccm, 126 cv<br \/>\n2.8 HDi 4&#215;4, A\u00f1o 10.2000 &#8211; 04.2002, 2798 ccm, 128 cv<br \/>\nPEUGEOT Boxer (244)<br \/>\n2.0 HDi, A\u00f1o 04.2002 &#8211; &#8230;, 1997 ccm, 84 cv<br \/>\n2.2 HDi, A\u00f1o 12.2001 &#8211; 06.2006, 2179 ccm, 101 cv<br \/>\n2.8 HDi, A\u00f1o 03.2002 &#8211; 08.2005, 2798 ccm, 122 cv<br \/>\n2.8 HDi, A\u00f1o 12.2001 &#8211; 06.2006, 2798 ccm, 128 cv<br \/>\n2.8 HDi 4&#215;4, A\u00f1o 12.2001 &#8211; 06.2006, 2798 ccm, 128 cv<\/p>\n<p>KIA Carens II (FJ)<br \/>\n2.0 CRDi, A\u00f1o 07.2002 &#8211; &#8230;, 1991 ccm, 113 cv<\/p>\n<p>LA PIEZA ES NUEVA UFI FILTERS.<\/p>\n","protected":false},"excerpt":{"rendered":"<p>Filtro de gasoil UFI FILTERS de: Altura: 157 mm Di\u00e1metro: 85 mm Medida de rosca: 16&#215;1,5 FIAT Ducato II (230L) 2.0 JTD, A\u00f1o 10.2001 &#8211; 04.2002, 1997 ccm, 84 cv 2.8 JTD, A\u00f1o 11.2000 &#8211; 04.2002, 2798 ccm, 128 cv 2.8 JTD 4&#215;4, A\u00f1o 11.2000 &#8211; 04.2002, 2798 ccm, 128 cv 2.8 TD 4&#215;4, A\u00f1o [&hellip;]<\/p>\n","protected":false},"featured_media":80115,"template":"","meta":{"_seopress_robots_primary_cat":"","_seopress_titles_title":"","_seopress_titles_desc":"","_seopress_robots_index":""},"product_cat":[44,49,57,16,155,81,82,212,23,87,88,20,191,137,22,21,120,95,98,24,108,109,125,385],"product_tag":[],"class_list":{"0":"post-3750","1":"product","2":"type-product","3":"status-publish","4":"has-post-thumbnail","6":"product_cat-recambios-alfa-romeo-147","7":"product_cat-recambios-alfa-romeo-156","8":"product_cat-recambios-alfa-romeo-166","9":"product_cat-recambios-alfa-romeo","10":"product_cat-recambios-peugeot-boxer","11":"product_cat-recambios-fiat-brava","12":"product_cat-recambios-fiat-bravo","13":"product_cat-recambios-kia-carens","14":"product_cat-recambios-citroen","15":"product_cat-recambios-fiat-doblo","16":"product_cat-recambios-fiat-ducato","17":"product_cat-recambios-fiat","18":"product_cat-recambios-fiat-freemont","19":"product_cat-recambios-citroen-jumper","20":"product_cat-recambios-kia","21":"product_cat-recambios-lancia","22":"product_cat-recambios-lancia-lybra","23":"product_cat-recambios-fiat-marea","24":"product_cat-recambios-fiat-palio","25":"product_cat-recambios-peugeot","26":"product_cat-recambios-fiat-stilo","27":"product_cat-recambios-fiat-strada","28":"product_cat-recambios-lancia-thesis","29":"product_cat-recambios-lancia-voyager","31":"first","32":"outofstock","33":"taxable","34":"shipping-taxable","35":"purchasable","36":"product-type-simple"},"_links":{"self":[{"href":"https:\/\/galicianparts.com\/shop\/wp-json\/wp\/v2\/product\/3750"}],"collection":[{"href":"https:\/\/galicianparts.com\/shop\/wp-json\/wp\/v2\/product"}],"about":[{"href":"https:\/\/galicianparts.com\/shop\/wp-json\/wp\/v2\/types\/product"}],"wp:featuredmedia":[{"embeddable":true,"href":"https:\/\/galicianparts.com\/shop\/wp-json\/wp\/v2\/media\/80115"}],"wp:attachment":[{"href":"https:\/\/galicianparts.com\/shop\/wp-json\/wp\/v2\/media?parent=3750"}],"wp:term":[{"taxonomy":"product_cat","embeddable":true,"href":"https:\/\/galicianparts.com\/shop\/wp-json\/wp\/v2\/product_cat?post=3750"},{"taxonomy":"product_tag","embeddable":true,"href":"https:\/\/galicianparts.com\/shop\/wp-json\/wp\/v2\/product_tag?post=3750"}],"curies":[{"name":"wp","href":"https:\/\/api.w.org\/{rel}","templated":true}]}}