{"id":37640,"date":"2021-12-02T12:46:11","date_gmt":"2021-12-02T10:46:11","guid":{"rendered":"https:\/\/galicianparts.com\/shop\/producto\/4297703-racor-filtro-aceite-fiat-lancia-nuevo-original\/"},"modified":"2022-01-20T11:52:27","modified_gmt":"2022-01-20T09:52:27","slug":"4297703-racor-filtro-aceite-fiat-lancia-nuevo-original","status":"publish","type":"product","link":"https:\/\/galicianparts.com\/shop\/producto\/4297703-racor-filtro-aceite-fiat-lancia-nuevo-original\/","title":{"rendered":"4297703 Racor filtro aceite Fiat \/ Autobianchi A112 Abarth NUEVO ORIGINAL"},"content":{"rendered":"<p>Racor del filtro de aceite de Fiat \/ Autobianchi A112 Abarth<\/p>\n<p>Largo: 68mm<br \/>\nDi\u00e1metro: 19,8mm<br \/>\nM\u00e9trica rosca 1: 20<br \/>\nM\u00e9trica rosca 2: 19<\/p>\n<p>LA PIEZA ES NUEVA Y ORIGINAL.<\/p>\n","protected":false},"excerpt":{"rendered":"<p>Racor del filtro de aceite de Fiat \/ Autobianchi A112 Abarth Largo: 68mm Di\u00e1metro: 19,8mm M\u00e9trica rosca 1: 20 M\u00e9trica rosca 2: 19 LA PIEZA ES NUEVA Y ORIGINAL.<\/p>\n","protected":false},"featured_media":38186,"template":"","meta":{"_seopress_robots_primary_cat":"","_seopress_titles_title":"","_seopress_titles_desc":"","_seopress_robots_index":""},"product_cat":[63,25,20,21],"product_tag":[],"class_list":{"0":"post-37640","1":"product","2":"type-product","3":"status-publish","4":"has-post-thumbnail","6":"product_cat-recambios-autobianchi-a112","7":"product_cat-recambios-autobianchi","8":"product_cat-recambios-fiat","9":"product_cat-recambios-lancia","11":"first","12":"outofstock","13":"taxable","14":"shipping-taxable","15":"purchasable","16":"product-type-simple"},"_links":{"self":[{"href":"https:\/\/galicianparts.com\/shop\/wp-json\/wp\/v2\/product\/37640"}],"collection":[{"href":"https:\/\/galicianparts.com\/shop\/wp-json\/wp\/v2\/product"}],"about":[{"href":"https:\/\/galicianparts.com\/shop\/wp-json\/wp\/v2\/types\/product"}],"wp:featuredmedia":[{"embeddable":true,"href":"https:\/\/galicianparts.com\/shop\/wp-json\/wp\/v2\/media\/38186"}],"wp:attachment":[{"href":"https:\/\/galicianparts.com\/shop\/wp-json\/wp\/v2\/media?parent=37640"}],"wp:term":[{"taxonomy":"product_cat","embeddable":true,"href":"https:\/\/galicianparts.com\/shop\/wp-json\/wp\/v2\/product_cat?post=37640"},{"taxonomy":"product_tag","embeddable":true,"href":"https:\/\/galicianparts.com\/shop\/wp-json\/wp\/v2\/product_tag?post=37640"}],"curies":[{"name":"wp","href":"https:\/\/api.w.org\/{rel}","templated":true}]}}