{"id":37714,"date":"2021-12-03T14:00:23","date_gmt":"2021-12-03T12:00:23","guid":{"rendered":"https:\/\/galicianparts.com\/shop\/producto\/46521170-sonda-lambda-intermotor-16334-fiat-lancia-peugeot-citroen-seat\/"},"modified":"2025-05-06T10:55:30","modified_gmt":"2025-05-06T08:55:30","slug":"46521170-sonda-lambda-intermotor-16334-fiat-lancia-peugeot-citroen-seat","status":"publish","type":"product","link":"https:\/\/galicianparts.com\/shop\/producto\/46521170-sonda-lambda-intermotor-16334-fiat-lancia-peugeot-citroen-seat\/","title":{"rendered":"16333 Sonda lambda Intermotor 16333 Lancia Delta Evo\/ Fiat Uno TB \/Alfa \/Seat \/Kia NUEVA"},"content":{"rendered":"<p>Sonda lambda INTERMOTOR 16333 v\u00e1lida para:<\/p>\n<p>FIAT Croma I Hatchback (154)<br \/>\n2.0 i.e., A\u00f1o 03.1986 &#8211; 09.1990, 1995 ccm, 113 cv<br \/>\n2.0 i.e., A\u00f1o 10.1987 &#8211; 08.1996, 1995 ccm, 116 cv<br \/>\n2.0 i.e. Turbo, A\u00f1o 11.1986 &#8211; 11.1988, 1995 ccm, 151 cv<br \/>\n2.0 i.e. Turbo, A\u00f1o 06.1987 &#8211; 08.1996, 1995 ccm, 150 cv<br \/>\nFIAT Tempra Berlina (159)<br \/>\n1.6 i.e., A\u00f1o 06.1992 &#8211; 08.1996, 1581 ccm, 75 cv<br \/>\n1.8 i.e., A\u00f1o 03.1992 &#8211; 08.1996, 1756 ccm, 105 cv<br \/>\n1.8 i.e., A\u00f1o 03.1990 &#8211; 08.1996, 1756 ccm, 110 cv<br \/>\n2.0 i.e. (159.AP), A\u00f1o 10.1990 &#8211; 09.1996, 1995 ccm, 113 cv<br \/>\nFIAT Tempra S.W. (159)<br \/>\n1.6, A\u00f1o 07.1993 &#8211; 07.1996, 1581 ccm, 69 cv<br \/>\n1.6 i.e., A\u00f1o 10.1992 &#8211; 08.1996, 1581 ccm, 75 cv<br \/>\n1.8 i.e., A\u00f1o 03.1992 &#8211; 12.1993, 1756 ccm, 105 cv<br \/>\n2.0 i.e., A\u00f1o 01.1991 &#8211; 03.1995, 1995 ccm, 113 cv<br \/>\n2.0 i.e. 4&#215;4, A\u00f1o 03.1992 &#8211; 03.1995, 1995 ccm, 113 cv<br \/>\nFIAT Panda I Hatchback (141)<br \/>\n1.0 4&#215;4, A\u00f1o 05.1986 &#8211; 12.1994, 999 ccm, 45 cv<br \/>\n1000 i.e. Cat, A\u00f1o 10.1987 &#8211; 08.1998, 999 ccm, 45 cv<br \/>\n1.1, A\u00f1o 05.1991 &#8211; 12.1999, 1108 ccm, 50 cv<br \/>\n1.1 Trekking 4&#215;4, A\u00f1o 10.1991 &#8211; 07.2004, 1108 ccm, 50 cv<br \/>\nFIAT Tipo Hatchback (160)<br \/>\n1.6, A\u00f1o 03.1988 &#8211; 10.1992, 1581 ccm, 79 cv<br \/>\n2.0 i.e. 16V Sport, A\u00f1o 03.1993 &#8211; 04.1995, 1995 ccm, 139 cv<br \/>\nFIAT Uno Hatchback (146)<br \/>\n1.4 Turbo i.e., A\u00f1o 12.1989 &#8211; 12.1996, 1372 ccm, 118 cv<br \/>\n45 i.e. 1.0 (146E, 146A), A\u00f1o 10.1984 &#8211; 10.1995, 999 ccm, 45 cv<br \/>\n1.1 50, A\u00f1o 01.1990 &#8211; 12.1993, 1108 ccm, 50 cv<br \/>\nFIAT Coupe (175)<br \/>\n2.0 16V, A\u00f1o 11.1993 &#8211; 08.1996, 1995 ccm, 139 cv<br \/>\n2.0 16V Turbo, A\u00f1o 11.1993 &#8211; 08.1996, 1995 ccm, 190 cv<br \/>\nFIAT Fiorino II Pick-up (146)<br \/>\n1.4, A\u00f1o 05.1994 &#8211; 05.2001, 1372 ccm, 67 cv<\/p>\n<p>ALFA ROMEO 155 (167)<br \/>\n2.0 16V Turbo Q4, A\u00f1o 01.1992 &#8211; 12.1997, 1995 ccm, 186 cv<br \/>\nALFA ROMEO 164 (164)<br \/>\n2.0 Twin Spark (164.A2C, 164.A2L, 164A2H), A\u00f1o 06.1987 &#8211; 08.1992, 1962 ccm, 143 cv<br \/>\n3.0 V6, A\u00f1o 06.1987 &#8211; 09.1992, 2959 ccm, 184 cv<br \/>\nALFA ROMEO Spider (115)<br \/>\n2000 (115680, 115681), A\u00f1o 08.1986 &#8211; 12.1990, 1962 ccm, 116 cv<br \/>\n2000 (115A1A), A\u00f1o 01.1990 &#8211; 12.1993, 1962 ccm, 120 cv<br \/>\nALFA ROMEO 33 Hatchback (907A)<br \/>\n1.4 i.e., A\u00f1o 06.1991 &#8211; 09.1994, 1351 ccm, 88 cv<br \/>\n1.7 i.e., A\u00f1o 01.1990 &#8211; 09.1994, 1712 ccm, 107 cv<br \/>\nALFA ROMEO 33 Sportwagon (907B)<br \/>\n1.4 i.e. (907B3B), A\u00f1o 06.1991 &#8211; 09.1994, 1351 ccm, 88 cv<br \/>\nALFA ROMEO 75 (162B)<br \/>\n1.6 Cat (162.B2B, 162.B2C), A\u00f1o 05.1989 &#8211; 02.1992, 1567 ccm, 110 cv<br \/>\n2.5 V6 (162.B3), A\u00f1o 05.1985 &#8211; 08.1986, 2492 ccm, 150 cv<br \/>\nALFA ROMEO 90 (162)<br \/>\n2.5 i.e. V6, A\u00f1o 10.1984 &#8211; 07.1987, 2492 ccm, 150 cv<\/p>\n<p>LANCIA Dedra Berlina (835)<br \/>\n1.6 i.e., A\u00f1o 08.1989 &#8211; 03.1993, 1581 ccm, 78 cv<br \/>\n1.8 i.e., A\u00f1o 09.1989 &#8211; 07.1999, 1756 ccm, 105 cv<br \/>\n2.0 HF Integrale, A\u00f1o 11.1990 &#8211; 07.1994, 1995 ccm, 169 cv<br \/>\n2.0 i.e., A\u00f1o 09.1989 &#8211; 07.1999, 1995 ccm, 113 cv<br \/>\n2.0 i.e. Turbo, A\u00f1o 04.1991 &#8211; 07.1999, 1995 ccm, 162 cv<br \/>\nLANCIA Delta I (831)<br \/>\n2.0 16V HF Evo Integrale, A\u00f1o 06.1993 &#8211; 01.1994, 1995 ccm, 211 cv<br \/>\n2.0 16V HF Integrale, A\u00f1o 03.1989 &#8211; 09.1991, 1995 ccm, 196 cv<br \/>\nLANCIA Thema Berlina (834)<br \/>\n2.0 16V Turbo, A\u00f1o 10.1992 &#8211; 07.1994, 1995 ccm, 201 cv<br \/>\n2000 i.e. (834AB), A\u00f1o 03.1986 &#8211; 09.1988, 1995 ccm, 113 cv<br \/>\n2.0 i.e.Turbo, A\u00f1o 07.1986 &#8211; 05.1990, 1995 ccm, 150 cv<br \/>\nLANCIA Thema Familiar (834)<br \/>\n2000 Turbo (834.FA, 834.BV, 834.CV), A\u00f1o 12.1988 &#8211; 03.1992, 1995 ccm, 150 cv<br \/>\nLANCIA Y10 (156)<br \/>\n1.0 Fire Catalytic-Conv (156AE), A\u00f1o 10.1987 &#8211; 02.1992, 999 ccm, 45 cv<\/p>\n<p>HYUNDAI Accent I (X-3)<br \/>\n1.3 i 12V, A\u00f1o 10.1994 &#8211; 01.2000, 1341 ccm, 84 cv<br \/>\n1.5 i 12V, A\u00f1o 10.1994 &#8211; 01.2000, 1495 ccm, 88 cv<br \/>\nHYUNDAI S-Coup\u00e9 (SLC)<br \/>\n1.5 i, A\u00f1o 04.1992 &#8211; 05.1996, 1495 ccm, 88 cv<br \/>\n1.5 i Turbo, A\u00f1o 04.1991 &#8211; 05.1996, 1495 ccm, 116 cv<\/p>\n<p>KIA Sephia I (FA)<br \/>\n1.5 i, A\u00f1o 02.1996 &#8211; 10.1997, 1498 ccm, 80 cv<br \/>\nKIA Sportage I (K00, JA)<br \/>\n2.0 i 16V 4WD, A\u00f1o 04.1994 &#8211; 08.2003, 1998 ccm, 128 cv<br \/>\n2.0 i 4WD, A\u00f1o 04.1994 &#8211; 08.1999, 1998 ccm, 95 cv<br \/>\nKIA Clarus Berlina (K9A)<br \/>\n1.8 i 16V, A\u00f1o 07.1996 &#8211; 08.2001, 1793 ccm, 116 cv<br \/>\n2.0 i 16V, A\u00f1o 07.1996 &#8211; 11.2001, 1998 ccm, 133 cv<br \/>\nKIA Shuma I Hatchback (FB)<br \/>\n1.5 i 16V, A\u00f1o 10.1997 &#8211; 03.2001, 1498 ccm, 88 cv<\/p>\n<p>PEUGEOT 205 Cabrio<br \/>\n1.9 CTi, A\u00f1o 08.1990 &#8211; 07.1992, 1905 ccm, 125 cv<\/p>\n<p>SEAT C\u00f3rdoba I Sed\u00e1n (6K1, 6K2)<br \/>\n1.8 i, A\u00f1o 02.1993 &#8211; 09.2002, 1781 ccm, 90 cv<br \/>\nSEAT Toledo I Hatchback (1L)<br \/>\n1.8 16V, A\u00f1o 05.1991 &#8211; 03.1999, 1781 ccm, 125 cv<br \/>\n2.0 i, A\u00f1o 05.1991 &#8211; 03.1999, 1984 ccm, 115 cv<br \/>\nSEAT Ibiza II (6K1)<br \/>\n1.8 i, A\u00f1o 03.1993 &#8211; 08.1999, 1781 ccm, 90 cv<\/p>\n<p>LA PIEZA ES NUEVA INTERMOTOR<\/p>\n","protected":false},"excerpt":{"rendered":"<p>Sonda lambda INTERMOTOR 16333 v\u00e1lida para: FIAT Croma I Hatchback (154) 2.0 i.e., A\u00f1o 03.1986 &#8211; 09.1990, 1995 ccm, 113 cv 2.0 i.e., A\u00f1o 10.1987 &#8211; 08.1996, 1995 ccm, 116 cv 2.0 i.e. Turbo, A\u00f1o 11.1986 &#8211; 11.1988, 1995 ccm, 151 cv 2.0 i.e. Turbo, A\u00f1o 06.1987 &#8211; 08.1996, 1995 ccm, 150 cv FIAT Tempra [&hellip;]<\/p>\n","protected":false},"featured_media":96155,"template":"","meta":{"_seopress_robots_primary_cat":"","_seopress_titles_title":"","_seopress_titles_desc":"","_seopress_robots_index":""},"product_cat":[48,54,235,43,58,342,282,16,267,210,310,85,86,117,118,20,91,271,162,22,21,99,24,26,202,258,56,217,111,124,112,166,114,126],"product_tag":[],"class_list":{"0":"post-37714","1":"product","2":"type-product","3":"status-publish","4":"has-post-thumbnail","6":"product_cat-recambios-alfa-romeo-155","7":"product_cat-recambios-alfa-romeo-164","8":"product_cat-recambios-peugeot-205","9":"product_cat-recambios-alfa-romeo-33","10":"product_cat-recambios-alfa-romeo-75","11":"product_cat-recambios-alfa-romeo-90","12":"product_cat-recambios-hyundai-accent","13":"product_cat-recambios-alfa-romeo","14":"product_cat-recambios-kia-clarus","15":"product_cat-recambios-seat-cordoba","16":"product_cat-recambios-hyundai-coupe","17":"product_cat-recambios-fiat-coupe","18":"product_cat-recambios-fiat-croma","19":"product_cat-recambios-lancia-dedra","20":"product_cat-recambios-lancia-delta","21":"product_cat-recambios-fiat","22":"product_cat-recambios-fiat-fiorino","23":"product_cat-recambios-hyundai","24":"product_cat-recambios-seat-ibiza","25":"product_cat-recambios-kia","26":"product_cat-recambios-lancia","27":"product_cat-recambios-fiat-panda","28":"product_cat-recambios-peugeot","29":"product_cat-recambios-seat","30":"product_cat-recambios-kia-sephia","31":"product_cat-recambios-kia-shuma","32":"product_cat-recambios-alfa-romeo-spider","33":"product_cat-recambios-kia-sportage","34":"product_cat-recambios-fiat-tempra","35":"product_cat-recambios-lancia-thema","36":"product_cat-recambios-fiat-tipo","37":"product_cat-recambios-seat-toledo","38":"product_cat-recambios-fiat-uno","39":"product_cat-recambios-lancia-y10","41":"first","42":"instock","43":"taxable","44":"shipping-taxable","45":"purchasable","46":"product-type-simple"},"_links":{"self":[{"href":"https:\/\/galicianparts.com\/shop\/wp-json\/wp\/v2\/product\/37714"}],"collection":[{"href":"https:\/\/galicianparts.com\/shop\/wp-json\/wp\/v2\/product"}],"about":[{"href":"https:\/\/galicianparts.com\/shop\/wp-json\/wp\/v2\/types\/product"}],"wp:featuredmedia":[{"embeddable":true,"href":"https:\/\/galicianparts.com\/shop\/wp-json\/wp\/v2\/media\/96155"}],"wp:attachment":[{"href":"https:\/\/galicianparts.com\/shop\/wp-json\/wp\/v2\/media?parent=37714"}],"wp:term":[{"taxonomy":"product_cat","embeddable":true,"href":"https:\/\/galicianparts.com\/shop\/wp-json\/wp\/v2\/product_cat?post=37714"},{"taxonomy":"product_tag","embeddable":true,"href":"https:\/\/galicianparts.com\/shop\/wp-json\/wp\/v2\/product_tag?post=37714"}],"curies":[{"name":"wp","href":"https:\/\/api.w.org\/{rel}","templated":true}]}}