{"id":37819,"date":"2021-12-14T12:54:52","date_gmt":"2021-12-14T10:54:52","guid":{"rendered":"https:\/\/galicianparts.com\/shop\/producto\/2202100-aleron-spoiler-trasero-fiat-punto-3-puertas-1999-2003\/"},"modified":"2021-12-14T14:51:40","modified_gmt":"2021-12-14T12:51:40","slug":"2202100-aleron-spoiler-trasero-fiat-punto-3-puertas-1999-2003","status":"publish","type":"product","link":"https:\/\/galicianparts.com\/shop\/producto\/2202100-aleron-spoiler-trasero-fiat-punto-3-puertas-1999-2003\/","title":{"rendered":"2202100 Aler\u00f3n spoiler trasero Fiat Punto 3 puertas (1999-2003)"},"content":{"rendered":"<p>0201620 Aler\u00f3n, spoiler del port\u00f3n del maletero de FIAT PUNTO 3 PUERTAS (1999-2003).<\/p>\n<p>LA PIEZA ES NUEVA.<\/p>\n","protected":false},"excerpt":{"rendered":"<p>0201620 Aler\u00f3n, spoiler del port\u00f3n del maletero de FIAT PUNTO 3 PUERTAS (1999-2003). LA PIEZA ES NUEVA.<\/p>\n","protected":false},"featured_media":37820,"template":"","meta":{"_seopress_robots_primary_cat":"","_seopress_titles_title":"","_seopress_titles_desc":"","_seopress_robots_index":""},"product_cat":[20,101],"product_tag":[],"class_list":{"0":"post-37819","1":"product","2":"type-product","3":"status-publish","4":"has-post-thumbnail","6":"product_cat-recambios-fiat","7":"product_cat-recambios-fiat-punto","9":"first","10":"outofstock","11":"taxable","12":"shipping-taxable","13":"purchasable","14":"product-type-simple"},"_links":{"self":[{"href":"https:\/\/galicianparts.com\/shop\/wp-json\/wp\/v2\/product\/37819"}],"collection":[{"href":"https:\/\/galicianparts.com\/shop\/wp-json\/wp\/v2\/product"}],"about":[{"href":"https:\/\/galicianparts.com\/shop\/wp-json\/wp\/v2\/types\/product"}],"wp:featuredmedia":[{"embeddable":true,"href":"https:\/\/galicianparts.com\/shop\/wp-json\/wp\/v2\/media\/37820"}],"wp:attachment":[{"href":"https:\/\/galicianparts.com\/shop\/wp-json\/wp\/v2\/media?parent=37819"}],"wp:term":[{"taxonomy":"product_cat","embeddable":true,"href":"https:\/\/galicianparts.com\/shop\/wp-json\/wp\/v2\/product_cat?post=37819"},{"taxonomy":"product_tag","embeddable":true,"href":"https:\/\/galicianparts.com\/shop\/wp-json\/wp\/v2\/product_tag?post=37819"}],"curies":[{"name":"wp","href":"https:\/\/api.w.org\/{rel}","templated":true}]}}