{"id":3788,"date":"2020-09-29T13:43:49","date_gmt":"2020-09-29T11:43:49","guid":{"rendered":"https:\/\/galicianparts.com\/shop\/producto\/4427049-cristal-trasero-fiat-panda-1985-2003\/"},"modified":"2024-02-01T15:06:58","modified_gmt":"2024-02-01T13:06:58","slug":"4427049-cristal-trasero-fiat-panda-1985-2003","status":"publish","type":"product","link":"https:\/\/galicianparts.com\/shop\/producto\/4427049-cristal-trasero-fiat-panda-1985-2003\/","title":{"rendered":"4427049 Cristal port\u00f3n trasero Fiat Panda (1985-2003) NUEVO ORIGINAL"},"content":{"rendered":"<p>Cristal del port\u00f3n del maletero con luneta t\u00e9rmica de:<br \/>\nFIAT &#8211; 1S PANDA 4X2 MAQ 91 (1991-2003)<br \/>\nFIAT &#8211; LV PANDA 4X2 RL\/86(1985-1991)<br \/>\nFIAT &#8211; 1T PANDA 4X4 MAQ 91 (1991-2003)<br \/>\nFIAT &#8211; 2R PANDA 4X4 SISLEY \/ TREKKING \/ VAL D&#8217;ISERE (1985-1991)<br \/>\nFIAT &#8211; 2P PANDA DS (1986-1993)<\/p>\n<p>LA PIEZA ES NUEVA Y ORIGINAL.<\/p>\n","protected":false},"excerpt":{"rendered":"<p>Cristal del port\u00f3n del maletero con luneta t\u00e9rmica de: FIAT &#8211; 1S PANDA 4X2 MAQ 91 (1991-2003) FIAT &#8211; LV PANDA 4X2 RL\/86(1985-1991) FIAT &#8211; 1T PANDA 4X4 MAQ 91 (1991-2003) FIAT &#8211; 2R PANDA 4X4 SISLEY \/ TREKKING \/ VAL D&#8217;ISERE (1985-1991) FIAT &#8211; 2P PANDA DS (1986-1993) LA PIEZA ES NUEVA Y ORIGINAL.<\/p>\n","protected":false},"featured_media":20238,"template":"","meta":{"_seopress_robots_primary_cat":"","_seopress_titles_title":"","_seopress_titles_desc":"","_seopress_robots_index":""},"product_cat":[20,99],"product_tag":[],"class_list":{"0":"post-3788","1":"product","2":"type-product","3":"status-publish","4":"has-post-thumbnail","6":"product_cat-recambios-fiat","7":"product_cat-recambios-fiat-panda","9":"first","10":"outofstock","11":"taxable","12":"shipping-taxable","13":"purchasable","14":"product-type-simple"},"_links":{"self":[{"href":"https:\/\/galicianparts.com\/shop\/wp-json\/wp\/v2\/product\/3788"}],"collection":[{"href":"https:\/\/galicianparts.com\/shop\/wp-json\/wp\/v2\/product"}],"about":[{"href":"https:\/\/galicianparts.com\/shop\/wp-json\/wp\/v2\/types\/product"}],"wp:featuredmedia":[{"embeddable":true,"href":"https:\/\/galicianparts.com\/shop\/wp-json\/wp\/v2\/media\/20238"}],"wp:attachment":[{"href":"https:\/\/galicianparts.com\/shop\/wp-json\/wp\/v2\/media?parent=3788"}],"wp:term":[{"taxonomy":"product_cat","embeddable":true,"href":"https:\/\/galicianparts.com\/shop\/wp-json\/wp\/v2\/product_cat?post=3788"},{"taxonomy":"product_tag","embeddable":true,"href":"https:\/\/galicianparts.com\/shop\/wp-json\/wp\/v2\/product_tag?post=3788"}],"curies":[{"name":"wp","href":"https:\/\/api.w.org\/{rel}","templated":true}]}}