{"id":3789,"date":"2020-09-29T13:43:50","date_gmt":"2020-09-29T11:43:50","guid":{"rendered":"https:\/\/galicianparts.com\/shop\/producto\/46784958-cristal-trasero-fiat-stilo-2001-2003\/"},"modified":"2022-09-14T12:20:44","modified_gmt":"2022-09-14T10:20:44","slug":"46784958-cristal-trasero-fiat-stilo-2001-2003","status":"publish","type":"product","link":"https:\/\/galicianparts.com\/shop\/producto\/46784958-cristal-trasero-fiat-stilo-2001-2003\/","title":{"rendered":"46784958 Cristal port\u00f3n trasero Fiat Stilo 3p (2001-2003) NUEVO ORIGINAL"},"content":{"rendered":"<p>Luneta t\u00e9rmica del port\u00f3n del maletero de:<br \/>\nFIAT &#8211; 2C STILO (2001-2003) BN ACTIVE\/ATTRACTIVE 3P \/ BN DYNAMIC\/POWER 3P \/ BN ABARTH 3P \/ BN ACTUAL 3P \/ BN ACTUAL 2\/ACTIVE N.G. 3P \/ BN DYNAMIC N.G. 3P \/ BN GT N.G. 3P \/ BN ABARTH N.G. 3P<\/p>\n<p>LA PIEZA ES NUEVA Y ORIGINAL.<\/p>\n","protected":false},"excerpt":{"rendered":"<p>Luneta t\u00e9rmica del port\u00f3n del maletero de: FIAT &#8211; 2C STILO (2001-2003) BN ACTIVE\/ATTRACTIVE 3P \/ BN DYNAMIC\/POWER 3P \/ BN ABARTH 3P \/ BN ACTUAL 3P \/ BN ACTUAL 2\/ACTIVE N.G. 3P \/ BN DYNAMIC N.G. 3P \/ BN GT N.G. 3P \/ BN ABARTH N.G. 3P LA PIEZA ES NUEVA Y ORIGINAL.<\/p>\n","protected":false},"featured_media":57852,"template":"","meta":{"_seopress_robots_primary_cat":"","_seopress_titles_title":"","_seopress_titles_desc":"","_seopress_robots_index":""},"product_cat":[20,108],"product_tag":[],"class_list":{"0":"post-3789","1":"product","2":"type-product","3":"status-publish","4":"has-post-thumbnail","6":"product_cat-recambios-fiat","7":"product_cat-recambios-fiat-stilo","9":"first","10":"instock","11":"taxable","12":"shipping-taxable","13":"purchasable","14":"product-type-simple"},"_links":{"self":[{"href":"https:\/\/galicianparts.com\/shop\/wp-json\/wp\/v2\/product\/3789"}],"collection":[{"href":"https:\/\/galicianparts.com\/shop\/wp-json\/wp\/v2\/product"}],"about":[{"href":"https:\/\/galicianparts.com\/shop\/wp-json\/wp\/v2\/types\/product"}],"wp:featuredmedia":[{"embeddable":true,"href":"https:\/\/galicianparts.com\/shop\/wp-json\/wp\/v2\/media\/57852"}],"wp:attachment":[{"href":"https:\/\/galicianparts.com\/shop\/wp-json\/wp\/v2\/media?parent=3789"}],"wp:term":[{"taxonomy":"product_cat","embeddable":true,"href":"https:\/\/galicianparts.com\/shop\/wp-json\/wp\/v2\/product_cat?post=3789"},{"taxonomy":"product_tag","embeddable":true,"href":"https:\/\/galicianparts.com\/shop\/wp-json\/wp\/v2\/product_tag?post=3789"}],"curies":[{"name":"wp","href":"https:\/\/api.w.org\/{rel}","templated":true}]}}