{"id":37928,"date":"2021-12-16T18:29:21","date_gmt":"2021-12-16T16:29:21","guid":{"rendered":"https:\/\/galicianparts.com\/shop\/producto\/4234516-carcasa-modulo-calefaccion-fiat-124-special-nuevo-original\/"},"modified":"2024-10-16T02:23:23","modified_gmt":"2024-10-16T00:23:23","slug":"4234516-carcasa-modulo-calefaccion-fiat-124-special-nuevo-original","status":"publish","type":"product","link":"https:\/\/galicianparts.com\/shop\/producto\/4234516-carcasa-modulo-calefaccion-fiat-124-special-nuevo-original\/","title":{"rendered":"4234516 Carcasa m\u00f3dulo calefacci\u00f3n Fiat 124 Special NUEVO ORIGINAL"},"content":{"rendered":"<p>Caja del m\u00f3dulo de la calefacci\u00f3n de FIAT 124 SPECIAL<\/p>\n<p>LA PIEZA ES NUEVA Y ORIGINAL.<\/p>\n","protected":false},"excerpt":{"rendered":"<p>Caja del m\u00f3dulo de la calefacci\u00f3n de FIAT 124 SPECIAL LA PIEZA ES NUEVA Y ORIGINAL.<\/p>\n","protected":false},"featured_media":37929,"template":"","meta":{"_seopress_robots_primary_cat":"","_seopress_titles_title":"","_seopress_titles_desc":"","_seopress_robots_index":""},"product_cat":[65,20],"product_tag":[],"class_list":{"0":"post-37928","1":"product","2":"type-product","3":"status-publish","4":"has-post-thumbnail","6":"product_cat-recambios-fiat-124","7":"product_cat-recambios-fiat","9":"first","10":"outofstock","11":"taxable","12":"shipping-taxable","13":"purchasable","14":"product-type-simple"},"_links":{"self":[{"href":"https:\/\/galicianparts.com\/shop\/wp-json\/wp\/v2\/product\/37928"}],"collection":[{"href":"https:\/\/galicianparts.com\/shop\/wp-json\/wp\/v2\/product"}],"about":[{"href":"https:\/\/galicianparts.com\/shop\/wp-json\/wp\/v2\/types\/product"}],"wp:featuredmedia":[{"embeddable":true,"href":"https:\/\/galicianparts.com\/shop\/wp-json\/wp\/v2\/media\/37929"}],"wp:attachment":[{"href":"https:\/\/galicianparts.com\/shop\/wp-json\/wp\/v2\/media?parent=37928"}],"wp:term":[{"taxonomy":"product_cat","embeddable":true,"href":"https:\/\/galicianparts.com\/shop\/wp-json\/wp\/v2\/product_cat?post=37928"},{"taxonomy":"product_tag","embeddable":true,"href":"https:\/\/galicianparts.com\/shop\/wp-json\/wp\/v2\/product_tag?post=37928"}],"curies":[{"name":"wp","href":"https:\/\/api.w.org\/{rel}","templated":true}]}}