{"id":38006,"date":"2021-12-20T20:31:06","date_gmt":"2021-12-20T18:31:06","guid":{"rendered":"https:\/\/galicianparts.com\/shop\/producto\/46826769-centralita-elevalunas-electrico-lancia-lybra-2001-2005-nueva-original\/"},"modified":"2022-11-07T20:01:38","modified_gmt":"2022-11-07T18:01:38","slug":"46826769-centralita-elevalunas-electrico-lancia-lybra-2001-2005-nueva-original","status":"publish","type":"product","link":"https:\/\/galicianparts.com\/shop\/producto\/46826769-centralita-elevalunas-electrico-lancia-lybra-2001-2005-nueva-original\/","title":{"rendered":"46826769 Centralita elevalunas el\u00e9ctrico Lancia Lybra (2001-2005) NUEVA ORIGINAL"},"content":{"rendered":"<p>ECU, centralita de los elevalunas el\u00e9ctricos de:<br \/>\nLANCIA &#8211; SX LYBRA BZ (2001-2005) CON ELEVALUNAS EL\u00c9CTRICO TRASERO<br \/>\nLANCIA &#8211; SY LYBRA DS (2001-2005) CON ELEVALUNAS EL\u00c9CTRICO TRASERO<\/p>\n<p>LA PIEZA ES NUEVA Y ORIGINAL.<\/p>\n","protected":false},"excerpt":{"rendered":"<p>ECU, centralita de los elevalunas el\u00e9ctricos de: LANCIA &#8211; SX LYBRA BZ (2001-2005) CON ELEVALUNAS EL\u00c9CTRICO TRASERO LANCIA &#8211; SY LYBRA DS (2001-2005) CON ELEVALUNAS EL\u00c9CTRICO TRASERO LA PIEZA ES NUEVA Y ORIGINAL.<\/p>\n","protected":false},"featured_media":38010,"template":"","meta":{"_seopress_robots_primary_cat":"","_seopress_titles_title":"","_seopress_titles_desc":"","_seopress_robots_index":""},"product_cat":[21,120],"product_tag":[],"class_list":{"0":"post-38006","1":"product","2":"type-product","3":"status-publish","4":"has-post-thumbnail","6":"product_cat-recambios-lancia","7":"product_cat-recambios-lancia-lybra","9":"first","10":"outofstock","11":"taxable","12":"shipping-taxable","13":"purchasable","14":"product-type-simple"},"_links":{"self":[{"href":"https:\/\/galicianparts.com\/shop\/wp-json\/wp\/v2\/product\/38006"}],"collection":[{"href":"https:\/\/galicianparts.com\/shop\/wp-json\/wp\/v2\/product"}],"about":[{"href":"https:\/\/galicianparts.com\/shop\/wp-json\/wp\/v2\/types\/product"}],"wp:featuredmedia":[{"embeddable":true,"href":"https:\/\/galicianparts.com\/shop\/wp-json\/wp\/v2\/media\/38010"}],"wp:attachment":[{"href":"https:\/\/galicianparts.com\/shop\/wp-json\/wp\/v2\/media?parent=38006"}],"wp:term":[{"taxonomy":"product_cat","embeddable":true,"href":"https:\/\/galicianparts.com\/shop\/wp-json\/wp\/v2\/product_cat?post=38006"},{"taxonomy":"product_tag","embeddable":true,"href":"https:\/\/galicianparts.com\/shop\/wp-json\/wp\/v2\/product_tag?post=38006"}],"curies":[{"name":"wp","href":"https:\/\/api.w.org\/{rel}","templated":true}]}}