{"id":38142,"date":"2021-12-23T13:00:56","date_gmt":"2021-12-23T11:00:56","guid":{"rendered":"https:\/\/galicianparts.com\/shop\/producto\/82419135-pack-4-juntas-tubos-combustible-lancia-delta-evo-thema-fiat-alfa-romeo-original\/"},"modified":"2021-12-29T12:51:44","modified_gmt":"2021-12-29T10:51:44","slug":"82419135-pack-4-juntas-tubos-combustible-lancia-delta-evo-thema-fiat-alfa-romeo-original","status":"publish","type":"product","link":"https:\/\/galicianparts.com\/shop\/producto\/82419135-pack-4-juntas-tubos-combustible-lancia-delta-evo-thema-fiat-alfa-romeo-original\/","title":{"rendered":"82419135 Pack 4 juntas tubos combustible Lancia Delta Evo \/ Thema \/ Fiat \/ Alfa Romeo ORIGINAL"},"content":{"rendered":"<p>Juego, set de 4 juntas t\u00f3ricas de los manguitos del dep\u00f3sito de combustible de:<br \/>\nDi\u00e1metro exterior:13,5mm<br \/>\nDi\u00e1metro interior: 9,4mm<br \/>\nEspesor: 2,7mm<\/p>\n<p>FIAT &#8211; NM CINQUECENTO (1992-1998) 903 SPI\u00bbW\u00bb USA&#8217;83 \/ 899 SPI\u00bbW\u00bb<br \/>\nFIAT &#8211; PC COUPE&#8217; (1994-1996) 2000 ASPIRATO \/ 2000 ASP.(BRASILE)<br \/>\nFIAT &#8211; PC COUPE&#8217; (1994-1996) 2000 TURBO<br \/>\nFIAT &#8211; MZ CROMA CHT FL.90 (1990-1992)<br \/>\nFIAT &#8211; MY CROMA IE-IE TB. FL.90 (1990-1996) 2000 8V EM.04 IE WEBER \/ 2000 8V USA&#8217;83 (MOT.154C3) \/ 2000 8V TURBO EM.04 \/ 2000 8V TURBO USA&#8217;83 \/ 2000 8V EM.04 IE BOSCH (SA)<br \/>\nFIAT &#8211; MY CROMA IE-IE TB. FL.90 (1990-1996) 2000 8V TURBO USA&#8217;83 \/ 2000 16V USA&#8217;83 \/ 2000 8V USA&#8217;83 (MOT.834B) \/ 2000 16V 91 RON (CINA)<br \/>\nFIAT &#8211; MY CROMA IE-IE TB. FL.90 (1990-1996) 2000 8V EM.04 IE BOSCH (CSI-DZ)<br \/>\nFIAT &#8211; NQ CROMA IE. 2500 V6 (1993-1996)<br \/>\nFIAT &#8211; MJ CROMA TURBO DS FL.90 (1990-1996) 1930 (154C6.000) \/ 1930 (154D1.000)<br \/>\nFIAT &#8211; MJ CROMA TURBO DS FL.90 (1990-1996) 2500 (8144.97) \/ 2500 (8144.97S)<br \/>\nFIAT &#8211; MJ CROMA TURBO DS FL.90 (1990-1996) 2500 (8144.97Y)<br \/>\nFIAT &#8211; 1S PANDA 4X2 MAQ 91 (1991-2003) 1000 SPI USA 83 WEBER \/ 1100 SPI USA 83 \/ 900 SPI USA 83 \/ 1000 SPI CF2 \/ 1100 SPI CF2 \/ 1000\u00a0SPI\u00a0USA\u00a083\u00a0BOSCH<br \/>\nFIAT &#8211; 1S PANDA 4X2 MAQ 91 (1991-2003) APARATO ANTIEVAPORACION \/ 1000 SPI USA 83 WEBER \/ 1100 SPI USA 83 \/ 900 SPI USA 83 \/ 1000 SPI CF2 \/ 1100 SPI CF2 \/ 1000\u00a0SPI\u00a0USA\u00a083\u00a0BOSCH<br \/>\nFIAT &#8211; LV PANDA 4X2 RL\/86(1985-1991) 1000 SPI USA&#8217;83 \/ 1100 SPI USA&#8217;83 C.A.<br \/>\nFIAT &#8211; MV TEMPRA (1989-1993) 1370 SPI \/ 1580 SPI (78CV) \/ 1580 SPI (75CV)<br \/>\nFIAT &#8211; MW TEMPRA 1750-2000 (1989-1993) SEDAN SX-SLX \/ S.W.SX-SLX \/ SEDAN BASICAS \/ S.W.BASICAS<br \/>\nFIAT &#8211; MW TEMPRA 1750-2000 (1989-1993) S.W. 4X4<br \/>\nFIAT &#8211; NY TEMPRA MAQ.93 (&#8217;93-&#8217;96) 1372 SPI MJ \/ 1580 SPI \u00abB\u00bb \/ 1580 SPI SELECTA \/ 1580 MPI \u00abGM\u00bb \/ 1372 SPI MM<br \/>\nFIAT &#8211; NZ TEMPRA MAQ.93 1750-2000 (&#8217;93-&#8217;96) SEDAN \u00abSX\u00bb \/ SEDAN \u00abSLX\u00bb \/ S.W.4X2 \u00abSX\u00bb \/ S.W.4X2 \u00abSLX\u00bb<br \/>\nFIAT &#8211; NZ TEMPRA MAQ.93 1750-2000 (&#8217;93-&#8217;96) S.W.4X4 SX \/ S.W. 4X4 SLX<br \/>\nFIAT &#8211; ME TIPO (1987-1993) 1370 SPI \/ 1580 SPI (78CV) \/ 1580 SPI (75CV)<br \/>\nFIAT &#8211; NG TIPO 1750-2000 (1990-1993)<br \/>\nFIAT &#8211; NS TIPO MQ.93 (1993-1995) 1372 SPI MONOJETRONIC \/ 1580 SPI \/ 1580 SPI SELECTA \/ 1108 SPI \/ 1372 SPI MM<br \/>\nFIAT &#8211; NU TIPO MQ.93 1750-2000 (1993-1995)<br \/>\nFIAT &#8211; MP TIPO SPORT 16V IE. (1988-1993)<br \/>\nALFA ROMEO &#8211; U5 155 ASPIRATO (1992-1996)<br \/>\nALFA ROMEO &#8211; T3 155 GAMMA 96 BZ (1996-1997)<br \/>\nALFA ROMEO &#8211; U6 155 TURBO (1992-1996) 2000 TB\/BZ 4X4<br \/>\nALFA ROMEO &#8211; N0 164 U.S.A. MY.91\/93 (1990-1992)<br \/>\nLANCIA &#8211; RY DEDRA BENZINA (1989-1994) 1600 \/ 1800 \/ 2000<br \/>\nLANCIA &#8211; RY DEDRA BENZINA (1989-1994) 1600 USA&#8217;83 MONOJETRONIC \/ 1600 USA&#8217;83 MONOJMORONIC \/ 1800 USA&#8217;83 105CV (77KW) \/ 2000 USA&#8217;83 \/ 1800 CC.(USA 83) 90CV (66KW)<br \/>\nLANCIA &#8211; SL DEDRA FL.94 (1994-1999) 1580 MPI 8V<br \/>\nLANCIA &#8211; SL DEDRA FL.94 (1994-1999) 1580 SPI<br \/>\nLANCIA &#8211; SL DEDRA FL.94 (1994-1999) 1750 MPI<br \/>\nLANCIA &#8211; SL DEDRA FL.94 (1994-1999) 2000 MPI C. AUT.<br \/>\nLANCIA &#8211; SM DEDRA FL.94 1750-2.0 (1994-1999) SEDAN LE 4X2 \/ SEDAN LX 4X2 \/ S.W. LS 4X2 \/ S.W. LX 4X2<br \/>\nLANCIA &#8211; SM DEDRA FL.94 1750-2.0 (1994-1999) S.W. LS 4X4<br \/>\nLANCIA &#8211; RJ DEDRA IE.TB.INTEGRALE (1990-1994)  2000<br \/>\nLANCIA &#8211; RJ DEDRA IE.TB.INTEGRALE (1990-1994)  2000 USA&#8217;83<br \/>\nLANCIA &#8211; RJ DEDRA IE.TB.INTEGRALE (1990-1994)  2000 4WD<br \/>\nLANCIA &#8211; RJ DEDRA IE.TB.INTEGRALE (1990-1994)  2000 4WD USA&#8217;83<br \/>\nLANCIA &#8211; RT DELTA 4WD (1986-1991) 2000 8V \/ 2000 8V COMP.MIGLIORATA \/ 2000 16V<br \/>\nLANCIA &#8211; RT DELTA 4WD (1986-1991) 2000 8V USA 83<br \/>\nLANCIA &#8211; SA DELTA EVOLUZIONE (1991-1994) 16V HF<br \/>\nLANCIA &#8211; SA DELTA EVOLUZIONE (1991-1994) 8V USA83<br \/>\nLANCIA &#8211; SA DELTA EVOLUZIONE (1991-1994) 16V USA83<br \/>\nLANCIA &#8211; TB DELTA R.86 (1986-1992) 1600 MPI \/ 1600 MPI TB<br \/>\nLANCIA &#8211; TB DELTA R.86 (1986-1992) 1600 MPI<br \/>\nLANCIA &#8211; TB DELTA R.86 (1986-1992) 1600 MPI TB<br \/>\nLANCIA &#8211; TB DELTA R.86 (1986-1992) 1600 MPI TB USA 83<br \/>\nLANCIA &#8211; TB DELTA R.86 (1986-1992) 1930 TB\/DS<br \/>\nLANCIA &#8211; SS KAPPA  3.0 V6 (1994-2001)<br \/>\nLANCIA &#8211; SV KAPPA  COUPE&#8217; (1997-2001) 2400 I.E.(838A2.000)<br \/>\nLANCIA &#8211; SV KAPPA  COUPE&#8217; (1997-2001) 3000 V6 24V C.AUTOM.<br \/>\nLANCIA &#8211; SV KAPPA  COUPE&#8217; (1997-2001) 2000 IE. TB 16V<br \/>\nLANCIA &#8211; SP KAPPA BZ (1994-2001) 2000 IE.(838A1.000) \/ 2400 IE.(838A2.000) \/ 2000 IE.(838A6.000) \/ 2400 IE. EM. 04<br \/>\nLANCIA &#8211; SP KAPPA BZ (1994-2001) 2000 IE. TB 16V<br \/>\nLANCIA &#8211; SF N.DELTA (1993-1999) 1372 SPI\u00bbMJ\u00bb \/ 1580 8V \/ 1372 SPI\u00bbMM\u00bb CEE F2<br \/>\nLANCIA &#8211; SF N.DELTA (1993-1999) 1750 105CV (77KW) \/ 1750 90CV (66KW) \/ 1750 CEE F2 97CV (71KW) \/ 1750 CEE F2 90CV (66KW)<br \/>\nLANCIA &#8211; SG N.DELTA (&#8217;93-&#8217;99) 2000 16V ASP.<br \/>\nLANCIA &#8211; SG N.DELTA  (&#8217;93-&#8217;99) 2000 16V TB USA 83 \/ 2000 16V TB CEE F2<br \/>\nLANCIA &#8211; SD THEMA 3.0 V6 FL.92 (1992-1994)<br \/>\nLANCIA &#8211; SZ THEMA R.88 (1988-1992) 2000 8V EM.04 \/ 2000 16V EM.04 \/ 2000 TB 16V EM.04<br \/>\nLANCIA &#8211; SZ THEMA (1988-1992) 2000 8V USA\/83 \/ 2000 TB 8V USA\/83 \/ 2000 16V USA\/83 \/ 2000 TB 16V USA\/83<br \/>\nLANCIA &#8211; SZ THEMA R.88 (1988-1992) 2500 TB\/DS (8144.97) \/ 2500 TB\/DS (8144.97S)EM.08<br \/>\nLANCIA &#8211; SZ THEMA R.88 (1988-1992) 2850 6V<br \/>\nLANCIA &#8211; SZ THEMA R.88 (1988-1992) 3000 8.32 \/ 3000 8.32 USA\/83<br \/>\nLANCIA &#8211; SE THEMA I.E. 8V FL.92 (1992-1994)<br \/>\nLANCIA &#8211; SB THEMA IE. 16V FL.92 (1992-1994)<br \/>\nLANCIA &#8211; SC THEMA TURBO DS FL.92 (1992-1994)<br \/>\nLANCIA &#8211; ZL Y10 FL.89 (1988-1992) FIRE \/ FIRE LX \/ 1000 SPI USA&#8217;83 \/ 1100 SPI \/ 1100 SPI USA&#8217;83<br \/>\nLANCIA &#8211; ZL Y10 FL.89 (1988-1992) 1300 MPI \/ 1300 MPI USA&#8217;83<br \/>\nLANCIA &#8211; ZM Y10 R.92 (1992-1995) 1.1 I.E. \/ 1.1 ELITE<br \/>\nLANCIA &#8211; ZM Y10 R.92 (1992-1995) 1.3 ELITE<br \/>\nAUTOBIANCHI &#8211; Y10<\/p>\n<p>LA PIEZA ES NUEVA Y ORIGINAL.<\/p>\n","protected":false},"excerpt":{"rendered":"<p>Juego, set de 4 juntas t\u00f3ricas de los manguitos del dep\u00f3sito de combustible de: Di\u00e1metro exterior:13,5mm Di\u00e1metro interior: 9,4mm Espesor: 2,7mm FIAT &#8211; NM CINQUECENTO (1992-1998) 903 SPI\u00bbW\u00bb USA&#8217;83 \/ 899 SPI\u00bbW\u00bb FIAT &#8211; PC COUPE&#8217; (1994-1996) 2000 ASPIRATO \/ 2000 ASP.(BRASILE) FIAT &#8211; PC COUPE&#8217; (1994-1996) 2000 TURBO FIAT &#8211; MZ CROMA CHT FL.90 [&hellip;]<\/p>\n","protected":false},"featured_media":38143,"template":"","meta":{"_seopress_robots_primary_cat":"","_seopress_titles_title":"","_seopress_titles_desc":"","_seopress_robots_index":""},"product_cat":[48,54,16,25,84,85,86,117,118,20,119,21,99,111,124,112,64,126],"product_tag":[],"class_list":{"0":"post-38142","1":"product","2":"type-product","3":"status-publish","4":"has-post-thumbnail","6":"product_cat-recambios-alfa-romeo-155","7":"product_cat-recambios-alfa-romeo-164","8":"product_cat-recambios-alfa-romeo","9":"product_cat-recambios-autobianchi","10":"product_cat-recambios-fiat-cinquecento","11":"product_cat-recambios-fiat-coupe","12":"product_cat-recambios-fiat-croma","13":"product_cat-recambios-lancia-dedra","14":"product_cat-recambios-lancia-delta","15":"product_cat-recambios-fiat","16":"product_cat-recambios-lancia-kappa","17":"product_cat-recambios-lancia","18":"product_cat-recambios-fiat-panda","19":"product_cat-recambios-fiat-tempra","20":"product_cat-recambios-lancia-thema","21":"product_cat-recambios-fiat-tipo","22":"product_cat-recambios-autobianchi-y10","23":"product_cat-recambios-lancia-y10","25":"first","26":"outofstock","27":"taxable","28":"shipping-taxable","29":"purchasable","30":"product-type-simple"},"_links":{"self":[{"href":"https:\/\/galicianparts.com\/shop\/wp-json\/wp\/v2\/product\/38142"}],"collection":[{"href":"https:\/\/galicianparts.com\/shop\/wp-json\/wp\/v2\/product"}],"about":[{"href":"https:\/\/galicianparts.com\/shop\/wp-json\/wp\/v2\/types\/product"}],"wp:featuredmedia":[{"embeddable":true,"href":"https:\/\/galicianparts.com\/shop\/wp-json\/wp\/v2\/media\/38143"}],"wp:attachment":[{"href":"https:\/\/galicianparts.com\/shop\/wp-json\/wp\/v2\/media?parent=38142"}],"wp:term":[{"taxonomy":"product_cat","embeddable":true,"href":"https:\/\/galicianparts.com\/shop\/wp-json\/wp\/v2\/product_cat?post=38142"},{"taxonomy":"product_tag","embeddable":true,"href":"https:\/\/galicianparts.com\/shop\/wp-json\/wp\/v2\/product_tag?post=38142"}],"curies":[{"name":"wp","href":"https:\/\/api.w.org\/{rel}","templated":true}]}}