{"id":38592,"date":"2022-01-10T21:00:23","date_gmt":"2022-01-10T19:00:23","guid":{"rendered":"https:\/\/galicianparts.com\/shop\/producto\/7619304-sonda-lambda-lancia-autobianchi-y10-1-1-spi-nueva-bosch\/"},"modified":"2024-05-28T11:43:33","modified_gmt":"2024-05-28T09:43:33","slug":"7619304-sonda-lambda-lancia-autobianchi-y10-1-1-spi-nueva-bosch","status":"publish","type":"product","link":"https:\/\/galicianparts.com\/shop\/producto\/7619304-sonda-lambda-lancia-autobianchi-y10-1-1-spi-nueva-bosch\/","title":{"rendered":"7619304 Sonda lambda Lancia \/ Autobianchi Y10 1.1 SPI NUEVA BOSCH"},"content":{"rendered":"<p>Sonda lambda BOSCH 0 258 004 001 valido para:<br \/>\nAUTOBIANCHI Y10 Hatchback<br \/>\n1.1, A\u00f1o 06.1989 &#8211; 10.1995, 1108 , 57<br \/>\n1.1 4WD, A\u00f1o 06.1989 &#8211; 10.1995, 1108 , 57<br \/>\nLANCIA Y10 (156)<br \/>\n1.1 i.e, A\u00f1o 08.1989 &#8211; 06.1992, 1108 , 57<br \/>\n1.1 i.e Allrad, A\u00f1o 08.1989 &#8211; 06.1992, 1108 , 57<\/p>\n<p>LA PIEZA ES NUEVA Y ORIGINAL.<\/p>\n","protected":false},"excerpt":{"rendered":"<p>Sonda lambda BOSCH 0 258 004 001 valido para: AUTOBIANCHI Y10 Hatchback 1.1, A\u00f1o 06.1989 &#8211; 10.1995, 1108 , 57 1.1 4WD, A\u00f1o 06.1989 &#8211; 10.1995, 1108 , 57 LANCIA Y10 (156) 1.1 i.e, A\u00f1o 08.1989 &#8211; 06.1992, 1108 , 57 1.1 i.e Allrad, A\u00f1o 08.1989 &#8211; 06.1992, 1108 , 57 LA PIEZA ES NUEVA [&hellip;]<\/p>\n","protected":false},"featured_media":87452,"template":"","meta":{"_seopress_robots_primary_cat":"","_seopress_titles_title":"","_seopress_titles_desc":"","_seopress_robots_index":""},"product_cat":[25,21,64,126],"product_tag":[],"class_list":{"0":"post-38592","1":"product","2":"type-product","3":"status-publish","4":"has-post-thumbnail","6":"product_cat-recambios-autobianchi","7":"product_cat-recambios-lancia","8":"product_cat-recambios-autobianchi-y10","9":"product_cat-recambios-lancia-y10","11":"first","12":"instock","13":"taxable","14":"shipping-taxable","15":"purchasable","16":"product-type-simple"},"_links":{"self":[{"href":"https:\/\/galicianparts.com\/shop\/wp-json\/wp\/v2\/product\/38592"}],"collection":[{"href":"https:\/\/galicianparts.com\/shop\/wp-json\/wp\/v2\/product"}],"about":[{"href":"https:\/\/galicianparts.com\/shop\/wp-json\/wp\/v2\/types\/product"}],"wp:featuredmedia":[{"embeddable":true,"href":"https:\/\/galicianparts.com\/shop\/wp-json\/wp\/v2\/media\/87452"}],"wp:attachment":[{"href":"https:\/\/galicianparts.com\/shop\/wp-json\/wp\/v2\/media?parent=38592"}],"wp:term":[{"taxonomy":"product_cat","embeddable":true,"href":"https:\/\/galicianparts.com\/shop\/wp-json\/wp\/v2\/product_cat?post=38592"},{"taxonomy":"product_tag","embeddable":true,"href":"https:\/\/galicianparts.com\/shop\/wp-json\/wp\/v2\/product_tag?post=38592"}],"curies":[{"name":"wp","href":"https:\/\/api.w.org\/{rel}","templated":true}]}}