{"id":38611,"date":"2022-01-12T15:29:26","date_gmt":"2022-01-12T13:29:26","guid":{"rendered":"https:\/\/galicianparts.com\/shop\/producto\/4331727-soporte-del-cambio-fiat-131-1974-1987-nuevo-original\/"},"modified":"2022-01-18T19:11:12","modified_gmt":"2022-01-18T17:11:12","slug":"4331727-soporte-del-cambio-fiat-131-1974-1987-nuevo-original","status":"publish","type":"product","link":"https:\/\/galicianparts.com\/shop\/producto\/4331727-soporte-del-cambio-fiat-131-1974-1987-nuevo-original\/","title":{"rendered":"4331727 Soporte del cambio Fiat 131 (1974-1987) NUEVO ORIGINAL"},"content":{"rendered":"<p>Taco de motor, soporte trasero de la caja de cambios de:<br \/>\nFIAT 131 (1974-1987)<br \/>\n1.3 Mirafiori, A\u00f1o 10.1974 &#8211; 12.1982, 1297 , 65<br \/>\n1.3 Super Mirafiori, A\u00f1o 03.1978 &#8211; 12.1980, 1297 , 78<br \/>\n1.4 Mirafiori, A\u00f1o 11.1980 &#8211; 01.1984, 1367 , 70<br \/>\n1.4 Super Mirafiori, A\u00f1o 04.1981 &#8211; 12.1983, 1367 , 75<br \/>\n1.6, A\u00f1o 11.1976 &#8211; 12.1984, 1585 , 85<br \/>\n1.6, A\u00f1o 10.1974 &#8211; 09.1981, 1585 , 75<br \/>\n1.6 Super, A\u00f1o 03.1978 &#8211; 01.1984, 1585 , 97<br \/>\n1.6 Super Mirafiori, A\u00f1o 03.1979 &#8211; 03.1982, 1585 , 98<br \/>\n2.0 Abarth Rally, A\u00f1o 01.1976 &#8211; 07.1980, 1995 , 140<br \/>\n2.0 D, A\u00f1o 03.1978 &#8211; 03.1987, 1995 , 60<br \/>\n2.0 Racing, A\u00f1o 06.1978 &#8211; 12.1981, 1995 , 115<br \/>\n2.0 Super, A\u00f1o 01.1981 &#8211; 12.1984, 1995 , 113<br \/>\n2.5 D, A\u00f1o 06.1978 &#8211; 02.1984, 2445 , 72<\/p>\n<p>LA PIEZA ES NUEVA Y ORIGINAL.<\/p>\n","protected":false},"excerpt":{"rendered":"<p>Taco de motor, soporte trasero de la caja de cambios de: FIAT 131 (1974-1987) 1.3 Mirafiori, A\u00f1o 10.1974 &#8211; 12.1982, 1297 , 65 1.3 Super Mirafiori, A\u00f1o 03.1978 &#8211; 12.1980, 1297 , 78 1.4 Mirafiori, A\u00f1o 11.1980 &#8211; 01.1984, 1367 , 70 1.4 Super Mirafiori, A\u00f1o 04.1981 &#8211; 12.1983, 1367 , 75 1.6, A\u00f1o 11.1976 [&hellip;]<\/p>\n","protected":false},"featured_media":38617,"template":"","meta":{"_seopress_robots_primary_cat":"","_seopress_titles_title":"","_seopress_titles_desc":"","_seopress_robots_index":""},"product_cat":[70,20],"product_tag":[],"class_list":{"0":"post-38611","1":"product","2":"type-product","3":"status-publish","4":"has-post-thumbnail","6":"product_cat-recambios-fiat-131","7":"product_cat-recambios-fiat","9":"first","10":"outofstock","11":"taxable","12":"shipping-taxable","13":"purchasable","14":"product-type-simple"},"_links":{"self":[{"href":"https:\/\/galicianparts.com\/shop\/wp-json\/wp\/v2\/product\/38611"}],"collection":[{"href":"https:\/\/galicianparts.com\/shop\/wp-json\/wp\/v2\/product"}],"about":[{"href":"https:\/\/galicianparts.com\/shop\/wp-json\/wp\/v2\/types\/product"}],"wp:featuredmedia":[{"embeddable":true,"href":"https:\/\/galicianparts.com\/shop\/wp-json\/wp\/v2\/media\/38617"}],"wp:attachment":[{"href":"https:\/\/galicianparts.com\/shop\/wp-json\/wp\/v2\/media?parent=38611"}],"wp:term":[{"taxonomy":"product_cat","embeddable":true,"href":"https:\/\/galicianparts.com\/shop\/wp-json\/wp\/v2\/product_cat?post=38611"},{"taxonomy":"product_tag","embeddable":true,"href":"https:\/\/galicianparts.com\/shop\/wp-json\/wp\/v2\/product_tag?post=38611"}],"curies":[{"name":"wp","href":"https:\/\/api.w.org\/{rel}","templated":true}]}}