{"id":38670,"date":"2022-01-12T20:33:55","date_gmt":"2022-01-12T18:33:55","guid":{"rendered":"https:\/\/galicianparts.com\/shop\/producto\/5992971-apoyo-superior-muelle-suspension-trasera-fiat-uno-1989-2010-nuevo-original\/"},"modified":"2023-09-04T20:38:04","modified_gmt":"2023-09-04T18:38:04","slug":"5992971-apoyo-superior-muelle-suspension-trasera-fiat-uno-1989-2010-nuevo-original","status":"publish","type":"product","link":"https:\/\/galicianparts.com\/shop\/producto\/5992971-apoyo-superior-muelle-suspension-trasera-fiat-uno-1989-2010-nuevo-original\/","title":{"rendered":"5992971 Apoyo superior muelle suspensi\u00f3n trasera Fiat Uno (1989-2010) NUEVO ORIGINAL"},"content":{"rendered":"<p>Apoyo met\u00e1lico superior del muelle de la suspensi\u00f3n trasera de:<br \/>\nFIAT &#8211; XS MILLE CLIP (1995-1997)<br \/>\nFIAT &#8211; MU UNO DIESEL R\/89 (1989-1995)<br \/>\nFIAT &#8211; 1D UNO MONDO (1995-2010) 1000 CARB. \/ 1000 USA 83 \/ 1000 CF2 \/ 1370 CARB. \/ 1242 SPI CF2 \/ 1100 CARB. \/ 1697 DS EM08<br \/>\nFIAT &#8211; MS UNO R\/89 1.1-1370-1.5 (1989-1995)<br \/>\nFIAT &#8211; MR UNO R\/89 900-1.0-1.1 (1989-1995)<br \/>\nFIAT &#8211; MT UNO TURBO R\/89 (1989-1993)<\/p>\n<p>LA PIEZA ES NUEVA Y ORIGINAL.<\/p>\n","protected":false},"excerpt":{"rendered":"<p>Apoyo met\u00e1lico superior del muelle de la suspensi\u00f3n trasera de: FIAT &#8211; XS MILLE CLIP (1995-1997) FIAT &#8211; MU UNO DIESEL R\/89 (1989-1995) FIAT &#8211; 1D UNO MONDO (1995-2010) 1000 CARB. \/ 1000 USA 83 \/ 1000 CF2 \/ 1370 CARB. \/ 1242 SPI CF2 \/ 1100 CARB. \/ 1697 DS EM08 FIAT &#8211; MS [&hellip;]<\/p>\n","protected":false},"featured_media":38671,"template":"","meta":{"_seopress_robots_primary_cat":"","_seopress_titles_title":"","_seopress_titles_desc":"","_seopress_robots_index":""},"product_cat":[20,114],"product_tag":[],"class_list":{"0":"post-38670","1":"product","2":"type-product","3":"status-publish","4":"has-post-thumbnail","6":"product_cat-recambios-fiat","7":"product_cat-recambios-fiat-uno","9":"first","10":"outofstock","11":"taxable","12":"shipping-taxable","13":"purchasable","14":"product-type-simple"},"_links":{"self":[{"href":"https:\/\/galicianparts.com\/shop\/wp-json\/wp\/v2\/product\/38670"}],"collection":[{"href":"https:\/\/galicianparts.com\/shop\/wp-json\/wp\/v2\/product"}],"about":[{"href":"https:\/\/galicianparts.com\/shop\/wp-json\/wp\/v2\/types\/product"}],"wp:featuredmedia":[{"embeddable":true,"href":"https:\/\/galicianparts.com\/shop\/wp-json\/wp\/v2\/media\/38671"}],"wp:attachment":[{"href":"https:\/\/galicianparts.com\/shop\/wp-json\/wp\/v2\/media?parent=38670"}],"wp:term":[{"taxonomy":"product_cat","embeddable":true,"href":"https:\/\/galicianparts.com\/shop\/wp-json\/wp\/v2\/product_cat?post=38670"},{"taxonomy":"product_tag","embeddable":true,"href":"https:\/\/galicianparts.com\/shop\/wp-json\/wp\/v2\/product_tag?post=38670"}],"curies":[{"name":"wp","href":"https:\/\/api.w.org\/{rel}","templated":true}]}}