{"id":38696,"date":"2022-01-13T14:04:41","date_gmt":"2022-01-13T12:04:41","guid":{"rendered":"https:\/\/galicianparts.com\/shop\/producto\/7595855-travesano-superior-frente-fiat-tempra-1983-1996-nuevo-original\/"},"modified":"2024-10-28T12:53:24","modified_gmt":"2024-10-28T10:53:24","slug":"7595855-travesano-superior-frente-fiat-tempra-1983-1996-nuevo-original","status":"publish","type":"product","link":"https:\/\/galicianparts.com\/shop\/producto\/7595855-travesano-superior-frente-fiat-tempra-1983-1996-nuevo-original\/","title":{"rendered":"7595855 Travesa\u00f1o superior frente Fiat Tempra (1983-1996) NUEVO ORIGINAL"},"content":{"rendered":"<p>Travesa\u00f1o superior del armaz\u00f3n del frente de:<br \/>\nFIAT &#8211; MV TEMPRA 1370-1580 (1989-1993)<br \/>\nFIAT &#8211; MW TEMPRA 1750-2000 (1989-1993)<br \/>\nFIAT &#8211; MX TEMPRA DIESEL-TURBO D.(1989-1993)<br \/>\nFIAT &#8211; NY TEMPRA MAQ.93 1370-1580 (&#8217;93-&#8217;96)<br \/>\nFIAT &#8211; NZ TEMPRA MAQ.93 1750-2000 (&#8217;93-&#8217;96)<br \/>\nFIAT &#8211; NJ TEMPRA MQ.93 D-TD (1993-1996)<\/p>\n<p>LA PIEZA ES NUEVA Y ORIGINAL.<\/p>\n","protected":false},"excerpt":{"rendered":"<p>Travesa\u00f1o superior del armaz\u00f3n del frente de: FIAT &#8211; MV TEMPRA 1370-1580 (1989-1993) FIAT &#8211; MW TEMPRA 1750-2000 (1989-1993) FIAT &#8211; MX TEMPRA DIESEL-TURBO D.(1989-1993) FIAT &#8211; NY TEMPRA MAQ.93 1370-1580 (&#8217;93-&#8217;96) FIAT &#8211; NZ TEMPRA MAQ.93 1750-2000 (&#8217;93-&#8217;96) FIAT &#8211; NJ TEMPRA MQ.93 D-TD (1993-1996) LA PIEZA ES NUEVA Y ORIGINAL.<\/p>\n","protected":false},"featured_media":38697,"template":"","meta":{"_seopress_robots_primary_cat":"","_seopress_titles_title":"","_seopress_titles_desc":"","_seopress_robots_index":""},"product_cat":[20,111],"product_tag":[],"class_list":{"0":"post-38696","1":"product","2":"type-product","3":"status-publish","4":"has-post-thumbnail","6":"product_cat-recambios-fiat","7":"product_cat-recambios-fiat-tempra","9":"first","10":"outofstock","11":"taxable","12":"shipping-taxable","13":"purchasable","14":"product-type-simple"},"_links":{"self":[{"href":"https:\/\/galicianparts.com\/shop\/wp-json\/wp\/v2\/product\/38696"}],"collection":[{"href":"https:\/\/galicianparts.com\/shop\/wp-json\/wp\/v2\/product"}],"about":[{"href":"https:\/\/galicianparts.com\/shop\/wp-json\/wp\/v2\/types\/product"}],"wp:featuredmedia":[{"embeddable":true,"href":"https:\/\/galicianparts.com\/shop\/wp-json\/wp\/v2\/media\/38697"}],"wp:attachment":[{"href":"https:\/\/galicianparts.com\/shop\/wp-json\/wp\/v2\/media?parent=38696"}],"wp:term":[{"taxonomy":"product_cat","embeddable":true,"href":"https:\/\/galicianparts.com\/shop\/wp-json\/wp\/v2\/product_cat?post=38696"},{"taxonomy":"product_tag","embeddable":true,"href":"https:\/\/galicianparts.com\/shop\/wp-json\/wp\/v2\/product_tag?post=38696"}],"curies":[{"name":"wp","href":"https:\/\/api.w.org\/{rel}","templated":true}]}}