{"id":3887,"date":"2020-09-29T13:44:28","date_gmt":"2020-09-29T11:44:28","guid":{"rendered":"https:\/\/galicianparts.com\/shop\/producto\/4434868-filtro-de-aire-fiat-cinquecento-fiat-seicento-fiat-panda-pc2595e\/"},"modified":"2025-07-24T23:42:23","modified_gmt":"2025-07-24T21:42:23","slug":"4434868-filtro-de-aire-fiat-cinquecento-fiat-seicento-fiat-panda-pc2595e","status":"publish","type":"product","link":"https:\/\/galicianparts.com\/shop\/producto\/4434868-filtro-de-aire-fiat-cinquecento-fiat-seicento-fiat-panda-pc2595e\/","title":{"rendered":"4434868 Filtro aire Fiat Cinquecento \/Seicento \/Panda ACDELCO PC2595E"},"content":{"rendered":"<p>Filtro de aire ACDELCO PC2595E de:<br \/>\nLongitud: 225 mm<br \/>\nAncho: 135 mm<br \/>\nAltura: 41 mm<\/p>\n<p>FIAT Cinquecento (170)<br \/>\n0.7, A\u00f1o 12.1991 &#8211; 01.1996, 704 ccm, 31 cv<br \/>\n0.7 i, A\u00f1o 07.1994 &#8211; 01.1998, 704 ccm, 30 cv<br \/>\n0.9, A\u00f1o 07.1991 &#8211; 12.1993, 903 ccm, 41 cv<br \/>\n0.9 i.e. (170AC), A\u00f1o 07.1991 &#8211; 09.1994, 903 ccm, 41 cv<br \/>\n0.9 i.e. S, A\u00f1o 07.1991 &#8211; 07.1999, 899 ccm, 40 cv<br \/>\nFIAT Cinquecento Furg\u00f3n \/ Hatchback (170)<br \/>\n0.9 iE (170CF), A\u00f1o 07.1991 &#8211; 02.1998, 899 ccm, 39 cv<br \/>\nFIAT Panda I Hatchback (141)<br \/>\n0.65 , A\u00f1o 01.1982 &#8211; 07.2004, 652 ccm, 30 cv<br \/>\nFIAT Seicento \/ 600 Hatchback (187)<br \/>\n0.9 (187AXA, 187AXA1A), A\u00f1o 11.1997 &#8211; 12.2008, 899 ccm, 39 cv<br \/>\nEl\u00e9ctrico, A\u00f1o 01.1999 &#8211; 01.2005, ccm, 41 cv<\/p>\n<p>LA PIEZA ES NUEVA ACDELCO.<\/p>\n","protected":false},"excerpt":{"rendered":"<p>Filtro de aire ACDELCO PC2595E de: Longitud: 225 mm Ancho: 135 mm Altura: 41 mm FIAT Cinquecento (170) 0.7, A\u00f1o 12.1991 &#8211; 01.1996, 704 ccm, 31 cv 0.7 i, A\u00f1o 07.1994 &#8211; 01.1998, 704 ccm, 30 cv 0.9, A\u00f1o 07.1991 &#8211; 12.1993, 903 ccm, 41 cv 0.9 i.e. (170AC), A\u00f1o 07.1991 &#8211; 09.1994, 903 ccm, [&hellip;]<\/p>\n","protected":false},"featured_media":79508,"template":"","meta":{"_seopress_robots_primary_cat":"","_seopress_titles_title":"","_seopress_titles_desc":"","_seopress_robots_index":""},"product_cat":[84,20,99,106],"product_tag":[],"class_list":{"0":"post-3887","1":"product","2":"type-product","3":"status-publish","4":"has-post-thumbnail","6":"product_cat-recambios-fiat-cinquecento","7":"product_cat-recambios-fiat","8":"product_cat-recambios-fiat-panda","9":"product_cat-recambios-fiat-seicento","11":"first","12":"outofstock","13":"taxable","14":"shipping-taxable","15":"purchasable","16":"product-type-simple"},"_links":{"self":[{"href":"https:\/\/galicianparts.com\/shop\/wp-json\/wp\/v2\/product\/3887"}],"collection":[{"href":"https:\/\/galicianparts.com\/shop\/wp-json\/wp\/v2\/product"}],"about":[{"href":"https:\/\/galicianparts.com\/shop\/wp-json\/wp\/v2\/types\/product"}],"wp:featuredmedia":[{"embeddable":true,"href":"https:\/\/galicianparts.com\/shop\/wp-json\/wp\/v2\/media\/79508"}],"wp:attachment":[{"href":"https:\/\/galicianparts.com\/shop\/wp-json\/wp\/v2\/media?parent=3887"}],"wp:term":[{"taxonomy":"product_cat","embeddable":true,"href":"https:\/\/galicianparts.com\/shop\/wp-json\/wp\/v2\/product_cat?post=3887"},{"taxonomy":"product_tag","embeddable":true,"href":"https:\/\/galicianparts.com\/shop\/wp-json\/wp\/v2\/product_tag?post=3887"}],"curies":[{"name":"wp","href":"https:\/\/api.w.org\/{rel}","templated":true}]}}