{"id":3888,"date":"2020-09-29T13:44:28","date_gmt":"2020-09-29T11:44:28","guid":{"rendered":"https:\/\/galicianparts.com\/shop\/producto\/9948070-filtro-de-gasoil-xd9060e-fiat-punto-1993-2000\/"},"modified":"2023-11-14T09:55:54","modified_gmt":"2023-11-14T07:55:54","slug":"9948070-filtro-de-gasoil-xd9060e-fiat-punto-1993-2000","status":"publish","type":"product","link":"https:\/\/galicianparts.com\/shop\/producto\/9948070-filtro-de-gasoil-xd9060e-fiat-punto-1993-2000\/","title":{"rendered":"9948070 Filtro gasoil XD9060E Fiat Punto \/Seat Toledo \/Leon ORIGINAL ACDELCO"},"content":{"rendered":"<p>Filtro de combustible XD9060E ACDELCO de:<br \/>\nAltura: 194 mm<br \/>\nDi\u00e1metro: 89 mm<br \/>\nDi\u00e1metro 3: 13 mm<br \/>\nM\u00e9trica: 10X1,5<br \/>\nRosca interior: 8 mm<br \/>\nRosca exterior: 8 mm<\/p>\n<p>FIAT Punto I Hatchback (176)<br \/>\n1.7 D, A\u00f1o 04.1994 &#8211; 09.1997, 1698 ccm, 57 cv<br \/>\n1.7 TD, A\u00f1o 01.1994 &#8211; 09.1999, 1698 ccm, 69 cv<br \/>\n1.7 TD, A\u00f1o 01.1994 &#8211; 09.1999, 1698 ccm, 71 cv<br \/>\n1.7 TD (176AT), A\u00f1o 09.1996 &#8211; 09.1999, 1698 ccm, 63 cv<\/p>\n<p>SEAT Toledo II Berlina (1M2)<br \/>\n1.9 TDI, A\u00f1o 03.1999 &#8211; 07.2004, 1896 ccm, 90 cv<br \/>\n1.9 TDI, A\u00f1o 10.1998 &#8211; 07.2004, 1896 ccm, 110 cv<br \/>\n1.9 TDI, A\u00f1o 05.2003 &#8211; 05.2006, 1896 ccm, 130 cv<br \/>\n1.9 TDI, A\u00f1o 10.2000 &#8211; 07.2004, 1896 ccm, 150 cv<br \/>\nSEAT Leon I Hatchback (1M1)<br \/>\n1.9 SDI, A\u00f1o 11.1999 &#8211; 06.2006, 1896 ccm, 68 cv<br \/>\n1.9 TDI, A\u00f1o 11.1999 &#8211; 06.2006, 1896 ccm, 90 cv<br \/>\n1.9 TDI, A\u00f1o 10.2005 &#8211; 06.2006, 1896 ccm, 100 cv<br \/>\n1.9 TDI, A\u00f1o 11.1999 &#8211; 06.2006, 1896 ccm, 110 cv<br \/>\n1.9 TDI, A\u00f1o 05.2003 &#8211; 06.2006, 1896 ccm, 130 cv<br \/>\n1.9 TDI, A\u00f1o 09.2000 &#8211; 06.2006, 1896 ccm, 150 cv<br \/>\n1.9 TDI Syncro, A\u00f1o 05.2002 &#8211; 06.2006, 1896 ccm, 150 cv<\/p>\n<p>LA PIEZA ES NUEVA ACDELCO.<\/p>\n","protected":false},"excerpt":{"rendered":"<p>Filtro de combustible XD9060E ACDELCO de: Altura: 194 mm Di\u00e1metro: 89 mm Di\u00e1metro 3: 13 mm M\u00e9trica: 10X1,5 Rosca interior: 8 mm Rosca exterior: 8 mm FIAT Punto I Hatchback (176) 1.7 D, A\u00f1o 04.1994 &#8211; 09.1997, 1698 ccm, 57 cv 1.7 TD, A\u00f1o 01.1994 &#8211; 09.1999, 1698 ccm, 69 cv 1.7 TD, A\u00f1o 01.1994 [&hellip;]<\/p>\n","protected":false},"featured_media":80197,"template":"","meta":{"_seopress_robots_primary_cat":"","_seopress_titles_title":"","_seopress_titles_desc":"","_seopress_robots_index":""},"product_cat":[20,163,101,26,166],"product_tag":[],"class_list":{"0":"post-3888","1":"product","2":"type-product","3":"status-publish","4":"has-post-thumbnail","6":"product_cat-recambios-fiat","7":"product_cat-recambios-seat-leon","8":"product_cat-recambios-fiat-punto","9":"product_cat-recambios-seat","10":"product_cat-recambios-seat-toledo","12":"first","13":"instock","14":"taxable","15":"shipping-taxable","16":"purchasable","17":"product-type-simple"},"_links":{"self":[{"href":"https:\/\/galicianparts.com\/shop\/wp-json\/wp\/v2\/product\/3888"}],"collection":[{"href":"https:\/\/galicianparts.com\/shop\/wp-json\/wp\/v2\/product"}],"about":[{"href":"https:\/\/galicianparts.com\/shop\/wp-json\/wp\/v2\/types\/product"}],"wp:featuredmedia":[{"embeddable":true,"href":"https:\/\/galicianparts.com\/shop\/wp-json\/wp\/v2\/media\/80197"}],"wp:attachment":[{"href":"https:\/\/galicianparts.com\/shop\/wp-json\/wp\/v2\/media?parent=3888"}],"wp:term":[{"taxonomy":"product_cat","embeddable":true,"href":"https:\/\/galicianparts.com\/shop\/wp-json\/wp\/v2\/product_cat?post=3888"},{"taxonomy":"product_tag","embeddable":true,"href":"https:\/\/galicianparts.com\/shop\/wp-json\/wp\/v2\/product_tag?post=3888"}],"curies":[{"name":"wp","href":"https:\/\/api.w.org\/{rel}","templated":true}]}}