{"id":3900,"date":"2020-09-29T13:44:34","date_gmt":"2020-09-29T11:44:34","guid":{"rendered":"https:\/\/galicianparts.com\/shop\/producto\/71736134-filtro-de-aire-fiat-punto-1997-1999-original\/"},"modified":"2024-02-14T10:25:42","modified_gmt":"2024-02-14T08:25:42","slug":"71736134-filtro-de-aire-fiat-punto-1997-1999-original","status":"publish","type":"product","link":"https:\/\/galicianparts.com\/shop\/producto\/71736134-filtro-de-aire-fiat-punto-1997-1999-original\/","title":{"rendered":"71736134 Filtro aire M 1.2 16V Fiat Punto \/Lancia Ypsilon ORIGINAL"},"content":{"rendered":"<p>Filtro de aire de:<br \/>\nLargo: 380 mm<br \/>\nAlto: 35 mm<br \/>\nAncho: 145 mm<\/p>\n<p>FIAT Punto I Hatchback (176)<br \/>\n1.2 16V, A\u00f1o 04.1997 &#8211; 09.1999, 1242 ccm, 86 cv<br \/>\n1.4 GT Turbo (176AD_), A\u00f1o 10.1993 &#8211; 03.1997, 1372 ccm, 133 cv<br \/>\n1.4 GT Turbo (176AS_), A\u00f1o 09.1996 &#8211; 07.1999, 1372 ccm, 131 cv<br \/>\n1.6, A\u00f1o 01.1994 &#8211; 04.1997, 1581 ccm, 88 cv<br \/>\nFIAT Punto I Cabrio (176)<br \/>\n1.2 16V 85, A\u00f1o 04.1997 &#8211; 06.2000, 1242 ccm, 86 cv<br \/>\n1.6 90, A\u00f1o 04.1994 &#8211; 04.1997, 1581 ccm, 88 cv<\/p>\n<p>LANCIA Y (840)<br \/>\n1.2 16V, A\u00f1o 04.1997 &#8211; 09.2003, 1242 ccm, 86 cv<\/p>\n<p>LA PIEZA ES NUEVA Y ORIGINAL.<\/p>\n","protected":false},"excerpt":{"rendered":"<p>Filtro de aire de: Largo: 380 mm Alto: 35 mm Ancho: 145 mm FIAT Punto I Hatchback (176) 1.2 16V, A\u00f1o 04.1997 &#8211; 09.1999, 1242 ccm, 86 cv 1.4 GT Turbo (176AD_), A\u00f1o 10.1993 &#8211; 03.1997, 1372 ccm, 133 cv 1.4 GT Turbo (176AS_), A\u00f1o 09.1996 &#8211; 07.1999, 1372 ccm, 131 cv 1.6, A\u00f1o 01.1994 [&hellip;]<\/p>\n","protected":false},"featured_media":84103,"template":"","meta":{"_seopress_robots_primary_cat":"","_seopress_titles_title":"","_seopress_titles_desc":"","_seopress_robots_index":""},"product_cat":[20,21,101,127],"product_tag":[],"class_list":{"0":"post-3900","1":"product","2":"type-product","3":"status-publish","4":"has-post-thumbnail","6":"product_cat-recambios-fiat","7":"product_cat-recambios-lancia","8":"product_cat-recambios-fiat-punto","9":"product_cat-recambios-lancia-ypsilon","11":"first","12":"instock","13":"taxable","14":"shipping-taxable","15":"purchasable","16":"product-type-simple"},"_links":{"self":[{"href":"https:\/\/galicianparts.com\/shop\/wp-json\/wp\/v2\/product\/3900"}],"collection":[{"href":"https:\/\/galicianparts.com\/shop\/wp-json\/wp\/v2\/product"}],"about":[{"href":"https:\/\/galicianparts.com\/shop\/wp-json\/wp\/v2\/types\/product"}],"wp:featuredmedia":[{"embeddable":true,"href":"https:\/\/galicianparts.com\/shop\/wp-json\/wp\/v2\/media\/84103"}],"wp:attachment":[{"href":"https:\/\/galicianparts.com\/shop\/wp-json\/wp\/v2\/media?parent=3900"}],"wp:term":[{"taxonomy":"product_cat","embeddable":true,"href":"https:\/\/galicianparts.com\/shop\/wp-json\/wp\/v2\/product_cat?post=3900"},{"taxonomy":"product_tag","embeddable":true,"href":"https:\/\/galicianparts.com\/shop\/wp-json\/wp\/v2\/product_tag?post=3900"}],"curies":[{"name":"wp","href":"https:\/\/api.w.org\/{rel}","templated":true}]}}