{"id":3901,"date":"2020-09-29T13:44:34","date_gmt":"2020-09-29T11:44:34","guid":{"rendered":"https:\/\/galicianparts.com\/shop\/producto\/71736133-filtro-de-aire-fiat-uno-fiat-fiorino-original\/"},"modified":"2023-11-14T12:22:36","modified_gmt":"2023-11-14T10:22:36","slug":"71736133-filtro-de-aire-fiat-uno-fiat-fiorino-original","status":"publish","type":"product","link":"https:\/\/galicianparts.com\/shop\/producto\/71736133-filtro-de-aire-fiat-uno-fiat-fiorino-original\/","title":{"rendered":"71736133 Filtro aire M1.7 Di\u00e9sel Fiat Uno \/Fiorino \/Elba ORIGINAL"},"content":{"rendered":"<p>Filtro de aire de:<br \/>\nLargo: 304 mm<br \/>\nAlto: 47 mm<br \/>\nAncho: 118 mm<\/p>\n<p>FIAT Fiorino II (146)<br \/>\n1.7 D, A\u00f1o 01.1988 &#8211; 10.1999, 1697 ccm, 60 cv<br \/>\n60 1.7 D, A\u00f1o 05.1988 &#8211; 10.1996, 1697 ccm, 57 cv<br \/>\n60 1.7 D, A\u00f1o 05.1988 &#8211; 05.2000, 1698 ccm, 60 cv<br \/>\nFIAT Uno Hatchback (146)<br \/>\n1.7 D, A\u00f1o 11.1994 &#8211; 08.2000, 1697 ccm, 58 cv<br \/>\n60 Diesel 1.7 (146E), A\u00f1o 09.1989 &#8211; 12.1993, 1698 ccm, 57 cv<br \/>\nFIAT Elba<br \/>\n1.7 D, A\u00f1o 04.1991 &#8211; 10.1997, 1698 ccm, 57 cv<br \/>\nFIAT Uno Furg\u00f3n (146) (A\u00f1o 02.1988 &#8211; 07.1996)<br \/>\n1.7 D, A\u00f1o 02.1988 &#8211; 02.1992, 1697 ccm, 58 cv<\/p>\n<p>LA PIEZA ES NUEVA Y ORIGINAL.<\/p>\n","protected":false},"excerpt":{"rendered":"<p>Filtro de aire de: Largo: 304 mm Alto: 47 mm Ancho: 118 mm FIAT Fiorino II (146) 1.7 D, A\u00f1o 01.1988 &#8211; 10.1999, 1697 ccm, 60 cv 60 1.7 D, A\u00f1o 05.1988 &#8211; 10.1996, 1697 ccm, 57 cv 60 1.7 D, A\u00f1o 05.1988 &#8211; 05.2000, 1698 ccm, 60 cv FIAT Uno Hatchback (146) 1.7 D, [&hellip;]<\/p>\n","protected":false},"featured_media":60890,"template":"","meta":{"_seopress_robots_primary_cat":"","_seopress_titles_title":"","_seopress_titles_desc":"","_seopress_robots_index":""},"product_cat":[90,20,91,114],"product_tag":[],"class_list":{"0":"post-3901","1":"product","2":"type-product","3":"status-publish","4":"has-post-thumbnail","6":"product_cat-recambios-fiat-elba","7":"product_cat-recambios-fiat","8":"product_cat-recambios-fiat-fiorino","9":"product_cat-recambios-fiat-uno","11":"first","12":"instock","13":"taxable","14":"shipping-taxable","15":"purchasable","16":"product-type-simple"},"_links":{"self":[{"href":"https:\/\/galicianparts.com\/shop\/wp-json\/wp\/v2\/product\/3901"}],"collection":[{"href":"https:\/\/galicianparts.com\/shop\/wp-json\/wp\/v2\/product"}],"about":[{"href":"https:\/\/galicianparts.com\/shop\/wp-json\/wp\/v2\/types\/product"}],"wp:featuredmedia":[{"embeddable":true,"href":"https:\/\/galicianparts.com\/shop\/wp-json\/wp\/v2\/media\/60890"}],"wp:attachment":[{"href":"https:\/\/galicianparts.com\/shop\/wp-json\/wp\/v2\/media?parent=3901"}],"wp:term":[{"taxonomy":"product_cat","embeddable":true,"href":"https:\/\/galicianparts.com\/shop\/wp-json\/wp\/v2\/product_cat?post=3901"},{"taxonomy":"product_tag","embeddable":true,"href":"https:\/\/galicianparts.com\/shop\/wp-json\/wp\/v2\/product_tag?post=3901"}],"curies":[{"name":"wp","href":"https:\/\/api.w.org\/{rel}","templated":true}]}}