{"id":39100,"date":"2022-02-04T12:15:04","date_gmt":"2022-02-04T10:15:04","guid":{"rendered":"https:\/\/galicianparts.com\/shop\/producto\/82361912-kit-reparacion-pinzas-freno-lancia-delta-i-prisma-seat-marbella-ritmo-ibiza\/"},"modified":"2022-09-26T12:37:18","modified_gmt":"2022-09-26T10:37:18","slug":"82361912-kit-reparacion-pinzas-freno-lancia-delta-i-prisma-seat-marbella-ritmo-ibiza","status":"publish","type":"product","link":"https:\/\/galicianparts.com\/shop\/producto\/82361912-kit-reparacion-pinzas-freno-lancia-delta-i-prisma-seat-marbella-ritmo-ibiza\/","title":{"rendered":"82361912 Kit reparaci\u00f3n pinzas freno Lancia Delta I \/ Prisma \/ Seat Marbella \/ Ritmo \/ Ibiza ORIGINAL"},"content":{"rendered":"<p>Juego de reparaci\u00f3n de las pinzas de freno delanteras de:<br \/>\nLANCIA &#8211; TB DELTA R.86 (1986-1992) 1100 CARB \/ 1300 CARB \/ 1500 CARB<br \/>\nLANCIA PRISMA (831) 1.5 (1985-1992) 1498cc 75cv<br \/>\nSEAT Marbella Hatchback (28)<br \/>\n0.8, A\u00f1o 08.1986 &#8211; 12.1993, 843 , 34<br \/>\n0.9, A\u00f1o 01.1987 &#8211; 12.1993, 903 , 40<br \/>\n0.9, A\u00f1o 07.1997 &#8211; 10.1998, 899 , 44<br \/>\n0.9 CAT, A\u00f1o 01.1990 &#8211; 11.1996, 903 , 40<br \/>\n0.9 CAT, A\u00f1o 11.1996 &#8211; 10.1998, 899 , 41<br \/>\nSEAT Terra (24)<br \/>\n0.9, A\u00f1o 02.1987 &#8211; 12.1996, 903 , 40<br \/>\n0.9 CAT, A\u00f1o 02.1992 &#8211; 12.1994, 903 , 40<br \/>\n1.3 D, A\u00f1o 03.1990 &#8211; 12.1994, 1272 , 45<br \/>\n1.4 D, A\u00f1o 10.1990 &#8211; 12.1995, 1398 , 48<br \/>\nSEAT Ibiza I Hatchback (021A) (A\u00f1o 06.1984 &#8211; 12.1993)<br \/>\nSEAT Malaga (023A) (A\u00f1o 11.1984 &#8211; 12.1993)<br \/>\nSEAT Panda (141A)<br \/>\n0.9, A\u00f1o 10.1980 &#8211; 12.1986, 903 , 42<br \/>\nSEAT Ritmo (138)<br \/>\n1.4, A\u00f1o 07.1978 &#8211; 09.1983, 1438 , 77<br \/>\n1.7 D, A\u00f1o 10.1979 &#8211; 09.1983, 1714 , 56<br \/>\nSEAT Ronda (022A)<br \/>\n1.2, A\u00f1o 10.1984 &#8211; 12.1986, 1193 , 60<br \/>\n1.2, A\u00f1o 08.1983 &#8211; 05.1985, 1193 , 64<br \/>\n1.4, A\u00f1o 06.1982 &#8211; 11.1988, 1438 , 73<br \/>\n1.5, A\u00f1o 09.1984 &#8211; 12.1986, 1461 , 85<br \/>\n1.6, A\u00f1o 08.1983 &#8211; 09.1985, 1592 , 92<br \/>\n1.7 Di\u00e9sel, A\u00f1o 06.1982 &#8211; 12.1986, 1714 , 54<br \/>\n1.7 Di\u00e9sel, A\u00f1o 06.1982 &#8211; 12.1986, 1714 , 56<\/p>\n<p>LA PIEZA ES NUEVA Y ORIGINAL.<\/p>\n","protected":false},"excerpt":{"rendered":"<p>Juego de reparaci\u00f3n de las pinzas de freno delanteras de: LANCIA &#8211; TB DELTA R.86 (1986-1992) 1100 CARB \/ 1300 CARB \/ 1500 CARB LANCIA PRISMA (831) 1.5 (1985-1992) 1498cc 75cv SEAT Marbella Hatchback (28) 0.8, A\u00f1o 08.1986 &#8211; 12.1993, 843 , 34 0.9, A\u00f1o 01.1987 &#8211; 12.1993, 903 , 40 0.9, A\u00f1o 07.1997 &#8211; [&hellip;]<\/p>\n","protected":false},"featured_media":39101,"template":"","meta":{"_seopress_robots_primary_cat":"","_seopress_titles_title":"","_seopress_titles_desc":"","_seopress_robots_index":""},"product_cat":[118,162,21,164,207,237,198,165,26,233],"product_tag":[],"class_list":{"0":"post-39100","1":"product","2":"type-product","3":"status-publish","4":"has-post-thumbnail","6":"product_cat-recambios-lancia-delta","7":"product_cat-recambios-seat-ibiza","8":"product_cat-recambios-lancia","9":"product_cat-recambios-seat-malaga","10":"product_cat-recambios-seat-marbella","11":"product_cat-recambios-seat-panda","12":"product_cat-recambios-seat-ritmo","13":"product_cat-recambios-seat-ronda","14":"product_cat-recambios-seat","15":"product_cat-recambios-seat-terra","17":"first","18":"outofstock","19":"taxable","20":"shipping-taxable","21":"purchasable","22":"product-type-simple"},"_links":{"self":[{"href":"https:\/\/galicianparts.com\/shop\/wp-json\/wp\/v2\/product\/39100"}],"collection":[{"href":"https:\/\/galicianparts.com\/shop\/wp-json\/wp\/v2\/product"}],"about":[{"href":"https:\/\/galicianparts.com\/shop\/wp-json\/wp\/v2\/types\/product"}],"wp:featuredmedia":[{"embeddable":true,"href":"https:\/\/galicianparts.com\/shop\/wp-json\/wp\/v2\/media\/39101"}],"wp:attachment":[{"href":"https:\/\/galicianparts.com\/shop\/wp-json\/wp\/v2\/media?parent=39100"}],"wp:term":[{"taxonomy":"product_cat","embeddable":true,"href":"https:\/\/galicianparts.com\/shop\/wp-json\/wp\/v2\/product_cat?post=39100"},{"taxonomy":"product_tag","embeddable":true,"href":"https:\/\/galicianparts.com\/shop\/wp-json\/wp\/v2\/product_tag?post=39100"}],"curies":[{"name":"wp","href":"https:\/\/api.w.org\/{rel}","templated":true}]}}