{"id":39115,"date":"2022-02-07T10:48:12","date_gmt":"2022-02-07T08:48:12","guid":{"rendered":"https:\/\/galicianparts.com\/shop\/producto\/713085080-boton-elevalunas-trasero-der-lancia-delta-ii-dedra-nueo-original\/"},"modified":"2024-01-25T12:24:51","modified_gmt":"2024-01-25T10:24:51","slug":"713085080-boton-elevalunas-trasero-der-lancia-delta-ii-dedra-nueo-original","status":"publish","type":"product","link":"https:\/\/galicianparts.com\/shop\/producto\/713085080-boton-elevalunas-trasero-der-lancia-delta-ii-dedra-nueo-original\/","title":{"rendered":"713085080 Bot\u00f3n elevalunas trasero der. Lancia Delta II \/ Dedra NUEVO ORIGINAL"},"content":{"rendered":"<p>Interruptor del elevalunas el\u00e9ctrico del cristial de la ventanilla de la puerta trasera derecha.<br \/>\nLANCIA &#8211; SL DEDRA FL.94 1580-1750 8\/16V 2000 (1994-1999) ELEVALUNAS EL\u00c9CTRICO TRASERO<br \/>\nLANCIA &#8211; SM DEDRA FL.94 1750-2.0 (1994-1999) ELEVALUNAS EL\u00c9CTRICO TRASERO<br \/>\nLANCIA &#8211; SN DEDRA FL.94 T.DS (1994-1999) ELEVALUNAS EL\u00c9CTRICO TRASERO<br \/>\nLANCIA &#8211; SF N.DELTA 1400-1600-1800(1993-1999) ELEVALUNAS EL\u00c9CTRICO TRASERO<br \/>\nLANCIA &#8211; SG N.DELTA 2.0 -1750 132CV (&#8217;93-&#8217;99) HF LS \/ ELEVALUNAS EL\u00c9CTRICO TRASERO<br \/>\nLANCIA &#8211; SQ N.DELTA TB\/DS (1994-1999)<\/p>\n<p>LA PIEZA ES NUEVA Y ORIGINAL.<\/p>\n","protected":false},"excerpt":{"rendered":"<p>Interruptor del elevalunas el\u00e9ctrico del cristial de la ventanilla de la puerta trasera derecha. LANCIA &#8211; SL DEDRA FL.94 1580-1750 8\/16V 2000 (1994-1999) ELEVALUNAS EL\u00c9CTRICO TRASERO LANCIA &#8211; SM DEDRA FL.94 1750-2.0 (1994-1999) ELEVALUNAS EL\u00c9CTRICO TRASERO LANCIA &#8211; SN DEDRA FL.94 T.DS (1994-1999) ELEVALUNAS EL\u00c9CTRICO TRASERO LANCIA &#8211; SF N.DELTA 1400-1600-1800(1993-1999) ELEVALUNAS EL\u00c9CTRICO TRASERO LANCIA [&hellip;]<\/p>\n","protected":false},"featured_media":39116,"template":"","meta":{"_seopress_robots_primary_cat":"","_seopress_titles_title":"","_seopress_titles_desc":"","_seopress_robots_index":""},"product_cat":[117,118,21],"product_tag":[],"class_list":{"0":"post-39115","1":"product","2":"type-product","3":"status-publish","4":"has-post-thumbnail","6":"product_cat-recambios-lancia-dedra","7":"product_cat-recambios-lancia-delta","8":"product_cat-recambios-lancia","10":"first","11":"outofstock","12":"taxable","13":"shipping-taxable","14":"purchasable","15":"product-type-simple"},"_links":{"self":[{"href":"https:\/\/galicianparts.com\/shop\/wp-json\/wp\/v2\/product\/39115"}],"collection":[{"href":"https:\/\/galicianparts.com\/shop\/wp-json\/wp\/v2\/product"}],"about":[{"href":"https:\/\/galicianparts.com\/shop\/wp-json\/wp\/v2\/types\/product"}],"wp:featuredmedia":[{"embeddable":true,"href":"https:\/\/galicianparts.com\/shop\/wp-json\/wp\/v2\/media\/39116"}],"wp:attachment":[{"href":"https:\/\/galicianparts.com\/shop\/wp-json\/wp\/v2\/media?parent=39115"}],"wp:term":[{"taxonomy":"product_cat","embeddable":true,"href":"https:\/\/galicianparts.com\/shop\/wp-json\/wp\/v2\/product_cat?post=39115"},{"taxonomy":"product_tag","embeddable":true,"href":"https:\/\/galicianparts.com\/shop\/wp-json\/wp\/v2\/product_tag?post=39115"}],"curies":[{"name":"wp","href":"https:\/\/api.w.org\/{rel}","templated":true}]}}