{"id":3929,"date":"2020-09-29T13:44:49","date_gmt":"2020-09-29T11:44:49","guid":{"rendered":"https:\/\/galicianparts.com\/shop\/producto\/79023774-pinon-motor-de-arranque-fiat-campagnola\/"},"modified":"2023-12-13T13:42:16","modified_gmt":"2023-12-13T11:42:16","slug":"79023774-pinon-motor-de-arranque-fiat-campagnola","status":"publish","type":"product","link":"https:\/\/galicianparts.com\/shop\/producto\/79023774-pinon-motor-de-arranque-fiat-campagnola\/","title":{"rendered":"79023774 Pi\u00f1\u00f3n motor arranque Fiat Campagnola \/Iveco Daily NUEVO ORIGINAL"},"content":{"rendered":"<p>Pi\u00f1\u00f3n motor de arranque de:<br \/>\nFIAT Campagnola<br \/>\n2.4 D, A\u00f1o 06.1974 &#8211; 10.1989, 2445 ccm, 72 cv<\/p>\n<p>IVECO Daily I<br \/>\n2.4 30-8, A\u00f1o 01.1978 &#8211; 12.1989, 2445 ccm, 72 cv<br \/>\n2.4 35-10, A\u00f1o 01.1985 &#8211; 12.1989, 2445 ccm, 92 cv<br \/>\n2.4 40-8 V, A\u00f1o 01.1983 &#8211; 06.1989, 2445 ccm, 72 cv<br \/>\n2.4 45-10 V, A\u00f1o 01.1985 &#8211; 12.1989, 2445 ccm, 92 cv<br \/>\n2.4 49-10 V, A\u00f1o 01.1985 &#8211; 12.1989, 2445 ccm, 92 cv<br \/>\nIVECO Daily II Cami\u00f3n de plataforma\/Chasis<br \/>\n2.5 30-8, A\u00f1o 01.1992 &#8211; 08.1998, 2499 ccm, 75 cv<br \/>\n30-8 (12910211, 12911111, 12911112, 12911117, 12911131,&#8230;, A\u00f1o 01.1992 &#8211; 08.1998, 2499 ccm, 82 cv<br \/>\n2.5 35-10, A\u00f1o 01.1989 &#8211; 12.1996, 2499 ccm, 92 cv<br \/>\n2.5 35-10, A\u00f1o 01.1989 &#8211; 12.1996, 2499 ccm, 103 cv<br \/>\n2.5 35-12, A\u00f1o 01.1990 &#8211; 04.1996, 2499 ccm, 116 cv<br \/>\n2.5 35-8, A\u00f1o 01.1989 &#8211; 08.1998, 2499 ccm, 75 cv<br \/>\n2.5 35-8, A\u00f1o 01.1989 &#8211; 08.1998, 2499 ccm, 82 cv<br \/>\n2.5 45-10, A\u00f1o 01.1989 &#8211; 04.1996, 2499 ccm, 103 cv<br \/>\n49-10 (13050211, 13050231, 13050304, 13050311, 13050331,&#8230;, A\u00f1o 01.1989 &#8211; 04.1996, 2499 ccm, 103 cv<br \/>\n2.5 49-12, A\u00f1o 06.1990 &#8211; 04.1996, 2499 ccm, 116 cv<br \/>\n2.5 59-12, A\u00f1o 05.1991 &#8211; 04.1996, 2499 ccm, 116 cv<br \/>\nIVECO Daily II Furg\u00f3n \/ Familiar<br \/>\n2.5 30-8, A\u00f1o 01.1989 &#8211; 08.1998, 2499 ccm, 75 cv<br \/>\n2.5 30-8, A\u00f1o 01.1989 &#8211; 08.1998, 2499 ccm, 82 cv<br \/>\n2.5 35-10, A\u00f1o 01.1989 &#8211; 08.1998, 2499 ccm, 103 cv<br \/>\n2.5 35-10, A\u00f1o 01.1989 &#8211; 08.1998, 2499 ccm, 109 cv<br \/>\n2.5 35-12, A\u00f1o 01.1990 &#8211; 04.1996, 2499 ccm, 116 cv<br \/>\n2.5 35-8, A\u00f1o 01.1991 &#8211; 08.1998, 2499 ccm, 75 cv<br \/>\n2.5 35-8, A\u00f1o 01.1991 &#8211; 08.1998, 2499 ccm, 82 cv<br \/>\n40-10 V, A\u00f1o 01.1990 &#8211; 04.1996, 2499 ccm, 103 cv<br \/>\n2.5 45-10 V, A\u00f1o 01.1989 &#8211; 04.1996, 2499 ccm, 103 cv<br \/>\n2.5 49-10 V, A\u00f1o 01.1989 &#8211; 04.1996, 2499 ccm, 103 cv<br \/>\n2.5 49-12 V, A\u00f1o 06.1990 &#8211; 04.1996, 2499 ccm, 116 cv<br \/>\n2.5 59-12 V, A\u00f1o 05.1991 &#8211; 04.1996, 2499 ccm, 116 cv<\/p>\n<p>LA PIEZA ES NUEVA Y ORIGINAL.<\/p>\n","protected":false},"excerpt":{"rendered":"<p>Pi\u00f1\u00f3n motor de arranque de: FIAT Campagnola 2.4 D, A\u00f1o 06.1974 &#8211; 10.1989, 2445 ccm, 72 cv IVECO Daily I 2.4 30-8, A\u00f1o 01.1978 &#8211; 12.1989, 2445 ccm, 72 cv 2.4 35-10, A\u00f1o 01.1985 &#8211; 12.1989, 2445 ccm, 92 cv 2.4 40-8 V, A\u00f1o 01.1983 &#8211; 06.1989, 2445 ccm, 72 cv 2.4 45-10 V, A\u00f1o [&hellip;]<\/p>\n","protected":false},"featured_media":80268,"template":"","meta":{"_seopress_robots_primary_cat":"","_seopress_titles_title":"","_seopress_titles_desc":"","_seopress_robots_index":""},"product_cat":[83,20],"product_tag":[],"class_list":{"0":"post-3929","1":"product","2":"type-product","3":"status-publish","4":"has-post-thumbnail","6":"product_cat-recambios-fiat-campagnola","7":"product_cat-recambios-fiat","9":"first","10":"outofstock","11":"taxable","12":"shipping-taxable","13":"purchasable","14":"product-type-simple"},"_links":{"self":[{"href":"https:\/\/galicianparts.com\/shop\/wp-json\/wp\/v2\/product\/3929"}],"collection":[{"href":"https:\/\/galicianparts.com\/shop\/wp-json\/wp\/v2\/product"}],"about":[{"href":"https:\/\/galicianparts.com\/shop\/wp-json\/wp\/v2\/types\/product"}],"wp:featuredmedia":[{"embeddable":true,"href":"https:\/\/galicianparts.com\/shop\/wp-json\/wp\/v2\/media\/80268"}],"wp:attachment":[{"href":"https:\/\/galicianparts.com\/shop\/wp-json\/wp\/v2\/media?parent=3929"}],"wp:term":[{"taxonomy":"product_cat","embeddable":true,"href":"https:\/\/galicianparts.com\/shop\/wp-json\/wp\/v2\/product_cat?post=3929"},{"taxonomy":"product_tag","embeddable":true,"href":"https:\/\/galicianparts.com\/shop\/wp-json\/wp\/v2\/product_tag?post=3929"}],"curies":[{"name":"wp","href":"https:\/\/api.w.org\/{rel}","templated":true}]}}