{"id":39316,"date":"2022-02-09T11:24:21","date_gmt":"2022-02-09T09:24:21","guid":{"rendered":"https:\/\/galicianparts.com\/shop\/producto\/71711171-boton-luneta-termica-trasera-lancia-ypsilon-1995-2000-nueva-original\/"},"modified":"2022-02-09T11:31:29","modified_gmt":"2022-02-09T09:31:29","slug":"71711171-boton-luneta-termica-trasera-lancia-ypsilon-1995-2000-nueva-original","status":"publish","type":"product","link":"https:\/\/galicianparts.com\/shop\/producto\/71711171-boton-luneta-termica-trasera-lancia-ypsilon-1995-2000-nueva-original\/","title":{"rendered":"71711171 Bot\u00f3n luneta t\u00e9rmica trasera Lancia Ypsilon (1995-2000) NUEVA ORIGINAL"},"content":{"rendered":"<p>Interruptor de la consola central del salpicadero, bot\u00f3n de desempa\u00f1ado del cristal del port\u00f3n del maletero de:<br \/>\nLANCIA &#8211; SU Y (1995-2000)<\/p>\n<p>LA PIEZA ES NUEVA Y ORIGINAL.<\/p>\n","protected":false},"excerpt":{"rendered":"<p>Interruptor de la consola central del salpicadero, bot\u00f3n de desempa\u00f1ado del cristal del port\u00f3n del maletero de: LANCIA &#8211; SU Y (1995-2000) LA PIEZA ES NUEVA Y ORIGINAL.<\/p>\n","protected":false},"featured_media":39321,"template":"","meta":{"_seopress_robots_primary_cat":"","_seopress_titles_title":"","_seopress_titles_desc":"","_seopress_robots_index":""},"product_cat":[21,127],"product_tag":[],"class_list":{"0":"post-39316","1":"product","2":"type-product","3":"status-publish","4":"has-post-thumbnail","6":"product_cat-recambios-lancia","7":"product_cat-recambios-lancia-ypsilon","9":"first","10":"instock","11":"taxable","12":"shipping-taxable","13":"purchasable","14":"product-type-simple"},"_links":{"self":[{"href":"https:\/\/galicianparts.com\/shop\/wp-json\/wp\/v2\/product\/39316"}],"collection":[{"href":"https:\/\/galicianparts.com\/shop\/wp-json\/wp\/v2\/product"}],"about":[{"href":"https:\/\/galicianparts.com\/shop\/wp-json\/wp\/v2\/types\/product"}],"wp:featuredmedia":[{"embeddable":true,"href":"https:\/\/galicianparts.com\/shop\/wp-json\/wp\/v2\/media\/39321"}],"wp:attachment":[{"href":"https:\/\/galicianparts.com\/shop\/wp-json\/wp\/v2\/media?parent=39316"}],"wp:term":[{"taxonomy":"product_cat","embeddable":true,"href":"https:\/\/galicianparts.com\/shop\/wp-json\/wp\/v2\/product_cat?post=39316"},{"taxonomy":"product_tag","embeddable":true,"href":"https:\/\/galicianparts.com\/shop\/wp-json\/wp\/v2\/product_tag?post=39316"}],"curies":[{"name":"wp","href":"https:\/\/api.w.org\/{rel}","templated":true}]}}