{"id":39337,"date":"2022-02-09T12:29:20","date_gmt":"2022-02-09T10:29:20","guid":{"rendered":"https:\/\/galicianparts.com\/shop\/producto\/9932923-pinon-motor-arranque-lancia-delta-integrale-hf-turbo-fiat-uno-turbo-nuevo-original\/"},"modified":"2024-10-15T11:58:23","modified_gmt":"2024-10-15T09:58:23","slug":"9932923-pinon-motor-arranque-lancia-delta-integrale-hf-turbo-fiat-uno-turbo-nuevo-original","status":"publish","type":"product","link":"https:\/\/galicianparts.com\/shop\/producto\/9932923-pinon-motor-arranque-lancia-delta-integrale-hf-turbo-fiat-uno-turbo-nuevo-original\/","title":{"rendered":"9932923 Pi\u00f1\u00f3n motor arranque Lancia Delta Integrale \/HF Turbo \/Fiat Uno Turbo ORIGINAL"},"content":{"rendered":"<p>Engranaje del motor de arranque de:<br \/>\nN\u00ba dientes: 11<br \/>\nDi\u00e1metro pi\u00f1\u00f3n: 29,5 mm<br \/>\nLargo total: 64 mm<\/p>\n<p>FIAT &#8211; XP ELBA CSL (1991-1996) 1372 SPI USA&#8217;83 (MONOJETRONIC) \/ 1500 SPI USA&#8217;83 \/ 1580 SPI USA&#8217;83 (MONOJETRONIC) \/ 1372 SPI CEE F2 (MONOMOTRONIC) \/ 1580 SPI CEE F2 (MONOMOTRONIC)<br \/>\nFIAT &#8211; MS UNO R\/89 (1989-1995) 1116 \/ CAMBIO AUTOMATICO<br \/>\nFIAT &#8211; MS UNO R\/89 (1989-1995) 1500 SPI USA&#8217;83<br \/>\nFIAT &#8211; MT UNO TURBO R\/89 (1989-1993)<br \/>\nLANCIA &#8211; RT DELTA 4WD (1986-1991) 2000 8V \/ 2000 8V COMP.MIGLIORATA<br \/>\nLANCIA &#8211; TB DELTA R.86 (1986-1992) 1500 CARB<br \/>\nLANCIA &#8211; TB DELTA R.86 (1986-1992) 1600 MPI \/ 1600 SPI USA 83<br \/>\nLANCIA &#8211; TB DELTA R.86 HF TURBO (1986-1992) 1600 MPI TB \/ 1600 MPI TB USA 83<br \/>\nFIAT PROFESSIONAL &#8211; 2M FIORINO (1991-1993) 1500 SPI USA&#8217;83<br \/>\nFIAT PROFESSIONAL &#8211; 2N FIORINO RL (1993-2000) 1372 SPI \/ 1580 SPI \/ 1372 SPI C.F.2 \/ 1580 SPI C.F.2<\/p>\n<p>LA PIEZA ES NUEVA Y ORIGINAL.<\/p>\n","protected":false},"excerpt":{"rendered":"<p>Engranaje del motor de arranque de: N\u00ba dientes: 11 Di\u00e1metro pi\u00f1\u00f3n: 29,5 mm Largo total: 64 mm FIAT &#8211; XP ELBA CSL (1991-1996) 1372 SPI USA&#8217;83 (MONOJETRONIC) \/ 1500 SPI USA&#8217;83 \/ 1580 SPI USA&#8217;83 (MONOJETRONIC) \/ 1372 SPI CEE F2 (MONOMOTRONIC) \/ 1580 SPI CEE F2 (MONOMOTRONIC) FIAT &#8211; MS UNO R\/89 (1989-1995) 1116 [&hellip;]<\/p>\n","protected":false},"featured_media":39338,"template":"","meta":{"_seopress_robots_primary_cat":"","_seopress_titles_title":"","_seopress_titles_desc":"","_seopress_robots_index":""},"product_cat":[118,90,20,91,21,114],"product_tag":[],"class_list":{"0":"post-39337","1":"product","2":"type-product","3":"status-publish","4":"has-post-thumbnail","6":"product_cat-recambios-lancia-delta","7":"product_cat-recambios-fiat-elba","8":"product_cat-recambios-fiat","9":"product_cat-recambios-fiat-fiorino","10":"product_cat-recambios-lancia","11":"product_cat-recambios-fiat-uno","13":"first","14":"instock","15":"taxable","16":"shipping-taxable","17":"purchasable","18":"product-type-simple"},"_links":{"self":[{"href":"https:\/\/galicianparts.com\/shop\/wp-json\/wp\/v2\/product\/39337"}],"collection":[{"href":"https:\/\/galicianparts.com\/shop\/wp-json\/wp\/v2\/product"}],"about":[{"href":"https:\/\/galicianparts.com\/shop\/wp-json\/wp\/v2\/types\/product"}],"wp:featuredmedia":[{"embeddable":true,"href":"https:\/\/galicianparts.com\/shop\/wp-json\/wp\/v2\/media\/39338"}],"wp:attachment":[{"href":"https:\/\/galicianparts.com\/shop\/wp-json\/wp\/v2\/media?parent=39337"}],"wp:term":[{"taxonomy":"product_cat","embeddable":true,"href":"https:\/\/galicianparts.com\/shop\/wp-json\/wp\/v2\/product_cat?post=39337"},{"taxonomy":"product_tag","embeddable":true,"href":"https:\/\/galicianparts.com\/shop\/wp-json\/wp\/v2\/product_tag?post=39337"}],"curies":[{"name":"wp","href":"https:\/\/api.w.org\/{rel}","templated":true}]}}