{"id":3939,"date":"2020-09-29T13:44:54","date_gmt":"2020-09-29T11:44:54","guid":{"rendered":"https:\/\/galicianparts.com\/shop\/producto\/50901595-aleron-fiat-bravo-2007\/"},"modified":"2023-04-08T19:47:50","modified_gmt":"2023-04-08T17:47:50","slug":"50901595-aleron-fiat-bravo-2007","status":"publish","type":"product","link":"https:\/\/galicianparts.com\/shop\/producto\/50901595-aleron-fiat-bravo-2007\/","title":{"rendered":"50901595 Aler\u00f3n port\u00f3n trasero Fiat Bravo (2007-2014) NUEVO ORIGINAL LINEACCESSORI"},"content":{"rendered":"<p>Spoiler del port\u00f3n del maletero de:<br \/>\nFIAT BRAVO (2007-2014)<\/p>\n<p>LA PIEZA ES NUEVA Y ORIGINAL FIAT LINEACCESSORI.<\/p>\n","protected":false},"excerpt":{"rendered":"<p>Spoiler del port\u00f3n del maletero de: FIAT BRAVO (2007-2014) LA PIEZA ES NUEVA Y ORIGINAL FIAT LINEACCESSORI.<\/p>\n","protected":false},"featured_media":70556,"template":"","meta":{"_seopress_robots_primary_cat":"","_seopress_titles_title":"","_seopress_titles_desc":"","_seopress_robots_index":""},"product_cat":[82,20],"product_tag":[],"class_list":{"0":"post-3939","1":"product","2":"type-product","3":"status-publish","4":"has-post-thumbnail","6":"product_cat-recambios-fiat-bravo","7":"product_cat-recambios-fiat","9":"first","10":"outofstock","11":"taxable","12":"shipping-taxable","13":"purchasable","14":"product-type-simple"},"_links":{"self":[{"href":"https:\/\/galicianparts.com\/shop\/wp-json\/wp\/v2\/product\/3939"}],"collection":[{"href":"https:\/\/galicianparts.com\/shop\/wp-json\/wp\/v2\/product"}],"about":[{"href":"https:\/\/galicianparts.com\/shop\/wp-json\/wp\/v2\/types\/product"}],"wp:featuredmedia":[{"embeddable":true,"href":"https:\/\/galicianparts.com\/shop\/wp-json\/wp\/v2\/media\/70556"}],"wp:attachment":[{"href":"https:\/\/galicianparts.com\/shop\/wp-json\/wp\/v2\/media?parent=3939"}],"wp:term":[{"taxonomy":"product_cat","embeddable":true,"href":"https:\/\/galicianparts.com\/shop\/wp-json\/wp\/v2\/product_cat?post=3939"},{"taxonomy":"product_tag","embeddable":true,"href":"https:\/\/galicianparts.com\/shop\/wp-json\/wp\/v2\/product_tag?post=3939"}],"curies":[{"name":"wp","href":"https:\/\/api.w.org\/{rel}","templated":true}]}}