{"id":3951,"date":"2020-09-29T13:44:59","date_gmt":"2020-09-29T11:44:59","guid":{"rendered":"https:\/\/galicianparts.com\/shop\/producto\/71719588-centralita-abs-fiat-idea-lancia-musa-nueva-original\/"},"modified":"2024-05-20T09:55:51","modified_gmt":"2024-05-20T07:55:51","slug":"71719588-centralita-abs-fiat-idea-lancia-musa-nueva-original","status":"publish","type":"product","link":"https:\/\/galicianparts.com\/shop\/producto\/71719588-centralita-abs-fiat-idea-lancia-musa-nueva-original\/","title":{"rendered":"71719588 Centralita ABS Fiat Idea \/Lancia Musa NUEVA ORIGINAL"},"content":{"rendered":"<p>ECU, m\u00f3dulo del ABS para modelos con control de crucero de:<br \/>\nFIAT &#8211; 2S IDEA (2003-2008) CONTROL DIN\u00c1MICO DEL VEH\u00cdCULO<br \/>\nLANCIA &#8211; TG MUSA (2004-2007) CONTROL DIN\u00c1MICO DEL VEH\u00cdCULO<\/p>\n<p>LA PIEZA ES NUEVA Y ORIGINAL.<\/p>\n","protected":false},"excerpt":{"rendered":"<p>ECU, m\u00f3dulo del ABS para modelos con control de crucero de: FIAT &#8211; 2S IDEA (2003-2008) CONTROL DIN\u00c1MICO DEL VEH\u00cdCULO LANCIA &#8211; TG MUSA (2004-2007) CONTROL DIN\u00c1MICO DEL VEH\u00cdCULO LA PIEZA ES NUEVA Y ORIGINAL.<\/p>\n","protected":false},"featured_media":80342,"template":"","meta":{"_seopress_robots_primary_cat":"","_seopress_titles_title":"","_seopress_titles_desc":"","_seopress_robots_index":""},"product_cat":[20,93,21,121],"product_tag":[],"class_list":{"0":"post-3951","1":"product","2":"type-product","3":"status-publish","4":"has-post-thumbnail","6":"product_cat-recambios-fiat","7":"product_cat-recambios-fiat-idea","8":"product_cat-recambios-lancia","9":"product_cat-recambios-lancia-musa","11":"first","12":"instock","13":"taxable","14":"shipping-taxable","15":"purchasable","16":"product-type-simple"},"_links":{"self":[{"href":"https:\/\/galicianparts.com\/shop\/wp-json\/wp\/v2\/product\/3951"}],"collection":[{"href":"https:\/\/galicianparts.com\/shop\/wp-json\/wp\/v2\/product"}],"about":[{"href":"https:\/\/galicianparts.com\/shop\/wp-json\/wp\/v2\/types\/product"}],"wp:featuredmedia":[{"embeddable":true,"href":"https:\/\/galicianparts.com\/shop\/wp-json\/wp\/v2\/media\/80342"}],"wp:attachment":[{"href":"https:\/\/galicianparts.com\/shop\/wp-json\/wp\/v2\/media?parent=3951"}],"wp:term":[{"taxonomy":"product_cat","embeddable":true,"href":"https:\/\/galicianparts.com\/shop\/wp-json\/wp\/v2\/product_cat?post=3951"},{"taxonomy":"product_tag","embeddable":true,"href":"https:\/\/galicianparts.com\/shop\/wp-json\/wp\/v2\/product_tag?post=3951"}],"curies":[{"name":"wp","href":"https:\/\/api.w.org\/{rel}","templated":true}]}}