{"id":39513,"date":"2022-02-10T14:24:37","date_gmt":"2022-02-10T12:24:37","guid":{"rendered":"https:\/\/galicianparts.com\/shop\/producto\/46722186-sensor-temperatura-modulo-calefaccion-fiat-brava-1-8-16v-1998-2001-nuevo-original\/"},"modified":"2022-02-22T12:16:52","modified_gmt":"2022-02-22T10:16:52","slug":"46722186-sensor-temperatura-modulo-calefaccion-fiat-brava-1-8-16v-1998-2001-nuevo-original","status":"publish","type":"product","link":"https:\/\/galicianparts.com\/shop\/producto\/46722186-sensor-temperatura-modulo-calefaccion-fiat-brava-1-8-16v-1998-2001-nuevo-original\/","title":{"rendered":"46722186 Sensor temperatura m\u00f3dulo calefacci\u00f3n Fiat Brava 1.8 16V (1998-2001) NUEVO ORIGINAL"},"content":{"rendered":"<p>Sensor de temperatura del m\u00f3dulo de calefacci\u00f3n de:<br \/>\nFIAT &#8211; 1M BRAVA G.98 (1998-2001) 1800 16V<\/p>\n<p>LA PIEZA ES NUEVA Y ORIGINAL.<\/p>\n","protected":false},"excerpt":{"rendered":"<p>Sensor de temperatura del m\u00f3dulo de calefacci\u00f3n de: FIAT &#8211; 1M BRAVA G.98 (1998-2001) 1800 16V LA PIEZA ES NUEVA Y ORIGINAL.<\/p>\n","protected":false},"featured_media":39515,"template":"","meta":{"_seopress_robots_primary_cat":"","_seopress_titles_title":"","_seopress_titles_desc":"","_seopress_robots_index":""},"product_cat":[81,20],"product_tag":[],"class_list":{"0":"post-39513","1":"product","2":"type-product","3":"status-publish","4":"has-post-thumbnail","6":"product_cat-recambios-fiat-brava","7":"product_cat-recambios-fiat","9":"first","10":"instock","11":"taxable","12":"shipping-taxable","13":"purchasable","14":"product-type-simple"},"_links":{"self":[{"href":"https:\/\/galicianparts.com\/shop\/wp-json\/wp\/v2\/product\/39513"}],"collection":[{"href":"https:\/\/galicianparts.com\/shop\/wp-json\/wp\/v2\/product"}],"about":[{"href":"https:\/\/galicianparts.com\/shop\/wp-json\/wp\/v2\/types\/product"}],"wp:featuredmedia":[{"embeddable":true,"href":"https:\/\/galicianparts.com\/shop\/wp-json\/wp\/v2\/media\/39515"}],"wp:attachment":[{"href":"https:\/\/galicianparts.com\/shop\/wp-json\/wp\/v2\/media?parent=39513"}],"wp:term":[{"taxonomy":"product_cat","embeddable":true,"href":"https:\/\/galicianparts.com\/shop\/wp-json\/wp\/v2\/product_cat?post=39513"},{"taxonomy":"product_tag","embeddable":true,"href":"https:\/\/galicianparts.com\/shop\/wp-json\/wp\/v2\/product_tag?post=39513"}],"curies":[{"name":"wp","href":"https:\/\/api.w.org\/{rel}","templated":true}]}}