{"id":3952,"date":"2020-09-29T13:45:00","date_gmt":"2020-09-29T11:45:00","guid":{"rendered":"https:\/\/galicianparts.com\/shop\/producto\/82309695-luz-matricula-lancia-beta-hpe-nueva-original\/"},"modified":"2024-03-25T10:31:40","modified_gmt":"2024-03-25T08:31:40","slug":"82309695-luz-matricula-lancia-beta-hpe-nueva-original","status":"publish","type":"product","link":"https:\/\/galicianparts.com\/shop\/producto\/82309695-luz-matricula-lancia-beta-hpe-nueva-original\/","title":{"rendered":"82309695 Luz matr\u00edcula trasera Lancia Beta Coup\u00e9 NUEVA ORIGINAL SEIMA"},"content":{"rendered":"<p>Faro, piloto de la matr\u00edcula posterior de:<br \/>\nLANCIA &#8211; BETA COUPE<br \/>\nLANCIA &#8211; BETA HPE<\/p>\n<p>LA PIEZA ES NUEVA Y ORIGINAL SEIMA.<\/p>\n","protected":false},"excerpt":{"rendered":"<p>Faro, piloto de la matr\u00edcula posterior de: LANCIA &#8211; BETA COUPE LANCIA &#8211; BETA HPE LA PIEZA ES NUEVA Y ORIGINAL SEIMA.<\/p>\n","protected":false},"featured_media":79202,"template":"","meta":{"_seopress_robots_primary_cat":"","_seopress_titles_title":"","_seopress_titles_desc":"","_seopress_robots_index":""},"product_cat":[116,21],"product_tag":[],"class_list":{"0":"post-3952","1":"product","2":"type-product","3":"status-publish","4":"has-post-thumbnail","6":"product_cat-recambios-lancia-beta","7":"product_cat-recambios-lancia","9":"first","10":"outofstock","11":"taxable","12":"shipping-taxable","13":"purchasable","14":"product-type-simple"},"_links":{"self":[{"href":"https:\/\/galicianparts.com\/shop\/wp-json\/wp\/v2\/product\/3952"}],"collection":[{"href":"https:\/\/galicianparts.com\/shop\/wp-json\/wp\/v2\/product"}],"about":[{"href":"https:\/\/galicianparts.com\/shop\/wp-json\/wp\/v2\/types\/product"}],"wp:featuredmedia":[{"embeddable":true,"href":"https:\/\/galicianparts.com\/shop\/wp-json\/wp\/v2\/media\/79202"}],"wp:attachment":[{"href":"https:\/\/galicianparts.com\/shop\/wp-json\/wp\/v2\/media?parent=3952"}],"wp:term":[{"taxonomy":"product_cat","embeddable":true,"href":"https:\/\/galicianparts.com\/shop\/wp-json\/wp\/v2\/product_cat?post=3952"},{"taxonomy":"product_tag","embeddable":true,"href":"https:\/\/galicianparts.com\/shop\/wp-json\/wp\/v2\/product_tag?post=3952"}],"curies":[{"name":"wp","href":"https:\/\/api.w.org\/{rel}","templated":true}]}}