{"id":39579,"date":"2022-02-15T09:38:02","date_gmt":"2022-02-15T07:38:02","guid":{"rendered":"https:\/\/galicianparts.com\/shop\/producto\/7784324-manguito-valvula-deposito-combustible-fiat-punto-1993-1999-nuevo-original\/"},"modified":"2022-02-16T11:20:55","modified_gmt":"2022-02-16T09:20:55","slug":"7784324-manguito-valvula-deposito-combustible-fiat-punto-1993-1999-nuevo-original","status":"publish","type":"product","link":"https:\/\/galicianparts.com\/shop\/producto\/7784324-manguito-valvula-deposito-combustible-fiat-punto-1993-1999-nuevo-original\/","title":{"rendered":"7784324 Manguito v\u00e1lvula dep\u00f3sito combustible Fiat Punto (1993-1999) NUEVO ORIGINAL"},"content":{"rendered":"<p>Tubo de electrov\u00e1lvula del dep\u00f3sito de carburante de:<br \/>\nFIAT &#8211; NV PUNTO (1993-1997) ESTE EUROPA \/ 1.1 SPI 176A6000<br \/>\nFIAT &#8211; 1A PUNTO BZ. GAMMA &#8217;97 (1997-1999) 1108 SPI EM.04<br \/>\nFIAT &#8211; NX PUNTO D-TD (1993-1997)<br \/>\nFIAT &#8211; 1B PUNTO TB.DS. GAMMA&#8217;97 (1997-1999)<\/p>\n<p>LA PIEZA ES NUEVA Y ORIGINAL.<\/p>\n","protected":false},"excerpt":{"rendered":"<p>Tubo de electrov\u00e1lvula del dep\u00f3sito de carburante de: FIAT &#8211; NV PUNTO (1993-1997) ESTE EUROPA \/ 1.1 SPI 176A6000 FIAT &#8211; 1A PUNTO BZ. GAMMA &#8217;97 (1997-1999) 1108 SPI EM.04 FIAT &#8211; NX PUNTO D-TD (1993-1997) FIAT &#8211; 1B PUNTO TB.DS. GAMMA&#8217;97 (1997-1999) LA PIEZA ES NUEVA Y ORIGINAL.<\/p>\n","protected":false},"featured_media":39790,"template":"","meta":{"_seopress_robots_primary_cat":"","_seopress_titles_title":"","_seopress_titles_desc":"","_seopress_robots_index":""},"product_cat":[20,101],"product_tag":[],"class_list":{"0":"post-39579","1":"product","2":"type-product","3":"status-publish","4":"has-post-thumbnail","6":"product_cat-recambios-fiat","7":"product_cat-recambios-fiat-punto","9":"first","10":"instock","11":"taxable","12":"shipping-taxable","13":"purchasable","14":"product-type-simple"},"_links":{"self":[{"href":"https:\/\/galicianparts.com\/shop\/wp-json\/wp\/v2\/product\/39579"}],"collection":[{"href":"https:\/\/galicianparts.com\/shop\/wp-json\/wp\/v2\/product"}],"about":[{"href":"https:\/\/galicianparts.com\/shop\/wp-json\/wp\/v2\/types\/product"}],"wp:featuredmedia":[{"embeddable":true,"href":"https:\/\/galicianparts.com\/shop\/wp-json\/wp\/v2\/media\/39790"}],"wp:attachment":[{"href":"https:\/\/galicianparts.com\/shop\/wp-json\/wp\/v2\/media?parent=39579"}],"wp:term":[{"taxonomy":"product_cat","embeddable":true,"href":"https:\/\/galicianparts.com\/shop\/wp-json\/wp\/v2\/product_cat?post=39579"},{"taxonomy":"product_tag","embeddable":true,"href":"https:\/\/galicianparts.com\/shop\/wp-json\/wp\/v2\/product_tag?post=39579"}],"curies":[{"name":"wp","href":"https:\/\/api.w.org\/{rel}","templated":true}]}}