{"id":3958,"date":"2020-09-29T13:45:02","date_gmt":"2020-09-29T11:45:02","guid":{"rendered":"https:\/\/galicianparts.com\/shop\/producto\/181500770-embellecedor-calefaccion-fiat-uno-1989-1995\/"},"modified":"2023-07-21T09:29:31","modified_gmt":"2023-07-21T07:29:31","slug":"181500770-embellecedor-calefaccion-fiat-uno-1989-1995","status":"publish","type":"product","link":"https:\/\/galicianparts.com\/shop\/producto\/181500770-embellecedor-calefaccion-fiat-uno-1989-1995\/","title":{"rendered":"181500770 Embellecedor marr\u00f3n mandos calefacci\u00f3n Fiat Uno (1989-1995) NUEVO ORIGINAL"},"content":{"rendered":"<p>Guarnecido color marr\u00f3n de los controles de la calefacci\u00f3n de la consola central del salpicadero de:<br \/>\nFIAT &#8211; MU UNO DIESEL R\/89 (1989-1995) CARGA\u00a0BASE<br \/>\nFIAT &#8211; MR UNO R\/89 900-1.0-1.1 (1989-1995) CARGA\u00a0BASE<\/p>\n<p>LA PIEZA ES NUEVA Y ORIGINAL.<\/p>\n","protected":false},"excerpt":{"rendered":"<p>Guarnecido color marr\u00f3n de los controles de la calefacci\u00f3n de la consola central del salpicadero de: FIAT &#8211; MU UNO DIESEL R\/89 (1989-1995) CARGA\u00a0BASE FIAT &#8211; MR UNO R\/89 900-1.0-1.1 (1989-1995) CARGA\u00a0BASE LA PIEZA ES NUEVA Y ORIGINAL.<\/p>\n","protected":false},"featured_media":76721,"template":"","meta":{"_seopress_robots_primary_cat":"","_seopress_titles_title":"","_seopress_titles_desc":"","_seopress_robots_index":""},"product_cat":[20,114],"product_tag":[],"class_list":{"0":"post-3958","1":"product","2":"type-product","3":"status-publish","4":"has-post-thumbnail","6":"product_cat-recambios-fiat","7":"product_cat-recambios-fiat-uno","9":"first","10":"instock","11":"taxable","12":"shipping-taxable","13":"purchasable","14":"product-type-simple"},"_links":{"self":[{"href":"https:\/\/galicianparts.com\/shop\/wp-json\/wp\/v2\/product\/3958"}],"collection":[{"href":"https:\/\/galicianparts.com\/shop\/wp-json\/wp\/v2\/product"}],"about":[{"href":"https:\/\/galicianparts.com\/shop\/wp-json\/wp\/v2\/types\/product"}],"wp:featuredmedia":[{"embeddable":true,"href":"https:\/\/galicianparts.com\/shop\/wp-json\/wp\/v2\/media\/76721"}],"wp:attachment":[{"href":"https:\/\/galicianparts.com\/shop\/wp-json\/wp\/v2\/media?parent=3958"}],"wp:term":[{"taxonomy":"product_cat","embeddable":true,"href":"https:\/\/galicianparts.com\/shop\/wp-json\/wp\/v2\/product_cat?post=3958"},{"taxonomy":"product_tag","embeddable":true,"href":"https:\/\/galicianparts.com\/shop\/wp-json\/wp\/v2\/product_tag?post=3958"}],"curies":[{"name":"wp","href":"https:\/\/api.w.org\/{rel}","templated":true}]}}