{"id":39599,"date":"2022-02-15T10:18:53","date_gmt":"2022-02-15T08:18:53","guid":{"rendered":"https:\/\/galicianparts.com\/shop\/producto\/7644804-sensor-posicion-mariposa-lancia-thema-2-0-16v-1988-1992-nuevo-original\/"},"modified":"2022-05-24T18:45:00","modified_gmt":"2022-05-24T16:45:00","slug":"7644804-sensor-posicion-mariposa-lancia-thema-2-0-16v-1988-1992-nuevo-original","status":"publish","type":"product","link":"https:\/\/galicianparts.com\/shop\/producto\/7644804-sensor-posicion-mariposa-lancia-thema-2-0-16v-1988-1992-nuevo-original\/","title":{"rendered":"7644804 Sensor posici\u00f3n mariposa Lancia Thema 2.0 16V (1988-1992) NUEVO ORIGINAL"},"content":{"rendered":"<p>7706579 Conmutador de posici\u00f3n de la mariposa de admisi\u00f3n de aire de:<br \/>\nLANCIA &#8211; SZ THEMA R.88 (1988-1992) 2000 16V USA\/83 \/ 2000 TB 16V EM.04<\/p>\n<p>LA PIEZA ES NUEVA Y ORIGINAL.<\/p>\n","protected":false},"excerpt":{"rendered":"<p>7706579 Conmutador de posici\u00f3n de la mariposa de admisi\u00f3n de aire de: LANCIA &#8211; SZ THEMA R.88 (1988-1992) 2000 16V USA\/83 \/ 2000 TB 16V EM.04 LA PIEZA ES NUEVA Y ORIGINAL.<\/p>\n","protected":false},"featured_media":39805,"template":"","meta":{"_seopress_robots_primary_cat":"","_seopress_titles_title":"","_seopress_titles_desc":"","_seopress_robots_index":""},"product_cat":[21,124],"product_tag":[],"class_list":{"0":"post-39599","1":"product","2":"type-product","3":"status-publish","4":"has-post-thumbnail","6":"product_cat-recambios-lancia","7":"product_cat-recambios-lancia-thema","9":"first","10":"outofstock","11":"taxable","12":"shipping-taxable","13":"purchasable","14":"product-type-simple"},"_links":{"self":[{"href":"https:\/\/galicianparts.com\/shop\/wp-json\/wp\/v2\/product\/39599"}],"collection":[{"href":"https:\/\/galicianparts.com\/shop\/wp-json\/wp\/v2\/product"}],"about":[{"href":"https:\/\/galicianparts.com\/shop\/wp-json\/wp\/v2\/types\/product"}],"wp:featuredmedia":[{"embeddable":true,"href":"https:\/\/galicianparts.com\/shop\/wp-json\/wp\/v2\/media\/39805"}],"wp:attachment":[{"href":"https:\/\/galicianparts.com\/shop\/wp-json\/wp\/v2\/media?parent=39599"}],"wp:term":[{"taxonomy":"product_cat","embeddable":true,"href":"https:\/\/galicianparts.com\/shop\/wp-json\/wp\/v2\/product_cat?post=39599"},{"taxonomy":"product_tag","embeddable":true,"href":"https:\/\/galicianparts.com\/shop\/wp-json\/wp\/v2\/product_tag?post=39599"}],"curies":[{"name":"wp","href":"https:\/\/api.w.org\/{rel}","templated":true}]}}