{"id":39676,"date":"2022-02-15T13:23:13","date_gmt":"2022-02-15T11:23:13","guid":{"rendered":"https:\/\/galicianparts.com\/shop\/producto\/82409708-capuchon-palier-trasero-lancia-delta-integrale-1986-1991-original\/"},"modified":"2022-09-02T13:05:31","modified_gmt":"2022-09-02T11:05:31","slug":"82409708-capuchon-palier-trasero-lancia-delta-integrale-1986-1991-original","status":"publish","type":"product","link":"https:\/\/galicianparts.com\/shop\/producto\/82409708-capuchon-palier-trasero-lancia-delta-integrale-1986-1991-original\/","title":{"rendered":"82409708 Capuch\u00f3n palier trasero Lancia Delta Integrale (1986-1991) ORIGINAL"},"content":{"rendered":"<p>Capuch\u00f3n de la homocin\u00e9tica de los semiejes de la transmisi\u00f3n trasera de:<br \/>\nLANCIA &#8211; RT DELTA 4WD (1986-1991)<br \/>\nAltura: 93mm.<br \/>\nDi\u00e1metro barro: 23mm.<\/p>\n<p>LA PIEZA ES NUEVA Y ORIGINAL.<\/p>\n","protected":false},"excerpt":{"rendered":"<p>Capuch\u00f3n de la homocin\u00e9tica de los semiejes de la transmisi\u00f3n trasera de: LANCIA &#8211; RT DELTA 4WD (1986-1991) Altura: 93mm. Di\u00e1metro barro: 23mm. LA PIEZA ES NUEVA Y ORIGINAL.<\/p>\n","protected":false},"featured_media":39677,"template":"","meta":{"_seopress_robots_primary_cat":"","_seopress_titles_title":"","_seopress_titles_desc":"","_seopress_robots_index":""},"product_cat":[118,21],"product_tag":[],"class_list":{"0":"post-39676","1":"product","2":"type-product","3":"status-publish","4":"has-post-thumbnail","6":"product_cat-recambios-lancia-delta","7":"product_cat-recambios-lancia","9":"first","10":"outofstock","11":"taxable","12":"shipping-taxable","13":"purchasable","14":"product-type-simple"},"_links":{"self":[{"href":"https:\/\/galicianparts.com\/shop\/wp-json\/wp\/v2\/product\/39676"}],"collection":[{"href":"https:\/\/galicianparts.com\/shop\/wp-json\/wp\/v2\/product"}],"about":[{"href":"https:\/\/galicianparts.com\/shop\/wp-json\/wp\/v2\/types\/product"}],"wp:featuredmedia":[{"embeddable":true,"href":"https:\/\/galicianparts.com\/shop\/wp-json\/wp\/v2\/media\/39677"}],"wp:attachment":[{"href":"https:\/\/galicianparts.com\/shop\/wp-json\/wp\/v2\/media?parent=39676"}],"wp:term":[{"taxonomy":"product_cat","embeddable":true,"href":"https:\/\/galicianparts.com\/shop\/wp-json\/wp\/v2\/product_cat?post=39676"},{"taxonomy":"product_tag","embeddable":true,"href":"https:\/\/galicianparts.com\/shop\/wp-json\/wp\/v2\/product_tag?post=39676"}],"curies":[{"name":"wp","href":"https:\/\/api.w.org\/{rel}","templated":true}]}}