{"id":39768,"date":"2022-02-16T10:52:59","date_gmt":"2022-02-16T08:52:59","guid":{"rendered":"https:\/\/galicianparts.com\/shop\/producto\/7704425-rodamiento-pinon-marcha-atras-lancia-delta-ii-thema-kappa-fiat-alfa-nuevo-original\/"},"modified":"2025-07-06T23:01:39","modified_gmt":"2025-07-06T21:01:39","slug":"7704425-rodamiento-pinon-marcha-atras-lancia-delta-ii-thema-kappa-fiat-alfa-nuevo-original","status":"publish","type":"product","link":"https:\/\/galicianparts.com\/shop\/producto\/7704425-rodamiento-pinon-marcha-atras-lancia-delta-ii-thema-kappa-fiat-alfa-nuevo-original\/","title":{"rendered":"7704425 Rodamiento pi\u00f1\u00f3n marcha atr\u00e1s Lancia Delta II \/ Thema \/Kappa \/Fiat \/Alfa NUEVO ORIGINAL"},"content":{"rendered":"<p>55180905 Rodamiento del engranaje de la marcha atr\u00e1s del cambio de:<br \/>\nFIAT &#8211; PC COUPE&#8217; (1994-1996) 2000 TURBO<br \/>\nFIAT &#8211; PX COUPE&#8217; GAMMA&#8217;96 (1996-2000) 2000 20V TURBO<br \/>\nFIAT &#8211; PX COUPE&#8217; GAMMA&#8217;96 (1996-2000) 2000 20V TURBO \u00abEDICION LIMITADA\u00bb \/ 2000 TURBO MY 99 \/ 2000 TURBO PLUS MY 99<br \/>\nFIAT &#8211; MY CROMA IE-IE TB. FL.90 (1990-1996) 2000 8V EM.04 IE WEBER \/ 2000 8V TURBO USA&#8217;83 \/ 2000 16V USA&#8217;83 \/ 2000 8V USA&#8217;83 (MOT.834B) \/ 2000 8V EM.04 IE BOSCH (CSI-DZ) \/ 2000 16V 91 RON (CINA)<br \/>\nFIAT &#8211; NQ CROMA IE. 2500 V6 (1993-1996)<br \/>\nFIAT &#8211; MJ CROMA TURBO DS FL.90 (1990-1996) 1930 (154D1.000) \/ 2500 (8144.97Y)<br \/>\nFIAT &#8211; 2S IDEA (2003-2008)  1598 JTD F4 16V 115CV\/85KW DEPOT BELGIO \/ 1598\u00a0JTD\u00a0CF4\u00a016V\u00a0120CV\/88KW<br \/>\nFIAT &#8211; 4D IDEA (2008-2012) 1500-1599CC<br \/>\nFIAT &#8211; PU MAREA DIESEL (1996-1999) 2400 TD<br \/>\nFIAT &#8211; 1R MAREA DS GAMMA&#8217;99 (1999-2002) 2400 JTD CF2 136CV<br \/>\nFIAT &#8211; 3L NUOVA BRAVO (2007-2009) 1910\u00a0JTD \/ 1400 TRB GS \/1598\/1910 JTD 120CV \/ CAMBIO MECANICO (1.6 &#8211; 1.9 JTD-)<br \/>\nFIAT &#8211; 3L NUOVA BRAVO (2007-2009) 1598 TB.GS  &#8211; 1598 JTD \/  \/ CAMBIO MECANICO (1.6 &#8211; 1.9 JTD-) \/ (1.4 MPI)  (1.9 90CV) (1.6 90CV) \/ 1598 JTD 105CV \/ 1400 TRB GS \/1598\/1910 JTD 120CV \/ 1910\u00a0JTD \/ 1400 TRB GS \/1910 JTD 150CV<br \/>\nFIAT &#8211; 3L NUOVA BRAVO (2007-2009) 1910\u00a0JTD \/ (1.4 MPI)  (1.9 90CV) (1.6 90CV) \/ CAMBIO MECANICO (1.6 &#8211; 1.9 JTD-)<br \/>\nFIAT &#8211; 3Y NUOVA BRAVO MY 2010 (2010-2014) 1910 \/ CAMBIO MECANICO (1.6 &#8211; 1.9 JTD-) \/ CAMBIO 5 MARCHAS<br \/>\nFIAT &#8211; 3Y NUOVA BRAVO MY 2010 (2010-2014) 1598 \/ CAMBIO MECANICO (1.6 &#8211; 1.9 JTD-) \/ 1910 \/<br \/>\nFIAT &#8211; 2C STILO (2001-2003) 2.4 20V CF4 \/ BN ABARTH 3P \/ BN ABARTH 5P \/ BN ABARTH N.G. 3P \/ BN ABARTH N.G. 5P<br \/>\nFIAT &#8211; 2C STILO (2001-2003) 2.4 20V CF4 \/ BN GT N.G. 3P \/ BN GT N.G. 5P<br \/>\nFIAT &#8211; 2V STILO F.L.L. 2003 (2003-2007) 1.9 JTD 103KW\/140CV \/ 1.9 JTD 16V F3 126CV\/93KW COND DEPOT FRA \/ 1.9 JTD 16V F3 136CV\/100KW COND DEPOT BE<br \/>\nFIAT &#8211; 2V STILO F.L.L. 2003 (2003-2007) 1.9 JTD CF4 8V 120HP 88KW<br \/>\nFIAT &#8211; 2V STILO F.L.L. 2003 (2003-2007) 2.4 20V \/ SEDAN DYNAMIC 5D  FL 2003 \/ SW DYNAMIC  FL 2003 \/ SEDAN ABARTH 3D  FL 2003 \/ SEDAN DYNAMIC 5D MY 006 \/ SEDAN ABARTH 3D MY 2006<br \/>\nFIAT &#8211; 2V STILO F.L.L. 2003 (2003-2007) 2.4 20V \/ SEDAN ABARTH SELESPEED 3D FL 2003 \/ BN SELESPEED DYNAMIC 5P FL 2003 \/ BN DYNAMIC 5P SELESPEED MY 2006 \/ BN ABARTH SELESPEED 3P MY 2006<br \/>\nFIAT &#8211; 2V STILO F.L.L. 2003 (2003-2007) 1.9 JTD CF4 16V 150HP 110KW<br \/>\nALFA ROMEO &#8211; W3 145 M.Y. &#8217;99 (1999-2000) 1910 JTD CF2<br \/>\nALFA ROMEO &#8211; W4 146 M.Y. &#8217;99 (1999-2000) 1910 JTD CF2<br \/>\nALFA ROMEO &#8211; W8 147 BZ\/DS (2000-2010) 1910\u00a0JTD\u00a0CF3\u00a016V\u00a0120CV\/93\u00a0KW \/ 1910\u00a0JTD\u00a016V\u00a0CF3\u00a0140CV\/103\u00a0KW \/ 1.9\u00a0JTD\u00a016V\u00a0CF3\u00a0136CV\/100KW\u00a0MENOR POT.\u00a0BEL. \/ 1.9\u00a0JTD\u00a016V\u00a0CF3\u00a0150CV\/110KW<br \/>\nALFA ROMEO &#8211; W8 147 BZ\/DS (2000-2010) 3200 GTA<br \/>\nALFA ROMEO &#8211; W8 147 BZ\/DS (2000-2010) 1910\u00a0JTD\u00a0CF3\u00a08V\u00a0115CV\/85\u00a0KW \/ 1910\u00a0JTD\u00a0CF4\u00a08V\u00a0115CV\/85KW\u00a0MENOR POT\u00a0BEL. \/ 1.9\u00a0JTD\u00a08V\u00a0CF4<br \/>\nALFA ROMEO &#8211; W8 147 BZ\/DS (2000-2010) 1910\u00a0JTD\u00a0CF4\u00a016V\u00a0136CV\/100KW\u00a0MENOR POT.\u00a0BEL. \/ 1.9\u00a0JTD\u00a016V\u00a0CF4 \/ 1910\u00a0JTD\u00a0CF4\u00a016V\u00a0170CV\/125KW\u00a0POTENCIADO<br \/>\nALFA ROMEO &#8211; T3 155 GAMMA 96 BZ (1996-1997) 2500 V6<br \/>\nALFA ROMEO &#8211; T4 155 GAMMA 96 DS (1996-1997) 2500 TD<br \/>\nALFA ROMEO &#8211; T7 156 BENZINA (1997-2002) 2500 V6 CF3 \/ 2500 V6 \/ 2500 V6 BRASIL<br \/>\nALFA ROMEO &#8211; X1 156 M.Y.2002 (2001-2005) 2500 V6 24V \/ 3200 GTA<br \/>\nALFA ROMEO &#8211; X1 156 M.Y.2002 (2001-2005) 1910\u00a0JTD\u00a08V\u00a0115CV\/85KW<br \/>\nALFA ROMEO &#8211; X1 156 M.Y.2002 (2001-2005) 1910 JTD 16V CF3 93KW \/ 1.9\u00a0JTD\u00a016V\u00a0CF3 \/ 1910\u00a0JTD\u00a0CF3\u00a0136CV\/100KW\u00a0MENOR POT. BELGICA<br \/>\nALFA ROMEO &#8211; X1 156 M.Y.2002 (2001-2005) 2400\u00a0JTD\u00a010V\u00a0150CV\/110\u00a0KW<br \/>\nALFA ROMEO &#8211; X1 156 M.Y.2002 BZ\/DS (2001-2005) 1910\u00a0JTD\u00a0CF3\u00a016V\u00a0150CV\/110KW\u00a04X4 \/ 1910\u00a0JTD\u00a016V\u00a0CF4\u00a0150CV\/110KW\u00a04X2 \/ 1910JTD\u00a0CF4\u00a016V\u00a0126CV\/93KW\u00a0MENOR POT.\u00a0FRANCIA \/ 1910\u00a0JTD\u00a0CF4\u00a016V\u00a0150CV\/110KW\u00a04X4<br \/>\nALFA ROMEO &#8211; T8 156 TD.ID. (1997-2002)<br \/>\nALFA ROMEO &#8211; W1 164 FL\/92 (1992-1997) 2000 T.S. \/ 3000 6V 12VAL \/ 3000 6V Q.V. 24VAL \/ 3000 6V Q.V. 24VAL GD \/ 3000 6V 12VAL BR<br \/>\nALFA ROMEO &#8211; W1 164 FL\/92 (1992-1997) 2500 TB\/DS \/ 2500 TB\/DS CEE F2<br \/>\nALFA ROMEO &#8211; W2 164 SUPER (1992-1997) 2000 T.SPARK \/ 2000 TB V6 \/ 3000 V6 24V \/ 3000 V6 12V \/ 3000 V6 12V(CEE-F2) \/ 3000 V6 24V(CEE-F2) \/ 3000 V6 24V BR<br \/>\nALFA ROMEO &#8211; W2 164 SUPER (1992-1997) 2500 TB\/DS \/ 2500 TB\/DS(CEE-F2)<br \/>\nALFA ROMEO &#8211; R4 164 USA MY.94-95 (1993-1995)<br \/>\nALFA ROMEO &#8211; W9 166 (1998-2007) 2000 T.S. 16V CF2 \/ 2500 V6 24V<br \/>\nALFA ROMEO &#8211; W9 166 (1998-2007) 2000 T.S. 16V CF3 \/ 2000 TB V6 12V \/ 2500 V6 24V CF3 \/ 3000 V6 24V \/ 3000 V6 24V CF3 \/ 3200 V6 24V<br \/>\nALFA ROMEO &#8211; W9 166 (1998-2007) 2400 JTD CF2 140CV\/103KW \/ 2400\u00a0JTD\u00a0CF3\u00a0140\u00a0CV\/103KW \/ 2400\u00a0JTD\u00a0CF3\u00a0150\u00a0CV\/110KW<br \/>\nALFA ROMEO &#8211; U8 G T V  (1995-1998) CONDUCCION A\u00a0IZQUIERDA \/ 2000 TB V6 \/ 3000 V6 24V<br \/>\nALFA ROMEO &#8211; U8 G T V  (1995-1998) 3000 V6 24V \/ CONDUCCION\u00a0A DERECHA<br \/>\nALFA ROMEO &#8211; X2 GT (2003-2010) 1910\u00a0JTD\u00a016V\u00a0CF3\u00a0150CV\/110KW \/ 1910 JTD 16V CF4 110 KW 150HP \/ 1910\u00a0JTD\u00a0CF4\u00a016V\u00a0170CV\/125KW\u00a0POT.<br \/>\nALFA ROMEO &#8211; X2 GT (2003-2010) 3200 6V<br \/>\nALFA ROMEO &#8211; W0 GTV &#8217;98 (1998-2005) 2000 TB V6<br \/>\nALFA ROMEO &#8211; W0 GTV &#8217;98 (1998-2005) 3000 V6 24V \/ 3000 24V 6M CF3 \/ 3200 V6 24V<br \/>\nALFA ROMEO &#8211; U7 NUOVO SPIDER (1995-1998) 3000 V6 12V \/ 3000 V6 12V BRASILE<br \/>\nALFA ROMEO &#8211; U9 SPIDER &#8217;98 (1998-2006) 2000 TB V6 \/ 3000 V6 12V \/ 3000 V6 12V BRASIL<br \/>\nALFA ROMEO &#8211; U9 SPIDER &#8217;98 (1998-2006) 3000 24V 6M CF3 \/ 3200 V6 24V<br \/>\nLANCIA &#8211; SS KAPPA  3.0 V6 (1994-2001) BN LS \/ BN LX \/ BN.\u00bbLS\u00bb CARGA AUM.3 NIV \/ BN.\u00bbLS\u00bb CARGA AUM.5 NIV<br \/>\nLANCIA &#8211; SV KAPPA  COUPE&#8217; (1997-2001) 2400 I.E.(838A2.000) \/ 2000 IE. TB 16V \/ 2000 IE TB 20V \/ 2400 IE.(838B2.000)<br \/>\nLANCIA &#8211; SP KAPPA BZ 2000-2400 (1994-2001) 2000 IE.(838A1.000) \/ 2400 IE.(838A2.000) \/ 2000 IE. TB 16V \/ 2000 IE.(838A6.000) \/ 2400 IE. EM. 04<br \/>\nLANCIA &#8211; SP KAPPA BZ 2000-2400 (1994-2001) 2400 IE.(838A2.000) \/ 2000 IE. TB 16V \/ 2000 IE.(838A6.000) \/ 2400 IE. EM. 04 \/ 2000 IE. TB 20V \/ 2400 IE.(838B2.000)<br \/>\nLANCIA &#8211; SR KAPPA DIESEL (1994-2001) 2400 T.DS(838A3.000) \/ 2400 T.DS(838A7.000)<br \/>\nLANCIA &#8211; SR KAPPA DIESEL (1994-2001) 2400 T.DS(838A7.000) \/ 2400 JTD CF2<br \/>\nLANCIA &#8211; SX LYBRA BZ (1999-2005) 2.4 20V CF3<br \/>\nLANCIA &#8211; SY LYBRA DS (1999-2005)<br \/>\nLANCIA &#8211; TJ MUSA (2007-2011) (1500-1599 CC)<br \/>\nLANCIA &#8211; 43 MUSA FLL (2011-2012) (1500-1599 CC)<br \/>\nLANCIA &#8211; SG N.DELTA (&#8217;93-&#8217;99) 2000 16V TB USA 83 \/ 2000 16V TB CEE F2<br \/>\nLANCIA &#8211; TH NUOVA DELTA 844 (2008-2011) 1598\u00a0JTD \/ CAMBIO MEC. 1.6JTD 120CV \/<br \/>\nLANCIA &#8211; SD THEMA 3.0 V6 FL.92 (1992-1994)<br \/>\nLANCIA &#8211; SE THEMA I.E. 8V FL.92 (1992-1994)<br \/>\nLANCIA &#8211; SB THEMA IE. 16V FL.92 (1992-1994)<br \/>\nLANCIA &#8211; SC THEMA TURBO DS FL.92 (1992-1994)<br \/>\nLANCIA &#8211; SJ THESIS (2001-2007) 2000 TB 5C BZ \/ 2400 5C BZ \/ 2400\u00a0JTD\u00a010V\u00a0150CV\/110\u00a0KW<\/p>\n<p>LA PIEZA ES NUEVA Y ORIGINAL.<\/p>\n","protected":false},"excerpt":{"rendered":"<p>55180905 Rodamiento del engranaje de la marcha atr\u00e1s del cambio de: FIAT &#8211; PC COUPE&#8217; (1994-1996) 2000 TURBO FIAT &#8211; PX COUPE&#8217; GAMMA&#8217;96 (1996-2000) 2000 20V TURBO FIAT &#8211; PX COUPE&#8217; GAMMA&#8217;96 (1996-2000) 2000 20V TURBO \u00abEDICION LIMITADA\u00bb \/ 2000 TURBO MY 99 \/ 2000 TURBO PLUS MY 99 FIAT &#8211; MY CROMA IE-IE TB. [&hellip;]<\/p>\n","protected":false},"featured_media":39770,"template":"","meta":{"_seopress_robots_primary_cat":"","_seopress_titles_title":"","_seopress_titles_desc":"","_seopress_robots_index":""},"product_cat":[45,46,44,48,49,54,57,16,82,85,86,118,20,50,55,93,119,21,120,95,121,56,108,124,125],"product_tag":[],"class_list":{"0":"post-39768","1":"product","2":"type-product","3":"status-publish","4":"has-post-thumbnail","6":"product_cat-recambios-alfa-romeo-145","7":"product_cat-recambios-alfa-romeo-146","8":"product_cat-recambios-alfa-romeo-147","9":"product_cat-recambios-alfa-romeo-155","10":"product_cat-recambios-alfa-romeo-156","11":"product_cat-recambios-alfa-romeo-164","12":"product_cat-recambios-alfa-romeo-166","13":"product_cat-recambios-alfa-romeo","14":"product_cat-recambios-fiat-bravo","15":"product_cat-recambios-fiat-coupe","16":"product_cat-recambios-fiat-croma","17":"product_cat-recambios-lancia-delta","18":"product_cat-recambios-fiat","19":"product_cat-recambios-alfa-romeo-gt","20":"product_cat-recambios-alfa-romeo-gtv","21":"product_cat-recambios-fiat-idea","22":"product_cat-recambios-lancia-kappa","23":"product_cat-recambios-lancia","24":"product_cat-recambios-lancia-lybra","25":"product_cat-recambios-fiat-marea","26":"product_cat-recambios-lancia-musa","27":"product_cat-recambios-alfa-romeo-spider","28":"product_cat-recambios-fiat-stilo","29":"product_cat-recambios-lancia-thema","30":"product_cat-recambios-lancia-thesis","32":"first","33":"outofstock","34":"taxable","35":"shipping-taxable","36":"purchasable","37":"product-type-simple"},"_links":{"self":[{"href":"https:\/\/galicianparts.com\/shop\/wp-json\/wp\/v2\/product\/39768"}],"collection":[{"href":"https:\/\/galicianparts.com\/shop\/wp-json\/wp\/v2\/product"}],"about":[{"href":"https:\/\/galicianparts.com\/shop\/wp-json\/wp\/v2\/types\/product"}],"wp:featuredmedia":[{"embeddable":true,"href":"https:\/\/galicianparts.com\/shop\/wp-json\/wp\/v2\/media\/39770"}],"wp:attachment":[{"href":"https:\/\/galicianparts.com\/shop\/wp-json\/wp\/v2\/media?parent=39768"}],"wp:term":[{"taxonomy":"product_cat","embeddable":true,"href":"https:\/\/galicianparts.com\/shop\/wp-json\/wp\/v2\/product_cat?post=39768"},{"taxonomy":"product_tag","embeddable":true,"href":"https:\/\/galicianparts.com\/shop\/wp-json\/wp\/v2\/product_tag?post=39768"}],"curies":[{"name":"wp","href":"https:\/\/api.w.org\/{rel}","templated":true}]}}