{"id":3982,"date":"2020-09-29T11:45:15","date_gmt":"2020-09-29T11:45:15","guid":{"rendered":"https:\/\/galicianparts.com\/shop\/producto\/9564479580-capuchon-palier-fiat-ducato-citroen-jumper-peugeot-boxer-original\/"},"modified":"2022-05-25T20:01:23","modified_gmt":"2022-05-25T18:01:23","slug":"9564479580-capuchon-palier-fiat-ducato-citroen-jumper-peugeot-boxer-original","status":"publish","type":"product","link":"https:\/\/galicianparts.com\/shop\/producto\/9564479580-capuchon-palier-fiat-ducato-citroen-jumper-peugeot-boxer-original\/","title":{"rendered":"9564479580 Capuch\u00f3n palier Fiat Ducato \/ Citroen Jumper \/ Peugeot Boxer ORIGINAL"},"content":{"rendered":"<p>Capuch\u00f3n homocin\u00e9tica palier de:<br \/>\nCITRO\u00cbN Jumper I Furg\u00f3n (230) (A\u00f1o 02.1994 &#8211; 04.2002, 68-128 cv, Gas\u00f3leo, Gasolina)<br \/>\nCITRO\u00cbN Jumper I Bus (244) (A\u00f1o 04.2002 &#8211; &#8230;, 101-146 cv, Gas\u00f3leo, Gasolina, Gasolina \/ Gas natural (CNG))<br \/>\nCITRO\u00cbN Jumper I Bus (230) (A\u00f1o 02.1994 &#8211; 04.2002, 69-128 cv, Gas\u00f3leo, Gasolina)<br \/>\nCITRO\u00cbN Jumper I Bus (244) (A\u00f1o 04.2002 &#8211; &#8230;, 101-128 cv, Gas\u00f3leo, Gasolina, Gasolina \/ Gas natural (CNG))<br \/>\nCITRO\u00cbN Jumper I Cami\u00f3n de plataforma \/ Chasis (230) (A\u00f1o 03.1994 &#8211; 04.2002, 86-128 cv, Gas\u00f3leo, Gasolina)<br \/>\nCITRO\u00cbN Jumper I Cami\u00f3n de plataforma \/ Chasis (244) (A\u00f1o 02.2002 &#8211; 06.2006, 101-146 cv, Gas\u00f3leo)<\/p>\n<p>FIAT Ducato II Furg\u00f3n (230L) (A\u00f1o 03.1994 &#8211; 04.2002, 68-128 cv, Gas\u00f3leo, Gasolina)<br \/>\nFIAT Ducato II Furg\u00f3n (244) (A\u00f1o 04.2002 &#8211; 07.2006, 84-146 cv, Gas\u00f3leo, Gasolina)<br \/>\nFIAT Ducato I Furg\u00f3n (280) (A\u00f1o 01.1982 &#8211; 08.1990, 71-82 cv, Gas\u00f3leo)<br \/>\nFIAT Ducato II Bus (230) (A\u00f1o 03.1994 &#8211; 04.2002, 68-128 cv, Gas\u00f3leo, Gasolina)<br \/>\nFIAT Ducato II Bus (244) (A\u00f1o 04.2002 &#8211; 07.2006, 84-145 cv, Gas\u00f3leo, Gasolina)<br \/>\nFIAT Ducato I Panorama (280) (A\u00f1o 07.1982 &#8211; 08.1990, 71-92 cv, Gas\u00f3leo)<br \/>\nFIAT Ducato II Cami\u00f3n de plataforma \/ Chasis (230) (A\u00f1o 03.1994 &#8211; 04.2002, 68-128 cv, Gas\u00f3leo, Gasolina)<br \/>\nFIAT Ducato II Cami\u00f3n de plataforma \/ Chasis (244) (A\u00f1o 04.2002 &#8211; 07.2006, 84-128 cv, Gas\u00f3leo)<br \/>\nFIAT Ducato I Cami\u00f3n de plataforma \/ Chasis (280) (A\u00f1o 07.1982 &#8211; 08.1990, 71-92 cv, Gas\u00f3leo)<br \/>\nPEUGEOT Furg\u00f3n (230) (A\u00f1o 03.1994 &#8211; 04.2002, 68-128 cv, Gas\u00f3leo, Gasolina)<br \/>\nPEUGEOT Furg\u00f3n (244) (A\u00f1o 04.2002 &#8211; &#8230;, 101-146 cv, Gas\u00f3leo, Gasolina)<br \/>\nPEUGEOT Boxer Bus (230) (A\u00f1o 03.1994 &#8211; 04.2002, 69-128 cv, Gas\u00f3leo, Gasolina)<br \/>\nPEUGEOT Boxer Bus (244) (A\u00f1o 04.2002 &#8211; &#8230;, 101-145 cv, Gas\u00f3leo, Gasolina)<br \/>\nPEUGEOT Boxer Cami\u00f3n de plataforma \/ Chasis (244) (A\u00f1o 04.2002 &#8211; &#8230;, 101-146 cv, Gas\u00f3leo)<br \/>\nPEUGEOT Boxer Cami\u00f3n de plataforma \/ Chasis (230) (A\u00f1o 03.1994 &#8211; 04.2002, 86-128 cv, Gas\u00f3leo, Gasolina)<br \/>\nLA PIEZA ES NUEVA Y ORIGINAL.<\/p>\n","protected":false},"excerpt":{"rendered":"<p>Capuch\u00f3n homocin\u00e9tica palier de: CITRO\u00cbN Jumper I Furg\u00f3n (230) (A\u00f1o 02.1994 &#8211; 04.2002, 68-128 cv, Gas\u00f3leo, Gasolina) CITRO\u00cbN Jumper I Bus (244) (A\u00f1o 04.2002 &#8211; &#8230;, 101-146 cv, Gas\u00f3leo, Gasolina, Gasolina \/ Gas natural (CNG)) CITRO\u00cbN Jumper I Bus (230) (A\u00f1o 02.1994 &#8211; 04.2002, 69-128 cv, Gas\u00f3leo, Gasolina) CITRO\u00cbN Jumper I Bus (244) (A\u00f1o 04.2002 [&hellip;]<\/p>\n","protected":false},"featured_media":3025,"template":"","meta":{"_seopress_robots_primary_cat":"","_seopress_titles_title":"","_seopress_titles_desc":"","_seopress_robots_index":""},"product_cat":[155,23,88,20,137,24],"product_tag":[],"class_list":{"0":"post-3982","1":"product","2":"type-product","3":"status-publish","4":"has-post-thumbnail","6":"product_cat-recambios-peugeot-boxer","7":"product_cat-recambios-citroen","8":"product_cat-recambios-fiat-ducato","9":"product_cat-recambios-fiat","10":"product_cat-recambios-citroen-jumper","11":"product_cat-recambios-peugeot","13":"first","14":"outofstock","15":"taxable","16":"shipping-taxable","17":"purchasable","18":"product-type-simple"},"_links":{"self":[{"href":"https:\/\/galicianparts.com\/shop\/wp-json\/wp\/v2\/product\/3982"}],"collection":[{"href":"https:\/\/galicianparts.com\/shop\/wp-json\/wp\/v2\/product"}],"about":[{"href":"https:\/\/galicianparts.com\/shop\/wp-json\/wp\/v2\/types\/product"}],"wp:featuredmedia":[{"embeddable":true,"href":"https:\/\/galicianparts.com\/shop\/wp-json\/wp\/v2\/media\/3025"}],"wp:attachment":[{"href":"https:\/\/galicianparts.com\/shop\/wp-json\/wp\/v2\/media?parent=3982"}],"wp:term":[{"taxonomy":"product_cat","embeddable":true,"href":"https:\/\/galicianparts.com\/shop\/wp-json\/wp\/v2\/product_cat?post=3982"},{"taxonomy":"product_tag","embeddable":true,"href":"https:\/\/galicianparts.com\/shop\/wp-json\/wp\/v2\/product_tag?post=3982"}],"curies":[{"name":"wp","href":"https:\/\/api.w.org\/{rel}","templated":true}]}}