{"id":39926,"date":"2022-02-17T11:19:52","date_gmt":"2022-02-17T09:19:52","guid":{"rendered":"https:\/\/galicianparts.com\/shop\/producto\/7723061-capuchon-varillaje-cambio-fiat-fiorino-93-00-elba-mille-nuevo-original\/"},"modified":"2025-01-22T12:02:27","modified_gmt":"2025-01-22T10:02:27","slug":"7723061-capuchon-varillaje-cambio-fiat-fiorino-93-00-elba-mille-nuevo-original","status":"publish","type":"product","link":"https:\/\/galicianparts.com\/shop\/producto\/7723061-capuchon-varillaje-cambio-fiat-fiorino-93-00-elba-mille-nuevo-original\/","title":{"rendered":"7723061 Capuch\u00f3n varillaje cambio Fiat Fiorino (93-00) \/ Elba \/ Mille NUEVO ORIGINAL"},"content":{"rendered":"<p>Capuch\u00f3n de la barra del varillaje del cambio de:<br \/>\nDi\u00e1metro: 74mm<br \/>\nDi\u00e1metro barra: 21mm<br \/>\nAltura: 90mm<br \/>\nFIAT &#8211; XP ELBA CSL (1991-1996) 1372 SPI USA&#8217;83 (MONOJETRONIC) \/ 1580 SPI USA&#8217;83 (MONOJETRONIC) \/ 1697 DS \/ 1372 SPI CEE F2 (MONOMOTRONIC) \/ 1580 SPI CEE F2 (MONOMOTRONIC)<br \/>\nFIAT &#8211; XR MILLE (1994-1995) 1697 DS<br \/>\nFIAT PROFESSIONAL &#8211; 2N FIORINO RL (1993-2000) CONDUCCION A\u00a0IZQUIERDA \/ 1372 SPI \/ 1580 SPI \/ 1372 SPI C.F.2 \/ 1580 SPI C.F.2 \/ 1697 DS<br \/>\nFIAT PROFESSIONAL &#8211; 2N FIORINO RL (1993-2000) CONDUCCION\u00a0A DERECHA \/ 1372 SPI C.F.2 \/ 1697 DS<\/p>\n<p>LA PIEZA ES NUEVA Y ORIGINAL.<\/p>\n","protected":false},"excerpt":{"rendered":"<p>Capuch\u00f3n de la barra del varillaje del cambio de: Di\u00e1metro: 74mm Di\u00e1metro barra: 21mm Altura: 90mm FIAT &#8211; XP ELBA CSL (1991-1996) 1372 SPI USA&#8217;83 (MONOJETRONIC) \/ 1580 SPI USA&#8217;83 (MONOJETRONIC) \/ 1697 DS \/ 1372 SPI CEE F2 (MONOMOTRONIC) \/ 1580 SPI CEE F2 (MONOMOTRONIC) FIAT &#8211; XR MILLE (1994-1995) 1697 DS FIAT PROFESSIONAL [&hellip;]<\/p>\n","protected":false},"featured_media":39927,"template":"","meta":{"_seopress_robots_primary_cat":"","_seopress_titles_title":"","_seopress_titles_desc":"","_seopress_robots_index":""},"product_cat":[90,20,91],"product_tag":[],"class_list":{"0":"post-39926","1":"product","2":"type-product","3":"status-publish","4":"has-post-thumbnail","6":"product_cat-recambios-fiat-elba","7":"product_cat-recambios-fiat","8":"product_cat-recambios-fiat-fiorino","10":"first","11":"outofstock","12":"taxable","13":"shipping-taxable","14":"purchasable","15":"product-type-simple"},"_links":{"self":[{"href":"https:\/\/galicianparts.com\/shop\/wp-json\/wp\/v2\/product\/39926"}],"collection":[{"href":"https:\/\/galicianparts.com\/shop\/wp-json\/wp\/v2\/product"}],"about":[{"href":"https:\/\/galicianparts.com\/shop\/wp-json\/wp\/v2\/types\/product"}],"wp:featuredmedia":[{"embeddable":true,"href":"https:\/\/galicianparts.com\/shop\/wp-json\/wp\/v2\/media\/39927"}],"wp:attachment":[{"href":"https:\/\/galicianparts.com\/shop\/wp-json\/wp\/v2\/media?parent=39926"}],"wp:term":[{"taxonomy":"product_cat","embeddable":true,"href":"https:\/\/galicianparts.com\/shop\/wp-json\/wp\/v2\/product_cat?post=39926"},{"taxonomy":"product_tag","embeddable":true,"href":"https:\/\/galicianparts.com\/shop\/wp-json\/wp\/v2\/product_tag?post=39926"}],"curies":[{"name":"wp","href":"https:\/\/api.w.org\/{rel}","templated":true}]}}