{"id":39951,"date":"2022-02-17T12:43:39","date_gmt":"2022-02-17T10:43:39","guid":{"rendered":"https:\/\/galicianparts.com\/shop\/producto\/51820487-chapa-anticalorica-caudalimetro-alfa-romeo-giulietta-2011-2013-nuevo-original\/"},"modified":"2022-02-17T12:47:31","modified_gmt":"2022-02-17T10:47:31","slug":"51820487-chapa-anticalorica-caudalimetro-alfa-romeo-giulietta-2011-2013-nuevo-original","status":"publish","type":"product","link":"https:\/\/galicianparts.com\/shop\/producto\/51820487-chapa-anticalorica-caudalimetro-alfa-romeo-giulietta-2011-2013-nuevo-original\/","title":{"rendered":"51820487 Chapa antical\u00f3rica caudal\u00edmetro Alfa Romeo Giulietta (2011-2013) NUEVO ORIGINAL"},"content":{"rendered":"<p>Protector del calor del caudal\u00edmetro del tubo de escape de:<br \/>\nALFA ROMEO &#8211; X7 GIULIETTA (2011-2013) 1400 GASOL. TRB 120 CV<\/p>\n<p>LA PIEZA ES NUEVA Y ORIGINAL.<\/p>\n","protected":false},"excerpt":{"rendered":"<p>Protector del calor del caudal\u00edmetro del tubo de escape de: ALFA ROMEO &#8211; X7 GIULIETTA (2011-2013) 1400 GASOL. TRB 120 CV LA PIEZA ES NUEVA Y ORIGINAL.<\/p>\n","protected":false},"featured_media":39953,"template":"","meta":{"_seopress_robots_primary_cat":"","_seopress_titles_title":"","_seopress_titles_desc":"","_seopress_robots_index":""},"product_cat":[16,53],"product_tag":[],"class_list":{"0":"post-39951","1":"product","2":"type-product","3":"status-publish","4":"has-post-thumbnail","6":"product_cat-recambios-alfa-romeo","7":"product_cat-recambios-alfa-romeo-giulietta","9":"first","10":"instock","11":"taxable","12":"shipping-taxable","13":"purchasable","14":"product-type-simple"},"_links":{"self":[{"href":"https:\/\/galicianparts.com\/shop\/wp-json\/wp\/v2\/product\/39951"}],"collection":[{"href":"https:\/\/galicianparts.com\/shop\/wp-json\/wp\/v2\/product"}],"about":[{"href":"https:\/\/galicianparts.com\/shop\/wp-json\/wp\/v2\/types\/product"}],"wp:featuredmedia":[{"embeddable":true,"href":"https:\/\/galicianparts.com\/shop\/wp-json\/wp\/v2\/media\/39953"}],"wp:attachment":[{"href":"https:\/\/galicianparts.com\/shop\/wp-json\/wp\/v2\/media?parent=39951"}],"wp:term":[{"taxonomy":"product_cat","embeddable":true,"href":"https:\/\/galicianparts.com\/shop\/wp-json\/wp\/v2\/product_cat?post=39951"},{"taxonomy":"product_tag","embeddable":true,"href":"https:\/\/galicianparts.com\/shop\/wp-json\/wp\/v2\/product_tag?post=39951"}],"curies":[{"name":"wp","href":"https:\/\/api.w.org\/{rel}","templated":true}]}}