{"id":40011,"date":"2022-02-17T15:08:43","date_gmt":"2022-02-17T13:08:43","guid":{"rendered":"https:\/\/galicianparts.com\/shop\/producto\/46409532-casquillo-fiat-ducato-90-94-citroen-c25-peugeot-j5-nuevo-original\/"},"modified":"2022-02-17T15:13:47","modified_gmt":"2022-02-17T13:13:47","slug":"46409532-casquillo-fiat-ducato-90-94-citroen-c25-peugeot-j5-nuevo-original","status":"publish","type":"product","link":"https:\/\/galicianparts.com\/shop\/producto\/46409532-casquillo-fiat-ducato-90-94-citroen-c25-peugeot-j5-nuevo-original\/","title":{"rendered":"46409532 Casquillo Fiat Ducato (90-94) Citroen C25 \/ Peugeot J5 NUEVO ORIGINAL"},"content":{"rendered":"<p>Casquillo con ret\u00e9n de:<br \/>\nDi\u00e1metro exterior: 41mm<br \/>\nDi\u00e1metro interior: 18mm<br \/>\nAltura: 11mm<\/p>\n<p>FIAT &#8211; DUCATO (1990-1994)<br \/>\nCITROEN &#8211; C25<br \/>\nPEUGEOT &#8211; J5<\/p>\n<p> LA PIEZA ES NUEVA Y ORIGINAL.<\/p>\n","protected":false},"excerpt":{"rendered":"<p>Casquillo con ret\u00e9n de: Di\u00e1metro exterior: 41mm Di\u00e1metro interior: 18mm Altura: 11mm FIAT &#8211; DUCATO (1990-1994) CITROEN &#8211; C25 PEUGEOT &#8211; J5 LA PIEZA ES NUEVA Y ORIGINAL.<\/p>\n","protected":false},"featured_media":40012,"template":"","meta":{"_seopress_robots_primary_cat":"","_seopress_titles_title":"","_seopress_titles_desc":"","_seopress_robots_index":""},"product_cat":[132,23,88,20,157,24],"product_tag":[],"class_list":{"0":"post-40011","1":"product","2":"type-product","3":"status-publish","4":"has-post-thumbnail","6":"product_cat-recambios-citroen-c25","7":"product_cat-recambios-citroen","8":"product_cat-recambios-fiat-ducato","9":"product_cat-recambios-fiat","10":"product_cat-recambios-peugeot-j5","11":"product_cat-recambios-peugeot","13":"first","14":"instock","15":"taxable","16":"shipping-taxable","17":"purchasable","18":"product-type-simple"},"_links":{"self":[{"href":"https:\/\/galicianparts.com\/shop\/wp-json\/wp\/v2\/product\/40011"}],"collection":[{"href":"https:\/\/galicianparts.com\/shop\/wp-json\/wp\/v2\/product"}],"about":[{"href":"https:\/\/galicianparts.com\/shop\/wp-json\/wp\/v2\/types\/product"}],"wp:featuredmedia":[{"embeddable":true,"href":"https:\/\/galicianparts.com\/shop\/wp-json\/wp\/v2\/media\/40012"}],"wp:attachment":[{"href":"https:\/\/galicianparts.com\/shop\/wp-json\/wp\/v2\/media?parent=40011"}],"wp:term":[{"taxonomy":"product_cat","embeddable":true,"href":"https:\/\/galicianparts.com\/shop\/wp-json\/wp\/v2\/product_cat?post=40011"},{"taxonomy":"product_tag","embeddable":true,"href":"https:\/\/galicianparts.com\/shop\/wp-json\/wp\/v2\/product_tag?post=40011"}],"curies":[{"name":"wp","href":"https:\/\/api.w.org\/{rel}","templated":true}]}}