{"id":40118,"date":"2022-02-18T19:08:17","date_gmt":"2022-02-18T17:08:17","guid":{"rendered":"https:\/\/galicianparts.com\/shop\/producto\/5882508-disco-embrague-fiat-ritmo-128-x1-9-uno-lancia-delta-i-prisma-original-ap\/"},"modified":"2022-02-18T19:15:43","modified_gmt":"2022-02-18T17:15:43","slug":"5882508-disco-embrague-fiat-ritmo-128-x1-9-uno-lancia-delta-i-prisma-original-ap","status":"publish","type":"product","link":"https:\/\/galicianparts.com\/shop\/producto\/5882508-disco-embrague-fiat-ritmo-128-x1-9-uno-lancia-delta-i-prisma-original-ap\/","title":{"rendered":"5882508 Disco embrague Fiat Ritmo \/ 128 \/ X1\/9 \/ Uno \/ Lancia Delta I \/ Prisma ORIGINAL AP"},"content":{"rendered":"<p>5888134 Disco del embrague de:<br \/>\nDi\u00e1metro: 180mm<br \/>\nDientes: 17<br \/>\nFabricante: AP<\/p>\n<p>FIAT Regata Berlina (138)<br \/>\n1.3 70, A\u00f1o 09.1983 &#8211; 07.1989, 1301 , 65<br \/>\n1.3 70, A\u00f1o 09.1983 &#8211; 07.1986, 1301 , 68<br \/>\nFIAT X 1\/9 (128)<br \/>\n1.3, A\u00f1o 10.1975 &#8211; 06.1978, 1290 , 73<br \/>\n1.3, A\u00f1o 05.1973 &#8211; 12.1979, 1290 , 75<br \/>\nFIAT Ritmo I Cabrio<br \/>\n1.5 80, A\u00f1o 03.1983 &#8211; 12.1986, 1498 , 82<br \/>\n1.5 80, A\u00f1o 01.1980 &#8211; 07.1989, 1498 , 86<br \/>\nFIAT Ritmo I Hatchback (138)<br \/>\n1.0 60, A\u00f1o 09.1978 &#8211; 09.1982, 1049 , 60<br \/>\n1.1 60, A\u00f1o 10.1982 &#8211; 12.1987, 1116 , 55<br \/>\n1.1 60, A\u00f1o 04.1985 &#8211; 12.1987, 1116 , 58<br \/>\n1.3 65, A\u00f1o 01.1978 &#8211; 08.1985, 1301 , 65<br \/>\n1.3 70, A\u00f1o 01.1983 &#8211; 04.1985, 1301 , 68<br \/>\n1.3 75, A\u00f1o 01.1981 &#8211; 09.1982, 1301 , 75<br \/>\n1.5 75, A\u00f1o 01.1978 &#8211; 12.1988, 1498 , 75<br \/>\n1.5 85, A\u00f1o 08.1985 &#8211; 05.1987, 1498 , 79<br \/>\n1.5 85, A\u00f1o 01.1983 &#8211; 12.1987, 1498 , 82<br \/>\n1.5 85, A\u00f1o 01.1981 &#8211; 05.1987, 1498 , 85<br \/>\nFIAT 128 Coup\u00e9 (128)<br \/>\n1.1, A\u00f1o 03.1972 &#8211; 02.1981, 1116 , 64<br \/>\n1.1, A\u00f1o 08.1975 &#8211; 02.1981, 1116 , 65<br \/>\n1.3, A\u00f1o 03.1972 &#8211; 12.1979, 1290 , 75<br \/>\n1.3 Berlinetta, A\u00f1o 06.1975 &#8211; 12.1979, 1290 , 73<br \/>\nFIAT 128 Berlina (128)<br \/>\n1.1, A\u00f1o 02.1975 &#8211; 09.1981, 1116 , 45<br \/>\n1.1, A\u00f1o 03.1969 &#8211; 12.1984, 1116 , 55<br \/>\n1.3 Rally, A\u00f1o 09.1971 &#8211; 02.1976, 1290 , 67<br \/>\n1.3 Sport, A\u00f1o 08.1974 &#8211; 12.1984, 1290 , 60<br \/>\nFIAT Fiorino I Furg\u00f3n (147)<br \/>\n1.0, A\u00f1o 01.1980 &#8211; 12.1987, 1049 , 50<br \/>\nFIAT Uno Hatchback (146)<br \/>\n1.1 50, A\u00f1o 01.1986 &#8211; 12.1989, 1116 , 50<br \/>\n1.1 55, A\u00f1o 01.1983 &#8211; 08.1989, 1116 , 54<br \/>\n1.1 60, A\u00f1o 05.1985 &#8211; 08.1989, 1116 , 58<br \/>\n1.3 70, A\u00f1o 05.1985 &#8211; 08.1989, 1302 , 65<br \/>\nFIAT 128 Familiare (128)<br \/>\n1.1, A\u00f1o 10.1969 &#8211; 10.1982, 1116 , 55<br \/>\n1.3, A\u00f1o 12.1974 &#8211; 10.1982, 1290 , 60<br \/>\nFIAT Fiorino Pick-up (147)<br \/>\n1.0, A\u00f1o 06.1982 &#8211; 10.1987, 1036 , 50<br \/>\nLANCIA Delta I (831)<br \/>\n1.3, A\u00f1o 09.1983 &#8211; 08.1992, 1301 , 79<br \/>\n1.3, A\u00f1o 09.1979 &#8211; 08.1992, 1301 , 75<br \/>\nLANCIA Prisma (831)<br \/>\n1.3, A\u00f1o 01.1983 &#8211; 12.1989, 1301 , 79<\/p>\n<p>LA PIEZA ES NUEVA Y ORIGINAL AP.<\/p>\n","protected":false},"excerpt":{"rendered":"<p>5888134 Disco del embrague de: Di\u00e1metro: 180mm Dientes: 17 Fabricante: AP FIAT Regata Berlina (138) 1.3 70, A\u00f1o 09.1983 &#8211; 07.1989, 1301 , 65 1.3 70, A\u00f1o 09.1983 &#8211; 07.1986, 1301 , 68 FIAT X 1\/9 (128) 1.3, A\u00f1o 10.1975 &#8211; 06.1978, 1290 , 73 1.3, A\u00f1o 05.1973 &#8211; 12.1979, 1290 , 75 FIAT Ritmo [&hellip;]<\/p>\n","protected":false},"featured_media":40124,"template":"","meta":{"_seopress_robots_primary_cat":"","_seopress_titles_title":"","_seopress_titles_desc":"","_seopress_robots_index":""},"product_cat":[69,118,20,91,21,123,102,103,114,206],"product_tag":[],"class_list":{"0":"post-40118","1":"product","2":"type-product","3":"status-publish","4":"has-post-thumbnail","6":"product_cat-recambios-fiat-128","7":"product_cat-recambios-lancia-delta","8":"product_cat-recambios-fiat","9":"product_cat-recambios-fiat-fiorino","10":"product_cat-recambios-lancia","11":"product_cat-recambios-lancia-prisma","12":"product_cat-recambios-fiat-regata","13":"product_cat-recambios-fiat-ritmo","14":"product_cat-recambios-fiat-uno","15":"product_cat-recambios-fiat-x1-9","17":"first","18":"instock","19":"taxable","20":"shipping-taxable","21":"purchasable","22":"product-type-simple"},"_links":{"self":[{"href":"https:\/\/galicianparts.com\/shop\/wp-json\/wp\/v2\/product\/40118"}],"collection":[{"href":"https:\/\/galicianparts.com\/shop\/wp-json\/wp\/v2\/product"}],"about":[{"href":"https:\/\/galicianparts.com\/shop\/wp-json\/wp\/v2\/types\/product"}],"wp:featuredmedia":[{"embeddable":true,"href":"https:\/\/galicianparts.com\/shop\/wp-json\/wp\/v2\/media\/40124"}],"wp:attachment":[{"href":"https:\/\/galicianparts.com\/shop\/wp-json\/wp\/v2\/media?parent=40118"}],"wp:term":[{"taxonomy":"product_cat","embeddable":true,"href":"https:\/\/galicianparts.com\/shop\/wp-json\/wp\/v2\/product_cat?post=40118"},{"taxonomy":"product_tag","embeddable":true,"href":"https:\/\/galicianparts.com\/shop\/wp-json\/wp\/v2\/product_tag?post=40118"}],"curies":[{"name":"wp","href":"https:\/\/api.w.org\/{rel}","templated":true}]}}