{"id":40343,"date":"2022-02-23T10:54:31","date_gmt":"2022-02-23T08:54:31","guid":{"rendered":"https:\/\/galicianparts.com\/shop\/producto\/46770834-filtro-habitaculo-fiat-punto-doblo-idea-lancia-ypsilon-musa-kia-soul-original\/"},"modified":"2023-07-05T21:27:25","modified_gmt":"2023-07-05T19:27:25","slug":"46770834-filtro-habitaculo-fiat-punto-doblo-idea-lancia-ypsilon-musa-kia-soul-original","status":"publish","type":"product","link":"https:\/\/galicianparts.com\/shop\/producto\/46770834-filtro-habitaculo-fiat-punto-doblo-idea-lancia-ypsilon-musa-kia-soul-original\/","title":{"rendered":"46770834 Filtro habit\u00e1culo Fiat Punto \/ Doblo \/ Idea \/ Lancia Ypsilon \/ Musa \/ Kia Soul ORIGINAL"},"content":{"rendered":"<p>Filtro part\u00edculas, polen de:<br \/>\nLargo: 220 mm<br \/>\nAncho: 206 mm<br \/>\nAltura: 30 mm<\/p>\n<p>FIAT Punto II Hatchback (188)<br \/>\n1.2 16V 80, A\u00f1o 09.1999 &#8211; 12.2006, 1242 , 80<br \/>\n1.2 60, A\u00f1o 09.1999 &#8211; 12.2010, 1242 , 60<br \/>\n1.2 Bifuel, A\u00f1o 08.2007 &#8211; 03.2012, 1242 , 60<br \/>\n1.2 Bipower (188BXA1A), A\u00f1o 08.2001 &#8211; 05.2003, 1242 , 60<br \/>\n1.2 Natural Power, A\u00f1o 09.2003 &#8211; 03.2012, 1242 , 60<br \/>\n1.3 JTD 16V, A\u00f1o 06.2003 &#8211; 03.2012, 1248 , 70<br \/>\n1.4, A\u00f1o 09.2003 &#8211; 03.2012, 1368 , 95<br \/>\n1.4, A\u00f1o 11.2005 &#8211; 03.2012, 1368 , 97<br \/>\n1.8 130 HGT, A\u00f1o 09.1999 &#8211; 03.2012, 1747 , 130<br \/>\n1.9 DS 60, A\u00f1o 09.1999 &#8211; 03.2012, 1910 , 60<br \/>\n1.9 JTD, A\u00f1o 10.2001 &#8211; 03.2012, 1910 , 86<br \/>\n1.9 JTD, A\u00f1o 06.2003 &#8211; 03.2012, 1910 , 101<br \/>\n1.9 JTD 80, A\u00f1o 09.1999 &#8211; 03.2012, 1910 , 80<br \/>\nFIAT Doblo I (119, 223)<br \/>\n1.2, A\u00f1o 03.2001 &#8211; &#8230;, 1242 , 65<br \/>\n1.3 D Multijet, A\u00f1o 10.2005 &#8211; &#8230;, 1248 , 84<br \/>\n1.3 JTD, A\u00f1o 05.2005 &#8211; &#8230;, 1248 , 75<br \/>\n1.3 JTD 16V, A\u00f1o 12.2004 &#8211; 05.2005, 1248 , 70<br \/>\n1.4, A\u00f1o 10.2005 &#8211; &#8230;, 1368 , 77<br \/>\n1.6 16V, A\u00f1o 10.2001 &#8211; &#8230;, 1596 , 103<br \/>\n1.6 Natural Power, A\u00f1o 09.2002 &#8211; &#8230;, 1596 , 103<br \/>\n1.9 D, A\u00f1o 03.2001 &#8211; &#8230;, 1910 , 63<br \/>\n1.9 D Multijet, A\u00f1o 10.2005 &#8211; &#8230;, 1910 , 120<br \/>\n1.9 JTD, A\u00f1o 07.2003 &#8211; &#8230;, 1910 , 105<br \/>\n1.9 JTD, A\u00f1o 10.2001 &#8211; &#8230;, 1910 , 100<br \/>\nFIAT Punto II Van (188)<br \/>\n1.2 60, A\u00f1o 02.2000 &#8211; 10.2009, 1242 , 60<br \/>\n1.3 JTD, A\u00f1o 06.2003 &#8211; 10.2005, 1248 , 69<br \/>\n1.9 D 60, A\u00f1o 02.2000 &#8211; 10.2009, 1910 , 60<br \/>\n1.9 JTD, A\u00f1o 02.2000 &#8211; 10.2009, 1910 , 86<br \/>\nFIAT Panda II (169)<br \/>\n1.1, A\u00f1o 09.2003 &#8211; &#8230;, 1108 , 54<br \/>\n1.2, A\u00f1o 09.2003 &#8211; &#8230;, 1242 , 60<br \/>\n1.2, A\u00f1o 03.2010 &#8211; 08.2013, 1242 , 69<br \/>\n1.2 4&#215;4, A\u00f1o 10.2004 &#8211; &#8230;, 1242 , 60<br \/>\n1.2 4&#215;4, A\u00f1o 11.2009 &#8211; 08.2013, 1242 , 69<br \/>\n1.2 LPG, A\u00f1o 04.2009 &#8211; &#8230;, 1242 , 60<br \/>\n1.2 LPG, A\u00f1o 11.2010 &#8211; 08.2013, 1242 , 69<br \/>\n1.2 Natural Power, A\u00f1o 01.2007 &#8211; 12.2011, 1242 , 60<br \/>\n1.3 D Multijet, A\u00f1o 09.2003 &#8211; &#8230;, 1248 , 70<br \/>\n1.3 D Multijet, A\u00f1o 06.2006 &#8211; 08.2013, 1248 , 75<br \/>\n1.3 D Multijet 4&#215;4, A\u00f1o 10.2004 &#8211; &#8230;, 1248 , 70<br \/>\n1.3 D Multijet 4&#215;4, A\u00f1o 09.2010 &#8211; 08.2013, 1248 , 75<br \/>\n1.4, A\u00f1o 10.2006 &#8211; &#8230;, 1368 , 100<br \/>\n1.4 Natural Power, A\u00f1o 09.2010 &#8211; 08.2013, 1368 , 78<br \/>\nFIAT Panda Van (169)<br \/>\n1.2, A\u00f1o 09.2004 &#8211; &#8230;, 1242 , 60<br \/>\n1.2, A\u00f1o 09.2010 &#8211; &#8230;, 1242 , 69<br \/>\n1.2 4&#215;4, A\u00f1o 09.2004 &#8211; &#8230;, 1242 , 60<br \/>\n1.2 4&#215;4, A\u00f1o 09.2010 &#8211; &#8230;, 1242 , 69<br \/>\n1.2 LPG, A\u00f1o 09.2010 &#8211; &#8230;, 1242 , 69<br \/>\n1.3 D Multijet, A\u00f1o 03.2004 &#8211; &#8230;, 1248 , 70<br \/>\n1.3 D Multijet, A\u00f1o 01.2006 &#8211; &#8230;, 1248 , 75<br \/>\n1.3 D Multijet 4&#215;4, A\u00f1o 01.2006 &#8211; &#8230;, 1248 , 75<br \/>\n1.4 Natural Power, A\u00f1o 10.2009 &#8211; &#8230;, 1368 , 78<br \/>\nFIAT Idea (350)<br \/>\n1.2 16V, A\u00f1o 01.2004 &#8211; &#8230;, 1242 , 80<br \/>\n1.3 D Multijet, A\u00f1o 01.2004 &#8211; &#8230;, 1248 , 70<br \/>\n1.3 D Multijet, A\u00f1o 10.2005 &#8211; &#8230;, 1248 , 90<br \/>\n1.3 D Multijet, A\u00f1o 05.2008 &#8211; 12.2012, 1248 , 95<br \/>\n1.4, A\u00f1o 10.2005 &#8211; &#8230;, 1368 , 77<br \/>\n1.4, A\u00f1o 12.2003 &#8211; &#8230;, 1368 , 90<br \/>\n1.4 16V, A\u00f1o 01.2004 &#8211; &#8230;, 1368 , 95<br \/>\n1.4 LPG, A\u00f1o 03.2009 &#8211; &#8230;, 1368 , 78<br \/>\n1.6 D Multijet, A\u00f1o 05.2008 &#8211; &#8230;, 1598 , 120<br \/>\n1.9 JTD, A\u00f1o 01.2004 &#8211; &#8230;, 1910 , 101<br \/>\nFIAT 500 Hatchback (312)<br \/>\n0.9, A\u00f1o 07.2010 &#8211; &#8230;, 875 , 86<br \/>\n1.2, A\u00f1o 10.2007 &#8211; &#8230;, 1242 , 69<br \/>\n1.3 D Multijet, A\u00f1o 10.2007 &#8211; &#8230;, 1248 , 75<br \/>\n1.3 D Multijet, A\u00f1o 12.2009 &#8211; &#8230;, 1248 , 95<br \/>\n1.4, A\u00f1o 10.2007 &#8211; &#8230;, 1368 , 100<\/p>\n<p>LANCIA Ypsilon II (843)<br \/>\n1.2, A\u00f1o 10.2003 &#8211; 12.2011, 1242 , 60<br \/>\n1.2, A\u00f1o 10.2003 &#8211; 12.2011, 1242 , 80<br \/>\n1.3 D Multijet, A\u00f1o 09.2006 &#8211; 12.2011, 1248 , 75<br \/>\n1.3 D Multijet, A\u00f1o 09.2006 &#8211; 12.2011, 1248 , 90<br \/>\n1.3 D Multijet, A\u00f1o 05.2007 &#8211; 12.2011, 1248 , 105<br \/>\n1.3 JTD, A\u00f1o 10.2003 &#8211; 12.2011, 1248 , 70<br \/>\n1.4, A\u00f1o 02.2006 &#8211; 12.2011, 1368 , 78<br \/>\n1.4 16V, A\u00f1o 10.2003 &#8211; 12.2011, 1368 , 95<br \/>\n1.4 LPG, A\u00f1o 11.2010 &#8211; 12.2011, 1368 , 78<br \/>\nLANCIA Musa (350)<br \/>\n1.3 D Multijet, A\u00f1o 10.2004 &#8211; 09.2012, 1248 , 70<br \/>\n1.3 D Multijet, A\u00f1o 09.2006 &#8211; 09.2012, 1248 , 90<br \/>\n1.3 D Multijet, A\u00f1o 03.2009 &#8211; 09.2012, 1248 , 95<br \/>\n1.4, A\u00f1o 09.2005 &#8211; 09.2012, 1368 , 78<br \/>\n1.4, A\u00f1o 10.2007 &#8211; 09.2012, 1368 , 90<br \/>\n1.4, A\u00f1o 10.2004 &#8211; 09.2012, 1368 , 95<br \/>\n1.4 LPG, A\u00f1o 11.2010 &#8211; 09.2012, 1368 , 78<br \/>\n1.6 D Multijet, A\u00f1o 07.2008 &#8211; 09.2012, 1598 , 116<br \/>\n1.6 D Multijet, A\u00f1o 07.2008 &#8211; 09.2012, 1598 , 120<br \/>\n1.9 D Multijet, A\u00f1o 10.2004 &#8211; 09.2012, 1910 , 101<\/p>\n<p>FIAT &#8211; ABARTH 500 \/ 595 \/ 695 Hatchback (312)<br \/>\n1.4 (312.AXD1A), A\u00f1o 08.2008 &#8211; &#8230;, 1368 , 135<br \/>\n1.4 (312.AXF11, 312.AXF1A, 312.AXD1A), A\u00f1o 08.2008 &#8211; &#8230;, 1368 , 160<br \/>\nABARTH 500C \/ 595C \/ 695C Cabrio (312)<br \/>\n1.4 (312.AXF1A), A\u00f1o 09.2009 &#8211; &#8230;, 1368 , 140<\/p>\n<p>LA PIEZA ES NUEVA Y ORIGINAL.<\/p>\n","protected":false},"excerpt":{"rendered":"<p>Filtro part\u00edculas, polen de: Largo: 220 mm Ancho: 206 mm Altura: 30 mm FIAT Punto II Hatchback (188) 1.2 16V 80, A\u00f1o 09.1999 &#8211; 12.2006, 1242 , 80 1.2 60, A\u00f1o 09.1999 &#8211; 12.2010, 1242 , 60 1.2 Bifuel, A\u00f1o 08.2007 &#8211; 03.2012, 1242 , 60 1.2 Bipower (188BXA1A), A\u00f1o 08.2001 &#8211; 05.2003, 1242 , [&hellip;]<\/p>\n","protected":false},"featured_media":40345,"template":"","meta":{"_seopress_robots_primary_cat":"","_seopress_titles_title":"","_seopress_titles_desc":"","_seopress_robots_index":""},"product_cat":[74,87,20,93,21,121,99,101,127],"product_tag":[],"class_list":{"0":"post-40343","1":"product","2":"type-product","3":"status-publish","4":"has-post-thumbnail","6":"product_cat-recambios-fiat-500","7":"product_cat-recambios-fiat-doblo","8":"product_cat-recambios-fiat","9":"product_cat-recambios-fiat-idea","10":"product_cat-recambios-lancia","11":"product_cat-recambios-lancia-musa","12":"product_cat-recambios-fiat-panda","13":"product_cat-recambios-fiat-punto","14":"product_cat-recambios-lancia-ypsilon","16":"first","17":"outofstock","18":"taxable","19":"shipping-taxable","20":"purchasable","21":"product-type-simple"},"_links":{"self":[{"href":"https:\/\/galicianparts.com\/shop\/wp-json\/wp\/v2\/product\/40343"}],"collection":[{"href":"https:\/\/galicianparts.com\/shop\/wp-json\/wp\/v2\/product"}],"about":[{"href":"https:\/\/galicianparts.com\/shop\/wp-json\/wp\/v2\/types\/product"}],"wp:featuredmedia":[{"embeddable":true,"href":"https:\/\/galicianparts.com\/shop\/wp-json\/wp\/v2\/media\/40345"}],"wp:attachment":[{"href":"https:\/\/galicianparts.com\/shop\/wp-json\/wp\/v2\/media?parent=40343"}],"wp:term":[{"taxonomy":"product_cat","embeddable":true,"href":"https:\/\/galicianparts.com\/shop\/wp-json\/wp\/v2\/product_cat?post=40343"},{"taxonomy":"product_tag","embeddable":true,"href":"https:\/\/galicianparts.com\/shop\/wp-json\/wp\/v2\/product_tag?post=40343"}],"curies":[{"name":"wp","href":"https:\/\/api.w.org\/{rel}","templated":true}]}}