{"id":40344,"date":"2022-02-23T10:56:33","date_gmt":"2022-02-23T08:56:33","guid":{"rendered":"https:\/\/galicianparts.com\/shop\/producto\/5962865-rele-bujias-precalentamiento-fiat-ducato-1981-1994-nuevo-original\/"},"modified":"2022-10-28T10:25:47","modified_gmt":"2022-10-28T08:25:47","slug":"5962865-rele-bujias-precalentamiento-fiat-ducato-1981-1994-nuevo-original","status":"publish","type":"product","link":"https:\/\/galicianparts.com\/shop\/producto\/5962865-rele-bujias-precalentamiento-fiat-ducato-1981-1994-nuevo-original\/","title":{"rendered":"5962865 Rel\u00e9 buj\u00edas precalentamiento Fiat Ducato (1981-1994) NUEVO ORIGINAL"},"content":{"rendered":"<p>Centralita de derivaci\u00f3n, rel\u00e9 temporizador de las buj\u00edas de incandescencia de:<br \/>\nFIAT &#8211; DUCATO (1981-1994)<\/p>\n<p>BITRON 2044001<\/p>\n<p>LA PIEZA ES NUEVA Y ORIGINAL BITRON<\/p>\n","protected":false},"excerpt":{"rendered":"<p>Centralita de derivaci\u00f3n, rel\u00e9 temporizador de las buj\u00edas de incandescencia de: FIAT &#8211; DUCATO (1981-1994) BITRON 2044001 LA PIEZA ES NUEVA Y ORIGINAL BITRON<\/p>\n","protected":false},"featured_media":40351,"template":"","meta":{"_seopress_robots_primary_cat":"","_seopress_titles_title":"","_seopress_titles_desc":"","_seopress_robots_index":""},"product_cat":[88,20],"product_tag":[],"class_list":{"0":"post-40344","1":"product","2":"type-product","3":"status-publish","4":"has-post-thumbnail","6":"product_cat-recambios-fiat-ducato","7":"product_cat-recambios-fiat","9":"first","10":"outofstock","11":"taxable","12":"shipping-taxable","13":"purchasable","14":"product-type-simple"},"_links":{"self":[{"href":"https:\/\/galicianparts.com\/shop\/wp-json\/wp\/v2\/product\/40344"}],"collection":[{"href":"https:\/\/galicianparts.com\/shop\/wp-json\/wp\/v2\/product"}],"about":[{"href":"https:\/\/galicianparts.com\/shop\/wp-json\/wp\/v2\/types\/product"}],"wp:featuredmedia":[{"embeddable":true,"href":"https:\/\/galicianparts.com\/shop\/wp-json\/wp\/v2\/media\/40351"}],"wp:attachment":[{"href":"https:\/\/galicianparts.com\/shop\/wp-json\/wp\/v2\/media?parent=40344"}],"wp:term":[{"taxonomy":"product_cat","embeddable":true,"href":"https:\/\/galicianparts.com\/shop\/wp-json\/wp\/v2\/product_cat?post=40344"},{"taxonomy":"product_tag","embeddable":true,"href":"https:\/\/galicianparts.com\/shop\/wp-json\/wp\/v2\/product_tag?post=40344"}],"curies":[{"name":"wp","href":"https:\/\/api.w.org\/{rel}","templated":true}]}}