{"id":40363,"date":"2022-02-23T11:41:06","date_gmt":"2022-02-23T09:41:06","guid":{"rendered":"https:\/\/galicianparts.com\/shop\/producto\/46474809-velocimetro-fiat-seicento-citymatic-899-spi-1998-2010-nuevo-original\/"},"modified":"2023-12-10T16:53:06","modified_gmt":"2023-12-10T14:53:06","slug":"46474809-velocimetro-fiat-seicento-citymatic-899-spi-1998-2010-nuevo-original","status":"publish","type":"product","link":"https:\/\/galicianparts.com\/shop\/producto\/46474809-velocimetro-fiat-seicento-citymatic-899-spi-1998-2010-nuevo-original\/","title":{"rendered":"46474809 Veloc\u00edmetro Fiat Seicento Citymatic 899 SPI (1998-2010) NUEVO ORIGINAL"},"content":{"rendered":"<p>Medidor el\u00e9ctrico del cuentakil\u00f3metros de:<br \/>\nFIAT &#8211; 1E SEICENTO (1998-2010) CITYMATIC \/ CONDUCCION A\u00a0IZQUIERDA \/ 899 SPI<br \/>\nFIAT &#8211; 1E SEICENTO (1998-2010) CITYMATIC \/ CONDUCCION\u00a0A DERECHA \/ 899 SPI<\/p>\n<p>LA PIEZA ES NUEVA Y ORIGINAL.<\/p>\n","protected":false},"excerpt":{"rendered":"<p>Medidor el\u00e9ctrico del cuentakil\u00f3metros de: FIAT &#8211; 1E SEICENTO (1998-2010) CITYMATIC \/ CONDUCCION A\u00a0IZQUIERDA \/ 899 SPI FIAT &#8211; 1E SEICENTO (1998-2010) CITYMATIC \/ CONDUCCION\u00a0A DERECHA \/ 899 SPI LA PIEZA ES NUEVA Y ORIGINAL.<\/p>\n","protected":false},"featured_media":40368,"template":"","meta":{"_seopress_robots_primary_cat":"","_seopress_titles_title":"","_seopress_titles_desc":"","_seopress_robots_index":""},"product_cat":[20,106],"product_tag":[],"class_list":{"0":"post-40363","1":"product","2":"type-product","3":"status-publish","4":"has-post-thumbnail","6":"product_cat-recambios-fiat","7":"product_cat-recambios-fiat-seicento","9":"first","10":"outofstock","11":"taxable","12":"shipping-taxable","13":"purchasable","14":"product-type-simple"},"_links":{"self":[{"href":"https:\/\/galicianparts.com\/shop\/wp-json\/wp\/v2\/product\/40363"}],"collection":[{"href":"https:\/\/galicianparts.com\/shop\/wp-json\/wp\/v2\/product"}],"about":[{"href":"https:\/\/galicianparts.com\/shop\/wp-json\/wp\/v2\/types\/product"}],"wp:featuredmedia":[{"embeddable":true,"href":"https:\/\/galicianparts.com\/shop\/wp-json\/wp\/v2\/media\/40368"}],"wp:attachment":[{"href":"https:\/\/galicianparts.com\/shop\/wp-json\/wp\/v2\/media?parent=40363"}],"wp:term":[{"taxonomy":"product_cat","embeddable":true,"href":"https:\/\/galicianparts.com\/shop\/wp-json\/wp\/v2\/product_cat?post=40363"},{"taxonomy":"product_tag","embeddable":true,"href":"https:\/\/galicianparts.com\/shop\/wp-json\/wp\/v2\/product_tag?post=40363"}],"curies":[{"name":"wp","href":"https:\/\/api.w.org\/{rel}","templated":true}]}}