{"id":4041,"date":"2020-09-29T11:45:44","date_gmt":"2020-09-29T11:45:44","guid":{"rendered":"https:\/\/galicianparts.com\/shop\/producto\/4096101-rodamiento-rueda-autobianchi-a111-fiat-125-132-135-1500-argenta\/"},"modified":"2022-01-18T19:11:12","modified_gmt":"2022-01-18T17:11:12","slug":"4096101-rodamiento-rueda-autobianchi-a111-fiat-125-132-135-1500-argenta","status":"publish","type":"product","link":"https:\/\/galicianparts.com\/shop\/producto\/4096101-rodamiento-rueda-autobianchi-a111-fiat-125-132-135-1500-argenta\/","title":{"rendered":"4096101 Rodamiento rueda Autobianchi A111 \/ Fiat 125 \/ 132 \/ 135 \/ 1500 \/ Argenta"},"content":{"rendered":"<p>Cojinete rueda delantera de:<br \/>\nAUTOBIANCHI A111 Berlina (A\u00f1o 08.1969 &#8211; 11.1972, 70 cv, Gasolina)<br \/>\nFIAT Serie 1000 Berlina (A\u00f1o 11.1961 &#8211; 03.1969, 67-75 cv, Gasolina)<br \/>\nFIAT 125 Berlina (125) (A\u00f1o 07.1967 &#8211; 03.1974, 90-100 cv, Gasolina)<br \/>\nFIAT 132 (132_) (A\u00f1o 04.1974 &#8211; 12.1982, 72-122 cv, Gas\u00f3leo, Gasolina)<br \/>\nFIAT 135 Dino Spider (135) (A\u00f1o 10.1967 &#8211; 01.1972, 160 cv, Gasolina)<br \/>\nFIAT 1500 Cabrio (A\u00f1o 06.1964 &#8211; 10.1967, 67-75 cv, Gasolina)<br \/>\nFIAT 1500-2300 Berlina (A\u00f1o 10.1963 &#8211; 12.1970, 75 cv, Gasolina)<br \/>\nFIAT Argenta (132) (A\u00f1o 06.1978 &#8211; 07.1986, 72-135 cv, Gas\u00f3leo, Gasolina)<\/p>\n<p>LA PIEZA ES NUEVA Y ORIGINAL.<\/p>\n","protected":false},"excerpt":{"rendered":"<p>Cojinete rueda delantera de: AUTOBIANCHI A111 Berlina (A\u00f1o 08.1969 &#8211; 11.1972, 70 cv, Gasolina) FIAT Serie 1000 Berlina (A\u00f1o 11.1961 &#8211; 03.1969, 67-75 cv, Gasolina) FIAT 125 Berlina (125) (A\u00f1o 07.1967 &#8211; 03.1974, 90-100 cv, Gasolina) FIAT 132 (132_) (A\u00f1o 04.1974 &#8211; 12.1982, 72-122 cv, Gas\u00f3leo, Gasolina) FIAT 135 Dino Spider (135) (A\u00f1o 10.1967 &#8211; [&hellip;]<\/p>\n","protected":false},"featured_media":3287,"template":"","meta":{"_seopress_robots_primary_cat":"","_seopress_titles_title":"","_seopress_titles_desc":"","_seopress_robots_index":""},"product_cat":[66,71,72,78,62,79,25,20],"product_tag":[],"class_list":{"0":"post-4041","1":"product","2":"type-product","3":"status-publish","4":"has-post-thumbnail","6":"product_cat-recambios-fiat-125","7":"product_cat-recambios-fiat-132","8":"product_cat-recambios-fiat-135","9":"product_cat-recambios-fiat-1500","10":"product_cat-recambios-autobianchi-a111","11":"product_cat-recambios-fiat-argenta","12":"product_cat-recambios-autobianchi","13":"product_cat-recambios-fiat","15":"first","16":"outofstock","17":"taxable","18":"shipping-taxable","19":"purchasable","20":"product-type-simple"},"_links":{"self":[{"href":"https:\/\/galicianparts.com\/shop\/wp-json\/wp\/v2\/product\/4041"}],"collection":[{"href":"https:\/\/galicianparts.com\/shop\/wp-json\/wp\/v2\/product"}],"about":[{"href":"https:\/\/galicianparts.com\/shop\/wp-json\/wp\/v2\/types\/product"}],"wp:featuredmedia":[{"embeddable":true,"href":"https:\/\/galicianparts.com\/shop\/wp-json\/wp\/v2\/media\/3287"}],"wp:attachment":[{"href":"https:\/\/galicianparts.com\/shop\/wp-json\/wp\/v2\/media?parent=4041"}],"wp:term":[{"taxonomy":"product_cat","embeddable":true,"href":"https:\/\/galicianparts.com\/shop\/wp-json\/wp\/v2\/product_cat?post=4041"},{"taxonomy":"product_tag","embeddable":true,"href":"https:\/\/galicianparts.com\/shop\/wp-json\/wp\/v2\/product_tag?post=4041"}],"curies":[{"name":"wp","href":"https:\/\/api.w.org\/{rel}","templated":true}]}}