{"id":40450,"date":"2022-02-23T19:44:21","date_gmt":"2022-02-23T17:44:21","guid":{"rendered":"https:\/\/galicianparts.com\/shop\/producto\/709120331520-alternador-femsa-alp12n20j-fiat-seat-autobianchi-nuevo\/"},"modified":"2022-03-01T20:42:53","modified_gmt":"2022-03-01T18:42:53","slug":"709120331520-alternador-femsa-alp12n20j-fiat-seat-autobianchi-nuevo","status":"publish","type":"product","link":"https:\/\/galicianparts.com\/shop\/producto\/709120331520-alternador-femsa-alp12n20j-fiat-seat-autobianchi-nuevo\/","title":{"rendered":"709120331520 Alternador Femsa ALP12N20J Fiat \/ Seat \/ Autobianchi NUEVO"},"content":{"rendered":"<p>ALP12N24 \/ ALP12N20J \/ 99700296 Generador de corriente, alternador de:<br \/>\nIntensidad de carga: 45A<br \/>\nTensi\u00f3n: De 12 a 14,7 V<br \/>\nDi\u00e1metro polea: 75mm<\/p>\n<p>AUTOBIANCHI A 112 Hatchback<br \/>\n0.9 Junior, A\u00f1o 07.1975 &#8211; 12.1985, 903 , 42<br \/>\n1.0 Abarth, A\u00f1o 01.1974 &#8211; 12.1984, 1050 , 70<br \/>\n1.0 E,Elite,LX, A\u00f1o 11.1977 &#8211; 12.1985, 965 , 48<br \/>\nFIAT 127 Hatchback (127)<br \/>\n0.9, A\u00f1o 06.1971 &#8211; 12.1986, 903 , 45<br \/>\nFIAT 131 Berlina (131)<br \/>\n1.3 Super Mirafiori, A\u00f1o 03.1978 &#8211; 12.1980, 1297 , 78<br \/>\n2.0 Racing, A\u00f1o 06.1978 &#8211; 12.1981, 1995 , 115<br \/>\nFIAT 131 Familiare \/ Panorama (131)<br \/>\n1.4 Mirafiori, A\u00f1o 11.1981 &#8211; 01.1984, 1367 , 70<br \/>\n1.6, A\u00f1o 11.1980 &#8211; 12.1984, 1585 , 85<br \/>\nFIAT Panda I Hatchback (141)<br \/>\n0.9 Fire S 4&#215;4, A\u00f1o 10.1980 &#8211; 04.1986, 903 , 45<br \/>\n0.65 , A\u00f1o 01.1982 &#8211; 07.2004, 652 , 30<br \/>\n0.7, A\u00f1o 01.1986 &#8211; 10.2003, 770 , 34<br \/>\n0.8, A\u00f1o 02.1981 &#8211; 12.1985, 837 , 34<br \/>\n0.9, A\u00f1o 10.1980 &#8211; 06.1994, 903 , 45<br \/>\n1.0, A\u00f1o 09.1982 &#8211; 08.1983, 965 , 48<br \/>\n1.0 4&#215;4, A\u00f1o 09.1983 &#8211; 12.1986, 965 , 48<br \/>\nFIAT Fiorino Furg\u00f3n (127)<br \/>\n0.9, A\u00f1o 10.1977 &#8211; 10.1986, 903 , 45<br \/>\nFIAT Uno Hatchback (146)<br \/>\n0.9, A\u00f1o 03.1983 &#8211; 09.1992, 903 , 45<br \/>\n0.9 45, A\u00f1o 02.1984 &#8211; 12.1988, 903 , 46<br \/>\nFIAT Panda Van (141)<br \/>\n0.7, A\u00f1o 01.1986 &#8211; 07.1992, 764 , 34<br \/>\nFIAT Uno Furg\u00f3n (146)<br \/>\n0.9 45, A\u00f1o 02.1988 &#8211; 07.1996, 903 , 45<br \/>\nSEAT Ronda (022A)<br \/>\n1.4, A\u00f1o 06.1982 &#8211; 11.1988, 1438 , 73<br \/>\nSEAT Marbella Hatchback (28)<br \/>\n0.8, A\u00f1o 08.1986 &#8211; 12.1993, 843 , 34<br \/>\n0.9, A\u00f1o 01.1987 &#8211; 12.1993, 903 , 40<br \/>\n0.9 CAT, A\u00f1o 01.1990 &#8211; 11.1996, 903 , 40<br \/>\n0.9 CAT, A\u00f1o 11.1996 &#8211; 10.1998, 899 , 41<br \/>\nSEAT Terra (24)<br \/>\n0.9, A\u00f1o 02.1987 &#8211; 12.1996, 903 , 40<br \/>\n0.9 CAT, A\u00f1o 02.1992 &#8211; 12.1994, 903 , 40<br \/>\nSEAT Fura (025A)<br \/>\n0.9, A\u00f1o 03.1984 &#8211; 12.1986, 903 , 40<br \/>\n0.9, A\u00f1o 01.1982 &#8211; 06.1986, 903 , 43<br \/>\n0.9, A\u00f1o 01.1982 &#8211; 06.1986, 903 , 45<br \/>\n1.4, A\u00f1o 01.1982 &#8211; 06.1986, 1438 , 75<br \/>\nSEAT Ibiza I Hatchback (021A)<br \/>\n0.9, A\u00f1o 08.1990 &#8211; 05.1993, 903 , 40<br \/>\n0.9, A\u00f1o 08.1986 &#8211; 05.1993, 903 , 44<br \/>\nSEAT Marbella Furg\u00f3n (028A)<br \/>\n0.8, A\u00f1o 01.1987 &#8211; 12.1993, 843 , 34<br \/>\n0.9, A\u00f1o 01.1987 &#8211; 12.1993, 903 , 40<br \/>\n0.9 CAT, A\u00f1o 01.1987 &#8211; 12.1993, 903 , 40<br \/>\nSEAT 131<br \/>\n1.5, A\u00f1o 03.1982 &#8211; 01.1985, 1438 , 75<br \/>\n1.6, A\u00f1o 03.1982 &#8211; 01.1985, 1592 , 97<br \/>\nSEAT Panda (141A)<br \/>\n0.9, A\u00f1o 10.1980 &#8211; 12.1986, 903 , 42<br \/>\nSEAT 124 Berlina<br \/>\n2.0, A\u00f1o 04.1979 &#8211; 10.1980, 1995 , 116<br \/>\nSEAT 132 Berlina<br \/>\n1.8, A\u00f1o 05.1973 &#8211; 12.1980, 1756 , 105<\/p>\n<p>LA PIEZA ES NUEVA Y ORIGINAL FEMSA<\/p>\n","protected":false},"excerpt":{"rendered":"<p>ALP12N24 \/ ALP12N20J \/ 99700296 Generador de corriente, alternador de: Intensidad de carga: 45A Tensi\u00f3n: De 12 a 14,7 V Di\u00e1metro polea: 75mm AUTOBIANCHI A 112 Hatchback 0.9 Junior, A\u00f1o 07.1975 &#8211; 12.1985, 903 , 42 1.0 Abarth, A\u00f1o 01.1974 &#8211; 12.1984, 1050 , 70 1.0 E,Elite,LX, A\u00f1o 11.1977 &#8211; 12.1985, 965 , 48 FIAT [&hellip;]<\/p>\n","protected":false},"featured_media":40455,"template":"","meta":{"_seopress_robots_primary_cat":"","_seopress_titles_title":"","_seopress_titles_desc":"","_seopress_robots_index":""},"product_cat":[159,68,70,199,232,63,25,20,91,208,162,207,99,237,165,26,233,114],"product_tag":[],"class_list":{"0":"post-40450","1":"product","2":"type-product","3":"status-publish","4":"has-post-thumbnail","6":"product_cat-recambios-seat-124","7":"product_cat-recambios-fiat-127","8":"product_cat-recambios-fiat-131","9":"product_cat-recambios-seat-131","10":"product_cat-recambios-seat-132","11":"product_cat-recambios-autobianchi-a112","12":"product_cat-recambios-autobianchi","13":"product_cat-recambios-fiat","14":"product_cat-recambios-fiat-fiorino","15":"product_cat-recambios-seat-fura","16":"product_cat-recambios-seat-ibiza","17":"product_cat-recambios-seat-marbella","18":"product_cat-recambios-fiat-panda","19":"product_cat-recambios-seat-panda","20":"product_cat-recambios-seat-ronda","21":"product_cat-recambios-seat","22":"product_cat-recambios-seat-terra","23":"product_cat-recambios-fiat-uno","25":"first","26":"outofstock","27":"taxable","28":"shipping-taxable","29":"purchasable","30":"product-type-simple"},"_links":{"self":[{"href":"https:\/\/galicianparts.com\/shop\/wp-json\/wp\/v2\/product\/40450"}],"collection":[{"href":"https:\/\/galicianparts.com\/shop\/wp-json\/wp\/v2\/product"}],"about":[{"href":"https:\/\/galicianparts.com\/shop\/wp-json\/wp\/v2\/types\/product"}],"wp:featuredmedia":[{"embeddable":true,"href":"https:\/\/galicianparts.com\/shop\/wp-json\/wp\/v2\/media\/40455"}],"wp:attachment":[{"href":"https:\/\/galicianparts.com\/shop\/wp-json\/wp\/v2\/media?parent=40450"}],"wp:term":[{"taxonomy":"product_cat","embeddable":true,"href":"https:\/\/galicianparts.com\/shop\/wp-json\/wp\/v2\/product_cat?post=40450"},{"taxonomy":"product_tag","embeddable":true,"href":"https:\/\/galicianparts.com\/shop\/wp-json\/wp\/v2\/product_tag?post=40450"}],"curies":[{"name":"wp","href":"https:\/\/api.w.org\/{rel}","templated":true}]}}