{"id":40458,"date":"2022-02-23T20:26:24","date_gmt":"2022-02-23T18:26:24","guid":{"rendered":"https:\/\/galicianparts.com\/shop\/producto\/9120331919-alternador-femsa-alt12n-19-fiat-127-seat-127-autobianchi-a112-nuevo\/"},"modified":"2022-05-17T17:37:29","modified_gmt":"2022-05-17T15:37:29","slug":"9120331919-alternador-femsa-alt12n-19-fiat-127-seat-127-autobianchi-a112-nuevo","status":"publish","type":"product","link":"https:\/\/galicianparts.com\/shop\/producto\/9120331919-alternador-femsa-alt12n-19-fiat-127-seat-127-autobianchi-a112-nuevo\/","title":{"rendered":"9120331919 Alternador Femsa ALT12N-19 Fiat 127 \/ Seat 127 \/ Autobianchi A112 NUEVO"},"content":{"rendered":"<p>ALT12N19J \/ 99700281 Generador de corriente, alternador de:<br \/>\nIntensidad de carga: 30A<br \/>\nTensi\u00f3n: 12V<br \/>\nDi\u00e1metro polea: 75mm<\/p>\n<p>AUTOBIANCHI A 112 Hatchback<br \/>\n0.9 Junior (A112B\/2), A\u00f1o 03.1981 &#8211; 06.1986, 903 , 40<br \/>\n1.0 Abarth (A112B2\/5), A\u00f1o 03.1978 &#8211; 02.1984, 1050 , 69<br \/>\nFIAT 127 Hatchback (127)<br \/>\n0.9, A\u00f1o 06.1971 &#8211; 12.1986, 903 , 45<br \/>\n1.0, A\u00f1o 04.1977 &#8211; 12.1986, 1049 , 50<br \/>\nFIAT 127 Panorama (127)<br \/>\n1.0, A\u00f1o 01.1977 &#8211; 12.1986, 1049 , 50<br \/>\nSEAT 127<br \/>\n0.9, A\u00f1o 04.1972 &#8211; 12.1982, 903 , 45<\/p>\n<p>LA PIEZA ES NUEVA Y ORIGINAL FEMSA<\/p>\n","protected":false},"excerpt":{"rendered":"<p>ALT12N19J \/ 99700281 Generador de corriente, alternador de: Intensidad de carga: 30A Tensi\u00f3n: 12V Di\u00e1metro polea: 75mm AUTOBIANCHI A 112 Hatchback 0.9 Junior (A112B\/2), A\u00f1o 03.1981 &#8211; 06.1986, 903 , 40 1.0 Abarth (A112B2\/5), A\u00f1o 03.1978 &#8211; 02.1984, 1050 , 69 FIAT 127 Hatchback (127) 0.9, A\u00f1o 06.1971 &#8211; 12.1986, 903 , 45 1.0, A\u00f1o [&hellip;]<\/p>\n","protected":false},"featured_media":40464,"template":"","meta":{"_seopress_robots_primary_cat":"","_seopress_titles_title":"","_seopress_titles_desc":"","_seopress_robots_index":""},"product_cat":[179,68,63,25,20,26],"product_tag":[],"class_list":{"0":"post-40458","1":"product","2":"type-product","3":"status-publish","4":"has-post-thumbnail","6":"product_cat-recambios-seat-127","7":"product_cat-recambios-fiat-127","8":"product_cat-recambios-autobianchi-a112","9":"product_cat-recambios-autobianchi","10":"product_cat-recambios-fiat","11":"product_cat-recambios-seat","13":"first","14":"outofstock","15":"taxable","16":"shipping-taxable","17":"purchasable","18":"product-type-simple"},"_links":{"self":[{"href":"https:\/\/galicianparts.com\/shop\/wp-json\/wp\/v2\/product\/40458"}],"collection":[{"href":"https:\/\/galicianparts.com\/shop\/wp-json\/wp\/v2\/product"}],"about":[{"href":"https:\/\/galicianparts.com\/shop\/wp-json\/wp\/v2\/types\/product"}],"wp:featuredmedia":[{"embeddable":true,"href":"https:\/\/galicianparts.com\/shop\/wp-json\/wp\/v2\/media\/40464"}],"wp:attachment":[{"href":"https:\/\/galicianparts.com\/shop\/wp-json\/wp\/v2\/media?parent=40458"}],"wp:term":[{"taxonomy":"product_cat","embeddable":true,"href":"https:\/\/galicianparts.com\/shop\/wp-json\/wp\/v2\/product_cat?post=40458"},{"taxonomy":"product_tag","embeddable":true,"href":"https:\/\/galicianparts.com\/shop\/wp-json\/wp\/v2\/product_tag?post=40458"}],"curies":[{"name":"wp","href":"https:\/\/api.w.org\/{rel}","templated":true}]}}