{"id":4067,"date":"2020-09-29T13:45:56","date_gmt":"2020-09-29T11:45:56","guid":{"rendered":"https:\/\/galicianparts.com\/shop\/producto\/281740-intalacion-de-climatizador-fiat-bravo-bravo-marea-lancia-ypsilon\/"},"modified":"2022-06-30T12:02:24","modified_gmt":"2022-06-30T10:02:24","slug":"281740-intalacion-de-climatizador-fiat-bravo-bravo-marea-lancia-ypsilon","status":"publish","type":"product","link":"https:\/\/galicianparts.com\/shop\/producto\/281740-intalacion-de-climatizador-fiat-bravo-bravo-marea-lancia-ypsilon\/","title":{"rendered":"281740 Kit instalaci\u00f3n aire acondicionado Fiat Bravo \/ Brava \/ Marea"},"content":{"rendered":"<p>Kit DIAVIA de instalaci\u00f3n de aire acondicionado con condensador universal, latiguillos, instalaci\u00f3n el\u00e9ctrica con rel\u00e9s y fusibles, correa, tensor y soporte de compresor de:<br \/>\nFiat Bravo<br \/>\nFiat Brava<br \/>\nFiat Marea<\/p>\n<p>LA PIEZA ES NUEVA Y ORIGINAL.<\/p>\n","protected":false},"excerpt":{"rendered":"<p>Kit DIAVIA de instalaci\u00f3n de aire acondicionado con condensador universal, latiguillos, instalaci\u00f3n el\u00e9ctrica con rel\u00e9s y fusibles, correa, tensor y soporte de compresor de: Fiat Bravo Fiat Brava Fiat Marea LA PIEZA ES NUEVA Y ORIGINAL.<\/p>\n","protected":false},"featured_media":51920,"template":"","meta":{"_seopress_robots_primary_cat":"","_seopress_titles_title":"","_seopress_titles_desc":"","_seopress_robots_index":""},"product_cat":[81,82,20,95],"product_tag":[],"class_list":{"0":"post-4067","1":"product","2":"type-product","3":"status-publish","4":"has-post-thumbnail","6":"product_cat-recambios-fiat-brava","7":"product_cat-recambios-fiat-bravo","8":"product_cat-recambios-fiat","9":"product_cat-recambios-fiat-marea","11":"first","12":"outofstock","13":"taxable","14":"shipping-taxable","15":"purchasable","16":"product-type-simple"},"_links":{"self":[{"href":"https:\/\/galicianparts.com\/shop\/wp-json\/wp\/v2\/product\/4067"}],"collection":[{"href":"https:\/\/galicianparts.com\/shop\/wp-json\/wp\/v2\/product"}],"about":[{"href":"https:\/\/galicianparts.com\/shop\/wp-json\/wp\/v2\/types\/product"}],"wp:featuredmedia":[{"embeddable":true,"href":"https:\/\/galicianparts.com\/shop\/wp-json\/wp\/v2\/media\/51920"}],"wp:attachment":[{"href":"https:\/\/galicianparts.com\/shop\/wp-json\/wp\/v2\/media?parent=4067"}],"wp:term":[{"taxonomy":"product_cat","embeddable":true,"href":"https:\/\/galicianparts.com\/shop\/wp-json\/wp\/v2\/product_cat?post=4067"},{"taxonomy":"product_tag","embeddable":true,"href":"https:\/\/galicianparts.com\/shop\/wp-json\/wp\/v2\/product_tag?post=4067"}],"curies":[{"name":"wp","href":"https:\/\/api.w.org\/{rel}","templated":true}]}}