{"id":40698,"date":"2022-02-25T10:31:49","date_gmt":"2022-02-25T08:31:49","guid":{"rendered":"https:\/\/galicianparts.com\/shop\/producto\/95634959-satelite-diferencial-fiat-ducato-4x4-1990-1994-nuevo-original\/"},"modified":"2022-03-01T21:01:11","modified_gmt":"2022-03-01T19:01:11","slug":"95634959-satelite-diferencial-fiat-ducato-4x4-1990-1994-nuevo-original","status":"publish","type":"product","link":"https:\/\/galicianparts.com\/shop\/producto\/95634959-satelite-diferencial-fiat-ducato-4x4-1990-1994-nuevo-original\/","title":{"rendered":"95634959 Sat\u00e9lite diferencial Fiat Ducato 4X4 (1990-1994) NUEVO ORIGINAL"},"content":{"rendered":"<p>Sat\u00e9lite del diferencial de:<br \/>\nDi\u00e1metro interior: 18mm.<br \/>\nDi\u00e1metro exterior: 46,8mm.<br \/>\nAltura: 19mm.<br \/>\nFIAT PROFESSIONAL &#8211; ND DUCATO 4X4 R.90 (1990-1994)<\/p>\n<p>LA PIEZA ES NUEVA Y ORIGINAL.<\/p>\n","protected":false},"excerpt":{"rendered":"<p>Sat\u00e9lite del diferencial de: Di\u00e1metro interior: 18mm. Di\u00e1metro exterior: 46,8mm. Altura: 19mm. FIAT PROFESSIONAL &#8211; ND DUCATO 4X4 R.90 (1990-1994) LA PIEZA ES NUEVA Y ORIGINAL.<\/p>\n","protected":false},"featured_media":40701,"template":"","meta":{"_seopress_robots_primary_cat":"","_seopress_titles_title":"","_seopress_titles_desc":"","_seopress_robots_index":""},"product_cat":[88,20],"product_tag":[],"class_list":{"0":"post-40698","1":"product","2":"type-product","3":"status-publish","4":"has-post-thumbnail","6":"product_cat-recambios-fiat-ducato","7":"product_cat-recambios-fiat","9":"first","10":"instock","11":"taxable","12":"shipping-taxable","13":"purchasable","14":"product-type-simple"},"_links":{"self":[{"href":"https:\/\/galicianparts.com\/shop\/wp-json\/wp\/v2\/product\/40698"}],"collection":[{"href":"https:\/\/galicianparts.com\/shop\/wp-json\/wp\/v2\/product"}],"about":[{"href":"https:\/\/galicianparts.com\/shop\/wp-json\/wp\/v2\/types\/product"}],"wp:featuredmedia":[{"embeddable":true,"href":"https:\/\/galicianparts.com\/shop\/wp-json\/wp\/v2\/media\/40701"}],"wp:attachment":[{"href":"https:\/\/galicianparts.com\/shop\/wp-json\/wp\/v2\/media?parent=40698"}],"wp:term":[{"taxonomy":"product_cat","embeddable":true,"href":"https:\/\/galicianparts.com\/shop\/wp-json\/wp\/v2\/product_cat?post=40698"},{"taxonomy":"product_tag","embeddable":true,"href":"https:\/\/galicianparts.com\/shop\/wp-json\/wp\/v2\/product_tag?post=40698"}],"curies":[{"name":"wp","href":"https:\/\/api.w.org\/{rel}","templated":true}]}}