{"id":40943,"date":"2022-03-01T10:32:42","date_gmt":"2022-03-01T08:32:42","guid":{"rendered":"https:\/\/galicianparts.com\/shop\/producto\/51804561-cableado-faros-antiniebla-traseros-fiat-grande-punto-2005-2009-original\/"},"modified":"2022-09-02T13:05:33","modified_gmt":"2022-09-02T11:05:33","slug":"51804561-cableado-faros-antiniebla-traseros-fiat-grande-punto-2005-2009-original","status":"publish","type":"product","link":"https:\/\/galicianparts.com\/shop\/producto\/51804561-cableado-faros-antiniebla-traseros-fiat-grande-punto-2005-2009-original\/","title":{"rendered":"51804561 Cableado faros antiniebla traseros Fiat Grande Punto (2005-2009) ORIGINAL"},"content":{"rendered":"<p>Instalaci\u00f3n el\u00e9ctrica de los faros antiniebla y luz de marcha atr\u00e1s del parachoques trasero de:<br \/>\nFIAT &#8211; 2Y GRANDE PUNTO (2005-2008) LUZ DE MARCHA ATR\u00c1S SUPLEMENTARIA<br \/>\nFIAT &#8211; 4C GRANDE PUNTO (2008-2009) LUZ DE MARCHA ATR\u00c1S SUPLEMENTARIA<\/p>\n<p>LA PIEZA ES NUEVA Y ORIGINAL.<\/p>\n","protected":false},"excerpt":{"rendered":"<p>Instalaci\u00f3n el\u00e9ctrica de los faros antiniebla y luz de marcha atr\u00e1s del parachoques trasero de: FIAT &#8211; 2Y GRANDE PUNTO (2005-2008) LUZ DE MARCHA ATR\u00c1S SUPLEMENTARIA FIAT &#8211; 4C GRANDE PUNTO (2008-2009) LUZ DE MARCHA ATR\u00c1S SUPLEMENTARIA LA PIEZA ES NUEVA Y ORIGINAL.<\/p>\n","protected":false},"featured_media":40947,"template":"","meta":{"_seopress_robots_primary_cat":"","_seopress_titles_title":"","_seopress_titles_desc":"","_seopress_robots_index":""},"product_cat":[20,92],"product_tag":[],"class_list":{"0":"post-40943","1":"product","2":"type-product","3":"status-publish","4":"has-post-thumbnail","6":"product_cat-recambios-fiat","7":"product_cat-recambios-fiat-grande-punto","9":"first","10":"outofstock","11":"taxable","12":"shipping-taxable","13":"purchasable","14":"product-type-simple"},"_links":{"self":[{"href":"https:\/\/galicianparts.com\/shop\/wp-json\/wp\/v2\/product\/40943"}],"collection":[{"href":"https:\/\/galicianparts.com\/shop\/wp-json\/wp\/v2\/product"}],"about":[{"href":"https:\/\/galicianparts.com\/shop\/wp-json\/wp\/v2\/types\/product"}],"wp:featuredmedia":[{"embeddable":true,"href":"https:\/\/galicianparts.com\/shop\/wp-json\/wp\/v2\/media\/40947"}],"wp:attachment":[{"href":"https:\/\/galicianparts.com\/shop\/wp-json\/wp\/v2\/media?parent=40943"}],"wp:term":[{"taxonomy":"product_cat","embeddable":true,"href":"https:\/\/galicianparts.com\/shop\/wp-json\/wp\/v2\/product_cat?post=40943"},{"taxonomy":"product_tag","embeddable":true,"href":"https:\/\/galicianparts.com\/shop\/wp-json\/wp\/v2\/product_tag?post=40943"}],"curies":[{"name":"wp","href":"https:\/\/api.w.org\/{rel}","templated":true}]}}