{"id":40985,"date":"2022-03-01T13:03:59","date_gmt":"2022-03-01T11:03:59","guid":{"rendered":"https:\/\/galicianparts.com\/shop\/producto\/9653522780-tensor-de-correa-auxiliar-fiat-ducato-scudo-citroen-peugeot-original\/"},"modified":"2022-03-18T20:54:22","modified_gmt":"2022-03-18T18:54:22","slug":"9653522780-tensor-de-correa-auxiliar-fiat-ducato-scudo-citroen-peugeot-original","status":"publish","type":"product","link":"https:\/\/galicianparts.com\/shop\/producto\/9653522780-tensor-de-correa-auxiliar-fiat-ducato-scudo-citroen-peugeot-original\/","title":{"rendered":"9653522780 Tensor de correa auxiliar Fiat Ducato \/ Scudo \/ Citro\u00ebn \/ Peugeot ORIGINAL"},"content":{"rendered":"<p>Polea tensora de la correa de instrumentos de:<br \/>\nDi\u00e1metro: 60mm.<br \/>\nCITRO\u00cbN Jumpy I MPV<br \/>\n1.9 D 70, A\u00f1o 04.1998 &#8211; 11.2003, 1868 , 69<br \/>\nCITRO\u00cbN Berlingo \/ Berlingo First I Furg\u00f3n (M)<br \/>\n1.9 D 70, A\u00f1o 04.1999 &#8211; 12.2011, 1868 , 69<br \/>\n1.9 D 70 4WD, A\u00f1o 07.1998 &#8211; 03.2006, 1868 , 69<br \/>\nCITRO\u00cbN Berlingo \/ Berlingo First I (MF, GJK, GFK)<br \/>\n1.9 D, A\u00f1o 07.1998 &#8211; 10.2005, 1868 , 70<br \/>\n1.9 D 4WD, A\u00f1o 07.1998 &#8211; 10.2005, 1868 , 69<br \/>\nCITRO\u00cbN Xsara (N1)<br \/>\n1.9 D, A\u00f1o 07.1998 &#8211; 03.2005, 1868 , 70<br \/>\nCITRO\u00cbN Xsara Coup\u00e9 (N0)<br \/>\n1.9 D, A\u00f1o 02.1999 &#8211; 03.2005, 1868 , 70<br \/>\nCITRO\u00cbN Jumpy I Furg\u00f3n<br \/>\n1.9 D 70, A\u00f1o 04.1998 &#8211; 10.2006, 1868 , 69<br \/>\nCITRO\u00cbN Jumper I (244)<br \/>\n2.0 HDi, A\u00f1o 04.2002 &#8211; &#8230;, 1997 , 84<br \/>\n2.2 HDi, A\u00f1o 04.2002 &#8211; &#8230;, 2179 , 101<br \/>\nFIAT Scudo I (220)<br \/>\n1.9 D, A\u00f1o 04.1998 &#8211; 12.2006, 1868 , 69<br \/>\n1.9 TD, A\u00f1o 02.1996 &#8211; 12.2006, 1905 , 92<br \/>\nFIAT Ducato II (244)<br \/>\n2.0 JTD, A\u00f1o 04.2002 &#8211; &#8230;, 1997 , 84<br \/>\nPEUGEOT 306<br \/>\n1.9 D, A\u00f1o 09.1998 &#8211; 05.2001, 1868 , 69<br \/>\nPEUGEOT Expert I (224)<br \/>\n1.9 D, A\u00f1o 12.2003 &#8211; 12.2006, 1868 , 69<br \/>\nPEUGEOT Boxer Furg\u00f3n (230)<br \/>\n2.0 HDI, A\u00f1o 08.2001 &#8211; 04.2002, 1997 , 84<br \/>\nPEUGEOT Partner I<br \/>\n1.9 D, A\u00f1o 06.1996 &#8211; 12.2015, 1868 , 69<br \/>\nPEUGEOT 206 (2A\/C)<br \/>\n1.9 D, A\u00f1o 09.1998 &#8211; 11.2001, 1868 , 69<br \/>\nPEUGEOT 307 (3A\/C)<br \/>\n2.0 HDi 110, A\u00f1o 08.2000 &#8211; 03.2007, 1997 , 107<br \/>\n2.0 HDi 90, A\u00f1o 08.2000 &#8211; 03.2007, 1997 , 90<\/p>\n<p>LA PIEZA ES NUEVA Y ORIGINAL.<\/p>\n","protected":false},"excerpt":{"rendered":"<p>Polea tensora de la correa de instrumentos de: Di\u00e1metro: 60mm. CITRO\u00cbN Jumpy I MPV 1.9 D 70, A\u00f1o 04.1998 &#8211; 11.2003, 1868 , 69 CITRO\u00cbN Berlingo \/ Berlingo First I Furg\u00f3n (M) 1.9 D 70, A\u00f1o 04.1999 &#8211; 12.2011, 1868 , 69 1.9 D 70 4WD, A\u00f1o 07.1998 &#8211; 03.2006, 1868 , 69 CITRO\u00cbN Berlingo [&hellip;]<\/p>\n","protected":false},"featured_media":40990,"template":"","meta":{"_seopress_robots_primary_cat":"","_seopress_titles_title":"","_seopress_titles_desc":"","_seopress_robots_index":""},"product_cat":[146,147,148,129,155,23,88,156,20,137,138,158,24,104,143],"product_tag":[],"class_list":{"0":"post-40985","1":"product","2":"type-product","3":"status-publish","4":"has-post-thumbnail","6":"product_cat-recambios-peugeot-206","7":"product_cat-recambios-peugeot-306","8":"product_cat-recambios-peugeot-307","9":"product_cat-recambios-citroen-berlingo","10":"product_cat-recambios-peugeot-boxer","11":"product_cat-recambios-citroen","12":"product_cat-recambios-fiat-ducato","13":"product_cat-recambios-peugeot-expert","14":"product_cat-recambios-fiat","15":"product_cat-recambios-citroen-jumper","16":"product_cat-recambios-citroen-jumpy","17":"product_cat-recambios-peugeot-partner","18":"product_cat-recambios-peugeot","19":"product_cat-recambios-fiat-scudo","20":"product_cat-recambios-citroen-xsara","22":"first","23":"outofstock","24":"taxable","25":"shipping-taxable","26":"purchasable","27":"product-type-simple"},"_links":{"self":[{"href":"https:\/\/galicianparts.com\/shop\/wp-json\/wp\/v2\/product\/40985"}],"collection":[{"href":"https:\/\/galicianparts.com\/shop\/wp-json\/wp\/v2\/product"}],"about":[{"href":"https:\/\/galicianparts.com\/shop\/wp-json\/wp\/v2\/types\/product"}],"wp:featuredmedia":[{"embeddable":true,"href":"https:\/\/galicianparts.com\/shop\/wp-json\/wp\/v2\/media\/40990"}],"wp:attachment":[{"href":"https:\/\/galicianparts.com\/shop\/wp-json\/wp\/v2\/media?parent=40985"}],"wp:term":[{"taxonomy":"product_cat","embeddable":true,"href":"https:\/\/galicianparts.com\/shop\/wp-json\/wp\/v2\/product_cat?post=40985"},{"taxonomy":"product_tag","embeddable":true,"href":"https:\/\/galicianparts.com\/shop\/wp-json\/wp\/v2\/product_tag?post=40985"}],"curies":[{"name":"wp","href":"https:\/\/api.w.org\/{rel}","templated":true}]}}