{"id":41113,"date":"2022-03-02T14:01:15","date_gmt":"2022-03-02T12:01:15","guid":{"rendered":"https:\/\/galicianparts.com\/shop\/producto\/9659808280-pack-3-tornillos-m6x14mm-brida-ciguenal-fiat-ducato-06-14-citroen-peugeot-original\/"},"modified":"2022-03-02T14:06:57","modified_gmt":"2022-03-02T12:06:57","slug":"9659808280-pack-3-tornillos-m6x14mm-brida-ciguenal-fiat-ducato-06-14-citroen-peugeot-original","status":"publish","type":"product","link":"https:\/\/galicianparts.com\/shop\/producto\/9659808280-pack-3-tornillos-m6x14mm-brida-ciguenal-fiat-ducato-06-14-citroen-peugeot-original\/","title":{"rendered":"9659808280 Pack 3 tornillos M6X14mm brida cig\u00fce\u00f1al Fiat Ducato (06-14) Citroen \/ Peugeot ORIGINAL"},"content":{"rendered":"<p>9675440180 Juego, set de tres tornillos de la tapa del cig\u00fce\u00f1al de:<br \/>\nLongitud: 14mm<br \/>\nM\u00e9trica: 6<\/p>\n<p>FIAT PROFESSIONAL &#8211; 2J NUOVO DUCATO 2006 (2006-2014) 100 CV.<br \/>\nCITROEN &#8211; JUMPER<br \/>\nPEUGEOT &#8211; BOXER<\/p>\n<p>LA PIEZA ES NUEVA Y ORIGINAL.<\/p>\n","protected":false},"excerpt":{"rendered":"<p>9675440180 Juego, set de tres tornillos de la tapa del cig\u00fce\u00f1al de: Longitud: 14mm M\u00e9trica: 6 FIAT PROFESSIONAL &#8211; 2J NUOVO DUCATO 2006 (2006-2014) 100 CV. CITROEN &#8211; JUMPER PEUGEOT &#8211; BOXER LA PIEZA ES NUEVA Y ORIGINAL.<\/p>\n","protected":false},"featured_media":41120,"template":"","meta":{"_seopress_robots_primary_cat":"","_seopress_titles_title":"","_seopress_titles_desc":"","_seopress_robots_index":""},"product_cat":[155,23,88,20,137,24],"product_tag":[],"class_list":{"0":"post-41113","1":"product","2":"type-product","3":"status-publish","4":"has-post-thumbnail","6":"product_cat-recambios-peugeot-boxer","7":"product_cat-recambios-citroen","8":"product_cat-recambios-fiat-ducato","9":"product_cat-recambios-fiat","10":"product_cat-recambios-citroen-jumper","11":"product_cat-recambios-peugeot","13":"first","14":"instock","15":"taxable","16":"shipping-taxable","17":"purchasable","18":"product-type-simple"},"_links":{"self":[{"href":"https:\/\/galicianparts.com\/shop\/wp-json\/wp\/v2\/product\/41113"}],"collection":[{"href":"https:\/\/galicianparts.com\/shop\/wp-json\/wp\/v2\/product"}],"about":[{"href":"https:\/\/galicianparts.com\/shop\/wp-json\/wp\/v2\/types\/product"}],"wp:featuredmedia":[{"embeddable":true,"href":"https:\/\/galicianparts.com\/shop\/wp-json\/wp\/v2\/media\/41120"}],"wp:attachment":[{"href":"https:\/\/galicianparts.com\/shop\/wp-json\/wp\/v2\/media?parent=41113"}],"wp:term":[{"taxonomy":"product_cat","embeddable":true,"href":"https:\/\/galicianparts.com\/shop\/wp-json\/wp\/v2\/product_cat?post=41113"},{"taxonomy":"product_tag","embeddable":true,"href":"https:\/\/galicianparts.com\/shop\/wp-json\/wp\/v2\/product_tag?post=41113"}],"curies":[{"name":"wp","href":"https:\/\/api.w.org\/{rel}","templated":true}]}}