{"id":41470,"date":"2022-03-08T12:01:37","date_gmt":"2022-03-08T10:01:37","guid":{"rendered":"https:\/\/galicianparts.com\/shop\/producto\/46797489-cable-electrico-asiento-calefactable-fiat-stilo-2001-2007-nuevo-original\/"},"modified":"2022-03-08T12:04:35","modified_gmt":"2022-03-08T10:04:35","slug":"46797489-cable-electrico-asiento-calefactable-fiat-stilo-2001-2007-nuevo-original","status":"publish","type":"product","link":"https:\/\/galicianparts.com\/shop\/producto\/46797489-cable-electrico-asiento-calefactable-fiat-stilo-2001-2007-nuevo-original\/","title":{"rendered":"46797489 Cable el\u00e9ctrico asiento calefactable Fiat Stilo (2001-2007) NUEVO ORIGINAL"},"content":{"rendered":"<p>Instalaci\u00f3n el\u00e9ctrica de los asientos delanteros calefactables de:<br \/>\nFIAT &#8211; 2C STILO BZ\/DS (2001-2003) HEATED FRONT SEATS \/ 3 PUERTAS<br \/>\nFIAT &#8211; 2C STILO BZ\/DS (2001-2003) HEATED FRONT SEATS \/ 5 PUERTAS<br \/>\nFIAT &#8211; 2C STILO BZ\/DS (2001-2003) HEATED FRONT SEATS \/ 3 PUERTAS<br \/>\nFIAT &#8211; 2C STILO BZ\/DS (2001-2003) HEATED FRONT SEATS \/ 5 PUERTAS<br \/>\nFIAT &#8211; 2V STILO F.L.L. 2003 (2003-2007) HEATED FRONT SEATS \/ 3 PUERTAS<br \/>\nFIAT &#8211; 2V STILO F.L.L. 2003 (2003-2007) HEATED FRONT SEATS \/ 5 PUERTAS<br \/>\nFIAT &#8211; 2V STILO F.L.L. 2003 (2003-2007) HEATED FRONT SEATS \/ 3 PUERTAS<br \/>\nFIAT &#8211; 2V STILO F.L.L. 2003 (2003-2007) HEATED FRONT SEATS \/ 5 PUERTAS<\/p>\n<p>LA PIEZA ES NUEVA Y ORIGINAL.<\/p>\n","protected":false},"excerpt":{"rendered":"<p>Instalaci\u00f3n el\u00e9ctrica de los asientos delanteros calefactables de: FIAT &#8211; 2C STILO BZ\/DS (2001-2003) HEATED FRONT SEATS \/ 3 PUERTAS FIAT &#8211; 2C STILO BZ\/DS (2001-2003) HEATED FRONT SEATS \/ 5 PUERTAS FIAT &#8211; 2C STILO BZ\/DS (2001-2003) HEATED FRONT SEATS \/ 3 PUERTAS FIAT &#8211; 2C STILO BZ\/DS (2001-2003) HEATED FRONT SEATS \/ 5 [&hellip;]<\/p>\n","protected":false},"featured_media":41474,"template":"","meta":{"_seopress_robots_primary_cat":"","_seopress_titles_title":"","_seopress_titles_desc":"","_seopress_robots_index":""},"product_cat":[20,108],"product_tag":[],"class_list":{"0":"post-41470","1":"product","2":"type-product","3":"status-publish","4":"has-post-thumbnail","6":"product_cat-recambios-fiat","7":"product_cat-recambios-fiat-stilo","9":"first","10":"instock","11":"taxable","12":"shipping-taxable","13":"purchasable","14":"product-type-simple"},"_links":{"self":[{"href":"https:\/\/galicianparts.com\/shop\/wp-json\/wp\/v2\/product\/41470"}],"collection":[{"href":"https:\/\/galicianparts.com\/shop\/wp-json\/wp\/v2\/product"}],"about":[{"href":"https:\/\/galicianparts.com\/shop\/wp-json\/wp\/v2\/types\/product"}],"wp:featuredmedia":[{"embeddable":true,"href":"https:\/\/galicianparts.com\/shop\/wp-json\/wp\/v2\/media\/41474"}],"wp:attachment":[{"href":"https:\/\/galicianparts.com\/shop\/wp-json\/wp\/v2\/media?parent=41470"}],"wp:term":[{"taxonomy":"product_cat","embeddable":true,"href":"https:\/\/galicianparts.com\/shop\/wp-json\/wp\/v2\/product_cat?post=41470"},{"taxonomy":"product_tag","embeddable":true,"href":"https:\/\/galicianparts.com\/shop\/wp-json\/wp\/v2\/product_tag?post=41470"}],"curies":[{"name":"wp","href":"https:\/\/api.w.org\/{rel}","templated":true}]}}