{"id":41574,"date":"2022-03-08T19:39:51","date_gmt":"2022-03-08T17:39:51","guid":{"rendered":"https:\/\/galicianparts.com\/shop\/producto\/5994907-faro-delantero-der-fiat-ducato-82-90-citroen-c25-peugeot-j5-alfa-nuevo-original\/"},"modified":"2024-05-17T11:04:23","modified_gmt":"2024-05-17T09:04:23","slug":"5994907-faro-delantero-der-fiat-ducato-82-90-citroen-c25-peugeot-j5-alfa-nuevo-original","status":"publish","type":"product","link":"https:\/\/galicianparts.com\/shop\/producto\/5994907-faro-delantero-der-fiat-ducato-82-90-citroen-c25-peugeot-j5-alfa-nuevo-original\/","title":{"rendered":"5994907 Faro delantero der. Fiat Ducato (82-90) Citro\u00ebn C25 \/Peugeot J5 \/Alfa ORIGINAL SIEM"},"content":{"rendered":"<p>Faro delantero derecho de bombilla H4 de:<br \/>\nFIAT Ducato I (280)<br \/>\n1.8, A\u00f1o 01.1982 &#8211; 10.1988, 1783 ccm, 67 cv<br \/>\n1.9 D, A\u00f1o 01.1988 &#8211; 08.1990, 1929 ccm, 71 cv<br \/>\n1.9 TD, A\u00f1o 03.1989 &#8211; 08.1990, 1929 ccm, 82 cv<br \/>\n2.0, A\u00f1o 07.1985 &#8211; 08.1990, 1971 ccm, 75 cv<br \/>\n2.0, A\u00f1o 01.1982 &#8211; 08.1990, 1971 ccm, 79 cv<br \/>\n2.0, A\u00f1o 03.1989 &#8211; 08.1990, 1971 ccm, 84 cv<br \/>\n2.4 D, A\u00f1o 01.1982 &#8211; 08.1990, 2428 ccm, 72 cv<br \/>\n2.5 D, A\u00f1o 01.1982 &#8211; 08.1990, 2500 ccm, 75 cv<br \/>\n2.5 D 4&#215;4, A\u00f1o 03.1989 &#8211; 08.1990, 2500 ccm, 75 cv<br \/>\nFIAT Talento Furg\u00f3n (290)<br \/>\n1.9 D, A\u00f1o 03.1989 &#8211; 03.1994, 1929 ccm, 71 cv<br \/>\n2.0, A\u00f1o 03.1989 &#8211; 03.1994, 1971 ccm, 75 cv<\/p>\n<p>CITRO\u00cbN C25 Furg\u00f3n<br \/>\n2.0 E, A\u00f1o 09.1981 &#8211; 03.1994, 1971 ccm, 79 cv<\/p>\n<p>PEUGEOT J5 (280)<br \/>\n1.8, A\u00f1o 01.1983 &#8211; 11.1988, 1796 ccm, 69 cv<br \/>\n2.0, A\u00f1o 09.1987 &#8211; 08.1990, 1971 ccm, 75 cv<br \/>\n2.0, A\u00f1o 09.1981 &#8211; 08.1990, 1971 ccm, 79 cv<br \/>\n2.5 DT, A\u00f1o 09.1981 &#8211; 08.1990, 2498 ccm, 95 cv<\/p>\n<p>ALFA ROMEO AR6 Bus (280)<br \/>\n1.9 D (280), A\u00f1o 04.1985 &#8211; 12.1989, 1929 ccm, 69 cv<\/p>\n<p>LA PIEZA ES NUEVA Y ORIGINAL SIEM.<\/p>\n","protected":false},"excerpt":{"rendered":"<p>Faro delantero derecho de bombilla H4 de: FIAT Ducato I (280) 1.8, A\u00f1o 01.1982 &#8211; 10.1988, 1783 ccm, 67 cv 1.9 D, A\u00f1o 01.1988 &#8211; 08.1990, 1929 ccm, 71 cv 1.9 TD, A\u00f1o 03.1989 &#8211; 08.1990, 1929 ccm, 82 cv 2.0, A\u00f1o 07.1985 &#8211; 08.1990, 1971 ccm, 75 cv 2.0, A\u00f1o 01.1982 &#8211; 08.1990, 1971 [&hellip;]<\/p>\n","protected":false},"featured_media":41575,"template":"","meta":{"_seopress_robots_primary_cat":"","_seopress_titles_title":"","_seopress_titles_desc":"","_seopress_robots_index":""},"product_cat":[16,184,132,23,88,20,157,24],"product_tag":[],"class_list":{"0":"post-41574","1":"product","2":"type-product","3":"status-publish","4":"has-post-thumbnail","6":"product_cat-recambios-alfa-romeo","7":"product_cat-recambios-alfa-romeo-ar6","8":"product_cat-recambios-citroen-c25","9":"product_cat-recambios-citroen","10":"product_cat-recambios-fiat-ducato","11":"product_cat-recambios-fiat","12":"product_cat-recambios-peugeot-j5","13":"product_cat-recambios-peugeot","15":"first","16":"outofstock","17":"taxable","18":"shipping-taxable","19":"purchasable","20":"product-type-simple"},"_links":{"self":[{"href":"https:\/\/galicianparts.com\/shop\/wp-json\/wp\/v2\/product\/41574"}],"collection":[{"href":"https:\/\/galicianparts.com\/shop\/wp-json\/wp\/v2\/product"}],"about":[{"href":"https:\/\/galicianparts.com\/shop\/wp-json\/wp\/v2\/types\/product"}],"wp:featuredmedia":[{"embeddable":true,"href":"https:\/\/galicianparts.com\/shop\/wp-json\/wp\/v2\/media\/41575"}],"wp:attachment":[{"href":"https:\/\/galicianparts.com\/shop\/wp-json\/wp\/v2\/media?parent=41574"}],"wp:term":[{"taxonomy":"product_cat","embeddable":true,"href":"https:\/\/galicianparts.com\/shop\/wp-json\/wp\/v2\/product_cat?post=41574"},{"taxonomy":"product_tag","embeddable":true,"href":"https:\/\/galicianparts.com\/shop\/wp-json\/wp\/v2\/product_tag?post=41574"}],"curies":[{"name":"wp","href":"https:\/\/api.w.org\/{rel}","templated":true}]}}